{"id":1442,"date":"2026-01-20T12:08:23","date_gmt":"2026-01-20T12:08:23","guid":{"rendered":"https:\/\/bonuskongcasino.com\/app-2\/"},"modified":"2026-03-25T12:17:33","modified_gmt":"2026-03-25T12:17:33","slug":"app","status":"publish","type":"page","link":"https:\/\/bet-samuro.org\/de\/app\/","title":{"rendered":"App"},"content":{"rendered":"<h1>Betsamuro App: Mobile Casino Spiele<\/h1>\n<p>Eine moderne Website ohne mobile Version ist kaum vorstellbar. Und unser Online-Casino bildet hier keine Ausnahme. F\u00fcr alle registrierten Nutzer bieten wir die Betsamuro App f\u00fcr Android und iOS an. Du kannst jedes moderne Ger\u00e4t wie ein Smartphone oder Tablet verwenden. Alle Funktionen und Spiele passen sich dank innovativer Touch-Steuerungsfunktionen perfekt an die Bildschirmgr\u00f6\u00dfe an.<\/p>\n<div class=\"banner-wrap\" aria-label=\"Banner\"><img src=\"https:\/\/bet-samuro.org\/wp-content\/uploads\/2026\/03\/banner-desktop.webp\" class=\"w-100 d-none d-lg-block img-pc main-banner-img\" alt=\"betsamuro bonus desktop\" fetchpriority=\"high\" decoding=\"async\"><img src=\"https:\/\/bet-samuro.org\/wp-content\/uploads\/2026\/03\/banner-mobile.webp\" class=\"w-100 d-none d-md-block d-lg-none main-banner-img\" alt=\"betsamuro bonus mobile\" fetchpriority=\"high\" decoding=\"async\"><img src=\"https:\/\/bet-samuro.org\/wp-content\/uploads\/2026\/03\/banner-mobile.webp\" class=\"w-100 d-md-none\" alt=\"betsamuro bonus mobile\" fetchpriority=\"high\" decoding=\"async\"><div class=\"banner-description\">\n<div class=\"banner-title\">Willkommensboni<\/div>\n<p class=\"banner-header-title\">1500 \u20ac<\/p>\n<div class=\"banner-header-AdditionalText\">+ 250 Freispiele<\/div>\n<button data-item=\"homepage_banner_link\" class=\"goto m-button m-gradient-border m-button--primary m-button--large banner-button btn-orange\">\n            <div class=\"m-button-content\">\n                <span>Jetzt anmelden<\/span>\n                <span><\/span>\n            <\/div>\n        <\/button>\n<\/div>\n<div class=\"WelcomePack\">\n<p><img loading=\"lazy\" decoding=\"async\" class=\"alignnone size-full wp-image-1838\" src=\"https:\/\/bet-samuro.org\/wp-content\/uploads\/2026\/03\/welcome-crown.png\" alt=\"crown\" width=\"25\" height=\"26\" \/><\/p>\n<div class=\"WelcomePack-Info\">W\u00f6chentlicher Cashback von bis zu 25 %<\/div>\n<p><img loading=\"lazy\" decoding=\"async\" class=\"alignnone size-full wp-image-1838\" src=\"https:\/\/bet-samuro.org\/wp-content\/uploads\/2026\/03\/welcome-crown.png\" alt=\"crown\" width=\"25\" height=\"26\" \/><\/p>\n<\/div>\n<\/div>\n<h2>Betsamuro Mobile Plattform<\/h2>\n<p>Wir schr\u00e4nken unsere Spieler nicht ein und bieten ihnen mehrere M\u00f6glichkeiten, unsere Plattform zu nutzen. Wenn Sie es vorziehen, unterwegs online zu bleiben, haben Sie bei Betsamuro Casino zwei Hauptoptionen: die Browser-Version und eine eigene App. Beide lassen Sie in das volle Spielerlebnis eintauchen. Das bedeutet, dass Ihnen die gesamte Sammlung mit \u00fcber 6.000 Titeln, darunter Online-Slots, Tischspiele, Live-Dealer-Optionen und vieles mehr, zur Verf\u00fcgung steht.<\/p>\n<p>Sie m\u00fcssen ein registrierter Kunde sein, um die Betsamuro App nutzen zu k\u00f6nnen. Wenn Sie jedoch noch kein Konto haben, k\u00f6nnen Sie dieses direkt in unserer mobilen Casino-Version erstellen. Der Vorgang ist derselbe wie auf einem Desktop-Computer. Nachdem Sie sich auf verschiedenen Ger\u00e4ten bei demselben Konto angemeldet haben, werden Ihre Erfolge und Ihr Guthaben synchronisiert.<\/p>\n<p>Unsere App ist sehr praktisch und benutzerfreundlich. In der folgenden Tabelle findest du weitere Informationen zu den Vorteilen, die dir das Spielen auf einem Mobilger\u00e4t bietet.<\/p>\n<table>\n<tbody>\n<tr>\n<td>Funktion<\/td>\n<td>Bedeutung<\/td>\n<td>Warum das wichtig ist<\/td>\n<\/tr>\n<tr>\n<td>Kein Download erforderlich<\/td>\n<td>Sie k\u00f6nnen das Casino sofort \u00fcber Ihren Browser aufrufen und es als Verkn\u00fcpfung auf Ihrem Startbildschirm speichern<\/td>\n<td>Das spart Speicherplatz und umgeht die Einschr\u00e4nkungen des App-Stores<\/td>\n<\/tr>\n<tr>\n<td>Schnelle Ladezeiten<\/td>\n<td>Spiele und Seiten \u00f6ffnen sich schnell, selbst bei einer langsameren Internetverbindung<\/td>\n<td>Dieser Faktor verk\u00fcrzt die Wartezeit und verbessert das Gesamterlebnis<\/td>\n<\/tr>\n<tr>\n<td>F\u00fcr Mobilger\u00e4te optimiertes Design<\/td>\n<td>Unsere App l\u00e4uft reibungslos auf deinem Smartphone, Tablet oder Desktop<\/td>\n<td>Nutzer k\u00f6nnen unterwegs oder zu Hause ohne Probleme spielen<\/td>\n<\/tr>\n<tr>\n<td>Push-Benachrichtigungen<\/td>\n<td>Sie erhalten Updates zu Boni, Aktionen oder anderen Neuigkeiten<\/td>\n<td>So bleiben Sie auf dem Laufenden, ohne st\u00e4ndig die entsprechenden Seiten \u00fcberpr\u00fcfen zu m\u00fcssen<\/td>\n<\/tr>\n<tr>\n<td>Bequeme Zahlungsabwicklung<\/td>\n<td>Einfache Ein- und Auszahlungen k\u00f6nnen direkt in der App abgewickelt werden<\/td>\n<td>Spieler verwalten ihr Guthaben einfach und schnell, ohne das Ger\u00e4t wechseln zu m\u00fcssen<\/td>\n<\/tr>\n<\/tbody>\n<\/table>\n<p><div class=\"scrollable-content-wrap my-5\"><div class=\"scrollable-content-inner\"><h2>Betsamuro Casino Mobile App f\u00fcr Android<\/h2>\n<p>Alle Bet Samuro Android Nutzer k\u00f6nnen die mobile App ganz einfach installieren und alle besten Funktionen unseres Online-Casinos genie\u00dfen. Sie m\u00fcssen sich keine Gedanken \u00fcber die Erstellung eines Kontos bei Google Play oder einem anderen App-Store machen. Die mobile Software ist eine Progressive Web App (PWA). Sie ist ressourcenschonend und beansprucht nur wenig Speicherplatz auf Ihrem Ger\u00e4t. Wir raten dringend davon ab, unbekannte Betsamuro Casino APK-Dateien herunterzuladen, da diese f\u00fcr Ihr Smartphone oder Tablet gef\u00e4hrlich sein k\u00f6nnen.<\/p>\n<p>Wenn Sie flexibler sein und mit einem Klick auf unsere Plattform zugreifen m\u00f6chten, befolgen Sie bitte unsere Installationsanleitung unten:<\/p>\n<ol>\n<li>Rufen Sie die Betsamuro-Website in Ihrem bevorzugten mobilen Browser auf, zum Beispiel Google Chrome.<\/li>\n<li>Klicken Sie auf die Schaltfl\u00e4che \u201eMehr\u201c. Sie sieht aus wie drei Punkte und befindet sich in der Ecke der Adressleiste.<\/li>\n<li>W\u00e4hlen Sie aus der Liste \u201eZum Startbildschirm hinzuf\u00fcgen\u201c und tippen Sie anschlie\u00dfend auf \u201eHinzuf\u00fcgen\u201c, um den Vorgang zu best\u00e4tigen.<\/li>\n<li>Sie k\u00f6nnen das App-Symbol antippen und gedr\u00fcckt halten, um es zu verschieben und an der gew\u00fcnschten Stelle auf Ihrem Bildschirm zu platzieren.<\/li>\n<\/ol>\n<p><img loading=\"lazy\" decoding=\"async\" class=\"alignnone size-full wp-image-1934\" src=\"https:\/\/bet-samuro.org\/wp-content\/uploads\/2026\/03\/Betsamuro-Casino-for-Android.webp\" alt=\"Betsamuro Casino for Android\" width=\"1248\" height=\"536\" srcset=\"https:\/\/bet-samuro.org\/wp-content\/uploads\/2026\/03\/Betsamuro-Casino-for-Android.webp 1248w, https:\/\/bet-samuro.org\/wp-content\/uploads\/2026\/03\/Betsamuro-Casino-for-Android-300x129.webp 300w, https:\/\/bet-samuro.org\/wp-content\/uploads\/2026\/03\/Betsamuro-Casino-for-Android-1024x440.webp 1024w, https:\/\/bet-samuro.org\/wp-content\/uploads\/2026\/03\/Betsamuro-Casino-for-Android-768x330.webp 768w\" sizes=\"auto, (max-width: 1248px) 100vw, 1248px\" \/><\/p>\n<\/div><\/div><div style=\"clear: both\"><\/div><div class=\"d-flex justify-content-center\"><button data-item=\"decouvrez_link\" data-group=\"website_links\" class=\"goto fw-bold rounded-pill btn btn-orange\" aria-label=\"Laden Sie die Betsamuro-App herunter\" >Laden Sie die Betsamuro-App herunter<\/button><\/div><div class=\"scrollable-content-wrap my-5\"><div class=\"scrollable-content-inner\"><h2>Betsamuro Casino Mobile App f\u00fcr iOS<\/h2>\n<p>Wenn Sie ein iPhone- oder iPad-Besitzer sind, stehen Ihnen auf unserer Plattform dieselben M\u00f6glichkeiten offen wie allen anderen. Nutzer k\u00f6nnen ganz einfach \u00fcber jeden beliebigen Browser auf die Betsamuro-Website zugreifen. Dort k\u00f6nnen Sie alle Spiele, Boni, Zahlungsmethoden und den Kundenservice nutzen. Wenn Sie bereits unsere PC-Version genutzt haben, werden Ihnen das Design und die Navigation vertraut sein.<\/p>\n<p>Dar\u00fcber hinaus bieten wir eine Betsamuro App f\u00fcr iOS an. Die Installation dauert nur wenige Minuten. Wir garantieren, dass unsere mobile Software absolut sicher ist. Innovative TLS-Verschl\u00fcsselung sorgt daf\u00fcr, dass alle Ihre pers\u00f6nlichen und finanziellen Daten vor unbefugtem Zugriff gesch\u00fctzt sind. Als zus\u00e4tzliche Sicherheitsma\u00dfnahme k\u00f6nnen alle Mitglieder von Betsamuro Casino die Zwei-Faktor-Authentifizierung auf ihren Ger\u00e4ten aktivieren.<\/p>\n<p><img loading=\"lazy\" decoding=\"async\" class=\"alignnone size-full wp-image-1942\" src=\"https:\/\/bet-samuro.org\/wp-content\/uploads\/2026\/03\/Betsamuro-Casino-for-iOS.webp\" alt=\"Betsamuro Casino for iOS\" width=\"1248\" height=\"536\" srcset=\"https:\/\/bet-samuro.org\/wp-content\/uploads\/2026\/03\/Betsamuro-Casino-for-iOS.webp 1248w, https:\/\/bet-samuro.org\/wp-content\/uploads\/2026\/03\/Betsamuro-Casino-for-iOS-300x129.webp 300w, https:\/\/bet-samuro.org\/wp-content\/uploads\/2026\/03\/Betsamuro-Casino-for-iOS-1024x440.webp 1024w, https:\/\/bet-samuro.org\/wp-content\/uploads\/2026\/03\/Betsamuro-Casino-for-iOS-768x330.webp 768w\" sizes=\"auto, (max-width: 1248px) 100vw, 1248px\" \/><\/p>\n<\/div><\/div><div style=\"clear: both\"><\/div><div class=\"d-flex justify-content-center\"><button data-item=\"decouvrez_link\" data-group=\"website_links\" class=\"goto fw-bold rounded-pill btn btn-orange\" aria-label=\"Betsamuro herunterladen\" >Betsamuro herunterladen<\/button><\/div><div class=\"scrollable-content-wrap my-5\"><div class=\"scrollable-content-inner\"><h2>Windows- &amp; macOS-App Downloads<\/h2>\n<p>Die klassische Option, Betsamuro auf Ihrem Desktop zu nutzen, steht weiterhin allen zur Verf\u00fcgung. Alle macOS- und Windows-Ger\u00e4te sind mit unserer Website kompatibel. Die Benutzeroberfl\u00e4che passt sich schnell an die Bildschirmaufl\u00f6sung und -gr\u00f6\u00dfe an. Wenn Sie einen schnelleren Zugriff ben\u00f6tigen und das Suchen im Browser vermeiden m\u00f6chten, k\u00f6nnen Sie ein Verkn\u00fcpfungssymbol installieren. Klicken Sie einfach auf die Schaltfl\u00e4che \u201eZum Startbildschirm hinzuf\u00fcgen\u201c, wenn Sie die Betsamuro-Seite von einem PC aus besuchen.<\/p>\n<p>Wir beschr\u00e4nken unsere Nutzer nicht auf ein bestimmtes Ger\u00e4t oder eine bestimmte Plattform. Deshalb k\u00f6nnen Sie in jeder Situation die f\u00fcr Sie bequemste Option w\u00e4hlen. Die wichtigste Regel lautet, nicht mehrere Ger\u00e4te gleichzeitig zu verwenden.<\/p>\n<p><img loading=\"lazy\" decoding=\"async\" class=\"alignnone size-full wp-image-1926\" src=\"https:\/\/bet-samuro.org\/wp-content\/uploads\/2026\/03\/Betsamuro-Application-for-PC.webp\" alt=\"Betsamuro Application for PC\" width=\"1248\" height=\"536\" srcset=\"https:\/\/bet-samuro.org\/wp-content\/uploads\/2026\/03\/Betsamuro-Application-for-PC.webp 1248w, https:\/\/bet-samuro.org\/wp-content\/uploads\/2026\/03\/Betsamuro-Application-for-PC-300x129.webp 300w, https:\/\/bet-samuro.org\/wp-content\/uploads\/2026\/03\/Betsamuro-Application-for-PC-1024x440.webp 1024w, https:\/\/bet-samuro.org\/wp-content\/uploads\/2026\/03\/Betsamuro-Application-for-PC-768x330.webp 768w\" sizes=\"auto, (max-width: 1248px) 100vw, 1248px\" \/><\/p>\n<\/div><\/div><div style=\"clear: both\"><\/div><div class=\"d-flex justify-content-center\"><button data-item=\"decouvrez_link\" data-group=\"website_links\" class=\"goto fw-bold rounded-pill btn btn-orange\" aria-label=\"Laden Sie die Betsamuro-App herunter\" >Laden Sie die Betsamuro-App herunter<\/button><\/div><div class=\"scrollable-content-wrap my-5\"><div class=\"scrollable-content-inner\"><h2>H\u00e4ufig gestellte Fragen<\/h2>\n<h3>Sollte ich mich bei der Bet Samuro App mit demselben Konto anmelden, das ich auf dem PC verwende?<\/h3>\n<p>Nur so k\u00f6nnen Sie unser Online-Casino auf einem mobilen Ger\u00e4t nutzen. Die Regeln von Bet Samuro Casino sehen vor, dass jeder Spieler nur ein Konto haben darf. Sobald Sie sich angemeldet haben, wird alles ger\u00e4te\u00fcbergreifend synchronisiert.<\/p>\n<h3>Kann ich den Verifizierungsprozess \u00fcber die mobile Version abschlie\u00dfen?<\/h3>\n<p>Wenn du die erste Auszahlung von einem mobilen Ger\u00e4t aus vornimmst, musst du den Verifizierungsprozess auch dort abschlie\u00dfen. Das Verfahren ist dasselbe wie auf dem PC. Spieler m\u00fcssen Kopien ihrer pers\u00f6nlichen Dokumente auf die Plattform hochladen, um ihre Identit\u00e4t, ihr Alter und die Inhaberschaft des Zahlungskontos zu best\u00e4tigen.<\/p>\n<h3>Ist die App in Google Play oder im App Store verf\u00fcgbar?<\/h3>\n<p>Betsamuro-Kunden k\u00f6nnen die App mit wenigen Klicks direkt von der Website installieren. Sie ben\u00f6tigen lediglich ein mobiles Ger\u00e4t und eine stabile Internetverbindung. Sie ist derzeit nicht in App-Stores erh\u00e4ltlich.<\/p>\n<\/div><\/div><\/p>\n","protected":false},"excerpt":{"rendered":"<p>Betsamuro App: Mobile Casino Spiele Eine moderne Website ohne mobile Version ist kaum vorstellbar. Und unser Online-Casino bildet hier keine Ausnahme. F\u00fcr alle registrierten Nutzer bieten wir die Betsamuro App f\u00fcr Android und iOS an. Du kannst jedes moderne Ger\u00e4t wie ein Smartphone oder Tablet verwenden. Alle Funktionen und Spiele passen sich dank innovativer Touch-Steuerungsfunktionen [&hellip;]<\/p>\n","protected":false},"author":1,"featured_media":0,"parent":0,"menu_order":0,"comment_status":"closed","ping_status":"closed","template":"template-builder.php","meta":{"_acf_changed":false,"inline_featured_image":false,"footnotes":""},"class_list":["post-1442","page","type-page","status-publish","hentry"],"acf":[],"yoast_head":"<!-- This site is optimized with the Yoast SEO plugin v27.3 - https:\/\/yoast.com\/product\/yoast-seo-wordpress\/ -->\n<title>Betsamuro Casino App Download | iOS, Android &amp; Desktop<\/title>\n<meta name=\"description\" content=\"Betsamuro Casino App \u2013 lade die App f\u00fcr iOS, Android und Desktop herunter, um Slots, Tischspiele und Live-Casino \u00fcberall zu spielen. Genie\u00dfe reibungslose Leistung und vollen Kontozugriff mit Bet Samuro.\" \/>\n<meta name=\"robots\" content=\"index, follow, max-snippet:-1, max-image-preview:large, max-video-preview:-1\" \/>\n<link rel=\"canonical\" href=\"https:\/\/bet-samuro.org\/de\/app\/\" \/>\n<meta property=\"og:locale\" content=\"de_DE\" \/>\n<meta property=\"og:type\" content=\"article\" \/>\n<meta property=\"og:title\" content=\"Betsamuro Casino App Download | iOS, Android &amp; Desktop\" \/>\n<meta property=\"og:description\" content=\"Betsamuro Casino App \u2013 lade die App f\u00fcr iOS, Android und Desktop herunter, um Slots, Tischspiele und Live-Casino \u00fcberall zu spielen. Genie\u00dfe reibungslose Leistung und vollen Kontozugriff mit Bet Samuro.\" \/>\n<meta property=\"og:url\" content=\"https:\/\/bet-samuro.org\/de\/app\/\" \/>\n<meta property=\"og:site_name\" content=\"betsamuro\" \/>\n<meta property=\"article:modified_time\" content=\"2026-03-25T12:17:33+00:00\" \/>\n<meta name=\"twitter:card\" content=\"summary_large_image\" \/>\n<meta name=\"twitter:label1\" content=\"Gesch\u00e4tzte Lesezeit\" \/>\n\t<meta name=\"twitter:data1\" content=\"2\u00a0Minuten\" \/>\n<script type=\"application\/ld+json\" class=\"yoast-schema-graph\">{\"@context\":\"https:\\\/\\\/schema.org\",\"@graph\":[{\"@type\":\"WebPage\",\"@id\":\"https:\\\/\\\/bet-samuro.org\\\/de\\\/app\\\/\",\"url\":\"https:\\\/\\\/bet-samuro.org\\\/de\\\/app\\\/\",\"name\":\"Betsamuro Casino App Download | iOS, Android & Desktop\",\"isPartOf\":{\"@id\":\"https:\\\/\\\/bet-samuro.org\\\/de\\\/#website\"},\"datePublished\":\"2026-01-20T12:08:23+00:00\",\"dateModified\":\"2026-03-25T12:17:33+00:00\",\"description\":\"Betsamuro Casino App \u2013 lade die App f\u00fcr iOS, Android und Desktop herunter, um Slots, Tischspiele und Live-Casino \u00fcberall zu spielen. Genie\u00dfe reibungslose Leistung und vollen Kontozugriff mit Bet Samuro.\",\"breadcrumb\":{\"@id\":\"https:\\\/\\\/bet-samuro.org\\\/de\\\/app\\\/#breadcrumb\"},\"inLanguage\":\"de\",\"potentialAction\":[{\"@type\":\"ReadAction\",\"target\":[\"https:\\\/\\\/bet-samuro.org\\\/de\\\/app\\\/\"]}]},{\"@type\":\"BreadcrumbList\",\"@id\":\"https:\\\/\\\/bet-samuro.org\\\/de\\\/app\\\/#breadcrumb\",\"itemListElement\":[{\"@type\":\"ListItem\",\"position\":1,\"name\":\"Betsamuro\",\"item\":\"https:\\\/\\\/bet-samuro.org\\\/de\\\/\"},{\"@type\":\"ListItem\",\"position\":2,\"name\":\"App\"}]},{\"@type\":\"WebSite\",\"@id\":\"https:\\\/\\\/bet-samuro.org\\\/de\\\/#website\",\"url\":\"https:\\\/\\\/bet-samuro.org\\\/de\\\/\",\"name\":\"Betsamuro\",\"description\":\"\",\"publisher\":{\"@id\":\"https:\\\/\\\/bet-samuro.org\\\/de\\\/#organization\"},\"potentialAction\":[{\"@type\":\"SearchAction\",\"target\":{\"@type\":\"EntryPoint\",\"urlTemplate\":\"https:\\\/\\\/bet-samuro.org\\\/de\\\/?s={search_term_string}\"},\"query-input\":{\"@type\":\"PropertyValueSpecification\",\"valueRequired\":true,\"valueName\":\"search_term_string\"}}],\"inLanguage\":\"de\"},{\"@type\":\"Organization\",\"@id\":\"https:\\\/\\\/bet-samuro.org\\\/de\\\/#organization\",\"name\":\"Betsamuro\",\"url\":\"https:\\\/\\\/bet-samuro.org\\\/de\\\/\",\"logo\":{\"@type\":\"ImageObject\",\"inLanguage\":\"de\",\"@id\":\"https:\\\/\\\/bet-samuro.org\\\/de\\\/#\\\/schema\\\/logo\\\/image\\\/\",\"url\":\"https:\\\/\\\/bet-samuro.org\\\/wp-content\\\/uploads\\\/2026\\\/03\\\/betsamuro-logo.png\",\"contentUrl\":\"https:\\\/\\\/bet-samuro.org\\\/wp-content\\\/uploads\\\/2026\\\/03\\\/betsamuro-logo.png\",\"width\":150,\"height\":29,\"caption\":\"Betsamuro\"},\"image\":{\"@id\":\"https:\\\/\\\/bet-samuro.org\\\/de\\\/#\\\/schema\\\/logo\\\/image\\\/\"}}]}<\/script>\n<!-- \/ Yoast SEO plugin. -->","yoast_head_json":{"title":"Betsamuro Casino App Download | iOS, Android & Desktop","description":"Betsamuro Casino App \u2013 lade die App f\u00fcr iOS, Android und Desktop herunter, um Slots, Tischspiele und Live-Casino \u00fcberall zu spielen. Genie\u00dfe reibungslose Leistung und vollen Kontozugriff mit Bet Samuro.","robots":{"index":"index","follow":"follow","max-snippet":"max-snippet:-1","max-image-preview":"max-image-preview:large","max-video-preview":"max-video-preview:-1"},"canonical":"https:\/\/bet-samuro.org\/de\/app\/","og_locale":"de_DE","og_type":"article","og_title":"Betsamuro Casino App Download | iOS, Android & Desktop","og_description":"Betsamuro Casino App \u2013 lade die App f\u00fcr iOS, Android und Desktop herunter, um Slots, Tischspiele und Live-Casino \u00fcberall zu spielen. Genie\u00dfe reibungslose Leistung und vollen Kontozugriff mit Bet Samuro.","og_url":"https:\/\/bet-samuro.org\/de\/app\/","og_site_name":"betsamuro","article_modified_time":"2026-03-25T12:17:33+00:00","twitter_card":"summary_large_image","twitter_misc":{"Gesch\u00e4tzte Lesezeit":"2\u00a0Minuten"},"schema":{"@context":"https:\/\/schema.org","@graph":[{"@type":"WebPage","@id":"https:\/\/bet-samuro.org\/de\/app\/","url":"https:\/\/bet-samuro.org\/de\/app\/","name":"Betsamuro Casino App Download | iOS, Android & Desktop","isPartOf":{"@id":"https:\/\/bet-samuro.org\/de\/#website"},"datePublished":"2026-01-20T12:08:23+00:00","dateModified":"2026-03-25T12:17:33+00:00","description":"Betsamuro Casino App \u2013 lade die App f\u00fcr iOS, Android und Desktop herunter, um Slots, Tischspiele und Live-Casino \u00fcberall zu spielen. Genie\u00dfe reibungslose Leistung und vollen Kontozugriff mit Bet Samuro.","breadcrumb":{"@id":"https:\/\/bet-samuro.org\/de\/app\/#breadcrumb"},"inLanguage":"de","potentialAction":[{"@type":"ReadAction","target":["https:\/\/bet-samuro.org\/de\/app\/"]}]},{"@type":"BreadcrumbList","@id":"https:\/\/bet-samuro.org\/de\/app\/#breadcrumb","itemListElement":[{"@type":"ListItem","position":1,"name":"Betsamuro","item":"https:\/\/bet-samuro.org\/de\/"},{"@type":"ListItem","position":2,"name":"App"}]},{"@type":"WebSite","@id":"https:\/\/bet-samuro.org\/de\/#website","url":"https:\/\/bet-samuro.org\/de\/","name":"Betsamuro","description":"","publisher":{"@id":"https:\/\/bet-samuro.org\/de\/#organization"},"potentialAction":[{"@type":"SearchAction","target":{"@type":"EntryPoint","urlTemplate":"https:\/\/bet-samuro.org\/de\/?s={search_term_string}"},"query-input":{"@type":"PropertyValueSpecification","valueRequired":true,"valueName":"search_term_string"}}],"inLanguage":"de"},{"@type":"Organization","@id":"https:\/\/bet-samuro.org\/de\/#organization","name":"Betsamuro","url":"https:\/\/bet-samuro.org\/de\/","logo":{"@type":"ImageObject","inLanguage":"de","@id":"https:\/\/bet-samuro.org\/de\/#\/schema\/logo\/image\/","url":"https:\/\/bet-samuro.org\/wp-content\/uploads\/2026\/03\/betsamuro-logo.png","contentUrl":"https:\/\/bet-samuro.org\/wp-content\/uploads\/2026\/03\/betsamuro-logo.png","width":150,"height":29,"caption":"Betsamuro"},"image":{"@id":"https:\/\/bet-samuro.org\/de\/#\/schema\/logo\/image\/"}}]}},"_links":{"self":[{"href":"https:\/\/bet-samuro.org\/de\/wp-json\/wp\/v2\/pages\/1442","targetHints":{"allow":["GET"]}}],"collection":[{"href":"https:\/\/bet-samuro.org\/de\/wp-json\/wp\/v2\/pages"}],"about":[{"href":"https:\/\/bet-samuro.org\/de\/wp-json\/wp\/v2\/types\/page"}],"author":[{"embeddable":true,"href":"https:\/\/bet-samuro.org\/de\/wp-json\/wp\/v2\/users\/1"}],"replies":[{"embeddable":true,"href":"https:\/\/bet-samuro.org\/de\/wp-json\/wp\/v2\/comments?post=1442"}],"version-history":[{"count":3,"href":"https:\/\/bet-samuro.org\/de\/wp-json\/wp\/v2\/pages\/1442\/revisions"}],"predecessor-version":[{"id":2046,"href":"https:\/\/bet-samuro.org\/de\/wp-json\/wp\/v2\/pages\/1442\/revisions\/2046"}],"wp:attachment":[{"href":"https:\/\/bet-samuro.org\/de\/wp-json\/wp\/v2\/media?parent=1442"}],"curies":[{"name":"wp","href":"https:\/\/api.w.org\/{rel}","templated":true}]}}