{"id":1483,"date":"2026-01-20T12:11:11","date_gmt":"2026-01-20T12:11:11","guid":{"rendered":"https:\/\/bonuskongcasino.com\/login-and-registration\/"},"modified":"2026-03-25T12:20:37","modified_gmt":"2026-03-25T12:20:37","slug":"anmeldung-und-registrierung","status":"publish","type":"page","link":"https:\/\/bet-samuro.org\/de\/anmeldung-und-registrierung\/","title":{"rendered":"Anmeldung und Registrierung"},"content":{"rendered":"<h1>Betsamuro-Anmeldung<\/h1>\n<p>Wir bieten allen Nutzern, die vollj\u00e4hrig sind (18 Jahre oder \u00e4lter), die M\u00f6glichkeit, den einfachen Betsamuro Login Vorgang abzuschlie\u00dfen. In wenigen Schritten erhalten Sie Zugriff auf alle verf\u00fcgbaren Spiele, Zahlungen und nat\u00fcrlich Ihre Gewinne. Das Willkommenspaket wird automatisch gutgeschrieben, nachdem Sie ein Konto erstellt und die erste Einzahlung get\u00e4tigt haben.<\/p>\n<p><div class=\"banner-wrap\" aria-label=\"Banner\"><img src=\"https:\/\/bet-samuro.org\/wp-content\/uploads\/2026\/03\/banner-desktop.webp\" class=\"w-100 d-none d-lg-block img-pc main-banner-img\" alt=\"betsamuro bonus desktop\" fetchpriority=\"high\" decoding=\"async\"><img src=\"https:\/\/bet-samuro.org\/wp-content\/uploads\/2026\/03\/banner-mobile.webp\" class=\"w-100 d-none d-md-block d-lg-none main-banner-img\" alt=\"betsamuro bonus mobile\" fetchpriority=\"high\" decoding=\"async\"><img src=\"https:\/\/bet-samuro.org\/wp-content\/uploads\/2026\/03\/banner-mobile.webp\" class=\"w-100 d-md-none\" alt=\"betsamuro bonus mobile\" fetchpriority=\"high\" decoding=\"async\"><div class=\"banner-description\">\n<div class=\"banner-title\">Willkommensboni<\/div>\n<p class=\"banner-header-title\">1500 \u20ac<\/p>\n<div class=\"banner-header-AdditionalText\">+ 250 Freispiele<\/div>\n<button data-item=\"homepage_banner_link\" class=\"goto m-button m-gradient-border m-button--primary m-button--large banner-button btn-orange\">\n            <div class=\"m-button-content\">\n                <span>Jetzt anmelden<\/span>\n                <span><\/span>\n            <\/div>\n        <\/button>\n<\/div>\n<div class=\"WelcomePack\">\n<p><img loading=\"lazy\" decoding=\"async\" class=\"alignnone size-full wp-image-1838\" src=\"https:\/\/bet-samuro.org\/wp-content\/uploads\/2026\/03\/welcome-crown.png\" alt=\"crown\" width=\"25\" height=\"26\" \/><\/p>\n<div class=\"WelcomePack-Info\">W\u00f6chentlicher Cashback von bis zu 25 %<\/div>\n<p><img loading=\"lazy\" decoding=\"async\" class=\"alignnone size-full wp-image-1838\" src=\"https:\/\/bet-samuro.org\/wp-content\/uploads\/2026\/03\/welcome-crown.png\" alt=\"crown\" width=\"25\" height=\"26\" \/><\/p>\n<\/div>\n<\/div><div class=\"scrollable-content-wrap my-5\"><div class=\"scrollable-content-inner\"><h2>Betsamuro Registrierungsverfahren<\/h2>\n<p>Die Registrierung bei Bet Samuro Casino ist einfach und dauert nur wenige Minuten. Wir gestatten jedem Spieler nur ein einziges Konto auf unserer Plattform. Falls Sie noch dar\u00fcber nachdenken, ob es eine gute Idee ist, uns Ihre pers\u00f6nlichen Daten mitzuteilen, m\u00f6chten wir Sie davon \u00fcberzeugen, dass alles absolut sicher ist. Auf unserer Plattform verwenden wir eine 1.3 TLS-Verschl\u00fcsselung, und alle Ihre Anmeldeaktivit\u00e4ten bei Betsamuro werden \u00fcberwacht, um Betrug zu verhindern.<\/p>\n<p>Wenn Sie bereit sind, um echtes Geld zu spielen und unsere Boni und Aktionen zu nutzen, befolgen Sie bitte die folgenden Registrierungsschritte:<\/p>\n<ol>\n<li>Benutzer m\u00fcssen zum Registrierungsformular gelangen, indem sie auf die Schaltfl\u00e4che in der oberen rechten Ecke der Hauptseite klicken.<\/li>\n<li>Sie m\u00fcssen das Formular mit einer g\u00fcltigen E-Mail-Adresse und einem sicheren Passwort ausf\u00fcllen.<\/li>\n<li>Jeder neue Spieler muss die K\u00e4stchen ankreuzen, um sein Alter zu best\u00e4tigen und die Regeln von Betsamuro zu akzeptieren.<\/li>\n<li>Nachdem Sie alles noch einmal \u00fcberpr\u00fcft haben, klicken Sie auf die Schaltfl\u00e4che am Ende des Formulars, um die Registrierung abzuschlie\u00dfen.<\/li>\n<\/ol>\n<h2>Anmeldeverfahren bei Betsamuro<\/h2>\n<p>F\u00fcr diejenigen, die bereits ein Konto haben, ist es noch einfacher, da Sie nur den Betsamuro-Anmeldevorgang durchlaufen m\u00fcssen. Hier m\u00fcssen Sie die pers\u00f6nlichen Daten eingeben, die Sie bei der Registrierung verwendet haben. Sollten Sie Probleme beim Zugriff auf Ihr Profil haben, empfehlen wir Ihnen, sich \u00fcber den Live-Chat oder per E-Mail an unser mehrsprachiges Support-Team zu wenden.<\/p>\n<p>Sollten Spieler ihr Passwort vergessen haben, k\u00f6nnen sie die spezielle Funktion zum Zur\u00fccksetzen nutzen. Klicken Sie einfach auf den Link \u201ePasswort vergessen?\u201c im Betsamuro-Anmeldeformular, und wir senden Ihnen die Anweisungen per E-Mail zu.<\/p>\n<h3>Autorisierung der Betsamuro App<\/h3>\n<p>Wir schr\u00e4nken Sie nicht ein, welches Ger\u00e4t Sie verwenden, um auf Ihr Konto zuzugreifen und Ihre Lieblingsspiele zu spielen. Wenn Sie ein Smartphone oder Tablet bevorzugen, haben wir zwei L\u00f6sungen f\u00fcr Sie: eine mobile Browser-Version oder eine eigene App. Egal, f\u00fcr welche Sie sich entscheiden, Sie m\u00fcssen auf die Schaltfl\u00e4che \u201eAnmelden\u201c klicken und Ihre Anmeldedaten f\u00fcr das Betsamuro Casino eingeben. Der Vorteil eines Mobilger\u00e4ts besteht darin, dass Sie biometrische Funktionen (Face ID, Touch ID) nutzen k\u00f6nnen, um auf Ihr Konto zuzugreifen \u2013 das ist sicher und schneller.<\/p>\n<p><img loading=\"lazy\" decoding=\"async\" class=\"alignnone size-full wp-image-1950\" src=\"https:\/\/bet-samuro.org\/wp-content\/uploads\/2026\/03\/Betsamuro-Login-Page.webp\" alt=\"Betsamuro Login Page\" width=\"1248\" height=\"536\" srcset=\"https:\/\/bet-samuro.org\/wp-content\/uploads\/2026\/03\/Betsamuro-Login-Page.webp 1248w, https:\/\/bet-samuro.org\/wp-content\/uploads\/2026\/03\/Betsamuro-Login-Page-300x129.webp 300w, https:\/\/bet-samuro.org\/wp-content\/uploads\/2026\/03\/Betsamuro-Login-Page-1024x440.webp 1024w, https:\/\/bet-samuro.org\/wp-content\/uploads\/2026\/03\/Betsamuro-Login-Page-768x330.webp 768w\" sizes=\"auto, (max-width: 1248px) 100vw, 1248px\" \/><\/p>\n<h2>Sitzungsverwaltung<\/h2>\n<p>Wenn du ein Konto bei Betsamuro Casino erstellst, erh\u00e4ltst du au\u00dferdem Zugriff auf viele n\u00fctzliche Funktionen in deinem pers\u00f6nlichen Profil. So kannst du beispielsweise jederzeit deine pers\u00f6nlichen oder finanziellen Daten \u00e4ndern. Dar\u00fcber hinaus kannst du den Anmeldeverlauf einsehen und Sitzungen auf Ger\u00e4ten beenden, die du nicht mehr nutzt.<\/p>\n<p>Es gibt auch Situationen, in denen wir Ihr Konto sperren oder aussetzen k\u00f6nnen. Aber keine Sorge, es gibt immer eine L\u00f6sung. In der folgenden Tabelle finden Sie weitere Informationen dazu, was in schwierigen Situationen bei Bet Samuro zu tun ist.<\/p>\n<table>\n<tbody>\n<tr>\n<td>Ausl\u00f6ser<\/td>\n<td>Was passiert<\/td>\n<td>Was Sie tun sollten<\/td>\n<\/tr>\n<tr>\n<td>Mehrere fehlgeschlagene Anmeldeversuche<\/td>\n<td>Vor\u00fcbergehende Kontosperrung oder Captcha erforderlich<\/td>\n<td>Warten Sie einige Minuten oder setzen Sie Ihr Passwort bei Bedarf zur\u00fcck<\/td>\n<\/tr>\n<tr>\n<td>Ungew\u00f6hnlicher Standort<\/td>\n<td>Die Sitzung wird unterbrochen oder zur \u00dcberpr\u00fcfung markiert<\/td>\n<td>Sie m\u00fcssen Ihre Identit\u00e4t best\u00e4tigen oder die Verwendung eines VPN vermeiden<\/td>\n<\/tr>\n<tr>\n<td>Lange Inaktivit\u00e4t<\/td>\n<td>Automatische Abmeldung von Ihrem Konto<\/td>\n<td>Melden Sie sich einfach erneut an, um das Spiel fortzusetzen<\/td>\n<\/tr>\n<tr>\n<td>Gleichzeitige Anmeldungen<\/td>\n<td>Eine Sitzung wird beendet<\/td>\n<td>Verwenden Sie jeweils nur ein Ger\u00e4t<\/td>\n<\/tr>\n<tr>\n<td>Verd\u00e4chtige Aktivit\u00e4ten (z. B. schnelle Eins\u00e4tze, ungew\u00f6hnliches Verhalten)<\/td>\n<td>Das Konto wird vor\u00fcbergehend gesperrt<\/td>\n<td>Benutzer m\u00fcssen den Support kontaktieren, wenn sie glauben, dass es sich um einen Fehler handelt<\/td>\n<\/tr>\n<tr>\n<td>Passwort\u00e4nderung<\/td>\n<td>Alle aktiven Sitzungen werden beendet<\/td>\n<td>Melden Sie sich erneut mit Ihrem neuen Passwort an<\/td>\n<\/tr>\n<\/tbody>\n<\/table>\n<h2>FAQ<\/h2>\n<h3>Ist die Zwei-Faktor-Authentifizierung f\u00fcr alle Ger\u00e4te verf\u00fcgbar?<\/h3>\n<p>Benutzer k\u00f6nnen die Zwei-Faktor-Authentifizierung aktivieren, und sie funktioniert auf allen Ger\u00e4ten. Bei jeder Anmeldung m\u00fcssen Sie eine Identit\u00e4tspr\u00fcfung \u00fcber eine spezielle App durchf\u00fchren. Das ist eine zus\u00e4tzliche Schutzebene f\u00fcr Ihr Betsamuro Casino Profil.<\/p>\n<h3>Wie kann ich mein Bet Samuro Konto schlie\u00dfen oder vor\u00fcbergehend sperren?<\/h3>\n<p>Wenn Sie eine Spielpause einlegen m\u00f6chten, sollten Sie sich an unseren Kundensupport wenden. Unsere Mitarbeiter helfen Ihnen bei der Schlie\u00dfung oder vor\u00fcbergehenden Sperrung des Kontos. Sie erkl\u00e4ren Ihnen auch, wie Sie die Plattform wieder nutzen k\u00f6nnen.<\/p>\n<h3>Ist die Identit\u00e4tspr\u00fcfung f\u00fcr alle Auszahlungen obligatorisch?<\/h3>\n<p>Alle Betsamuro-Kunden m\u00fcssen den Verifizierungsprozess vor ihrer ersten Auszahlung auf der Plattform abschlie\u00dfen. Das Verfahren umfasst das Hochladen von Dokumenten in das System. Sobald Ihr Konto verifiziert ist, gibt es f\u00fcr Sie keine weiteren Verz\u00f6gerungen.<\/p>\n<\/div><\/div><\/p>\n","protected":false},"excerpt":{"rendered":"<p>Betsamuro-Anmeldung Wir bieten allen Nutzern, die vollj\u00e4hrig sind (18 Jahre oder \u00e4lter), die M\u00f6glichkeit, den einfachen Betsamuro Login Vorgang abzuschlie\u00dfen. In wenigen Schritten erhalten Sie Zugriff auf alle verf\u00fcgbaren Spiele, Zahlungen und nat\u00fcrlich Ihre Gewinne. Das Willkommenspaket wird automatisch gutgeschrieben, nachdem Sie ein Konto erstellt und die erste Einzahlung get\u00e4tigt haben.<\/p>\n","protected":false},"author":1,"featured_media":0,"parent":0,"menu_order":0,"comment_status":"closed","ping_status":"closed","template":"template-builder.php","meta":{"_acf_changed":false,"inline_featured_image":false,"footnotes":""},"class_list":["post-1483","page","type-page","status-publish","hentry"],"acf":[],"yoast_head":"<!-- This site is optimized with the Yoast SEO plugin v27.3 - https:\/\/yoast.com\/product\/yoast-seo-wordpress\/ -->\n<title>Betsamuro Casino Login &amp; Registrierung | Sicherer Zugang<\/title>\n<meta name=\"description\" content=\"Betsamuro Casino Login \u2013 melde dich sicher an oder erstelle dein Konto in Sekunden mit verschl\u00fcsseltem Zugang und schneller Verifizierung. Verwalte Passwortwiederherstellung, Profileinstellungen und Kontofunktionen einfach bei Bet Samuro.\" \/>\n<meta name=\"robots\" content=\"index, follow, max-snippet:-1, max-image-preview:large, max-video-preview:-1\" \/>\n<link rel=\"canonical\" href=\"https:\/\/bet-samuro.org\/de\/anmeldung-und-registrierung\/\" \/>\n<meta property=\"og:locale\" content=\"de_DE\" \/>\n<meta property=\"og:type\" content=\"article\" \/>\n<meta property=\"og:title\" content=\"Betsamuro Casino Login &amp; Registrierung | Sicherer Zugang\" \/>\n<meta property=\"og:description\" content=\"Betsamuro Casino Login \u2013 melde dich sicher an oder erstelle dein Konto in Sekunden mit verschl\u00fcsseltem Zugang und schneller Verifizierung. Verwalte Passwortwiederherstellung, Profileinstellungen und Kontofunktionen einfach bei Bet Samuro.\" \/>\n<meta property=\"og:url\" content=\"https:\/\/bet-samuro.org\/de\/anmeldung-und-registrierung\/\" \/>\n<meta property=\"og:site_name\" content=\"betsamuro\" \/>\n<meta property=\"article:modified_time\" content=\"2026-03-25T12:20:37+00:00\" \/>\n<meta name=\"twitter:card\" content=\"summary_large_image\" \/>\n<meta name=\"twitter:label1\" content=\"Gesch\u00e4tzte Lesezeit\" \/>\n\t<meta name=\"twitter:data1\" content=\"1\u00a0Minute\" \/>\n<script type=\"application\/ld+json\" class=\"yoast-schema-graph\">{\"@context\":\"https:\\\/\\\/schema.org\",\"@graph\":[{\"@type\":\"WebPage\",\"@id\":\"https:\\\/\\\/bet-samuro.org\\\/de\\\/anmeldung-und-registrierung\\\/\",\"url\":\"https:\\\/\\\/bet-samuro.org\\\/de\\\/anmeldung-und-registrierung\\\/\",\"name\":\"Betsamuro Casino Login & Registrierung | Sicherer Zugang\",\"isPartOf\":{\"@id\":\"https:\\\/\\\/bet-samuro.org\\\/de\\\/#website\"},\"datePublished\":\"2026-01-20T12:11:11+00:00\",\"dateModified\":\"2026-03-25T12:20:37+00:00\",\"description\":\"Betsamuro Casino Login \u2013 melde dich sicher an oder erstelle dein Konto in Sekunden mit verschl\u00fcsseltem Zugang und schneller Verifizierung. Verwalte Passwortwiederherstellung, Profileinstellungen und Kontofunktionen einfach bei Bet Samuro.\",\"breadcrumb\":{\"@id\":\"https:\\\/\\\/bet-samuro.org\\\/de\\\/anmeldung-und-registrierung\\\/#breadcrumb\"},\"inLanguage\":\"de\",\"potentialAction\":[{\"@type\":\"ReadAction\",\"target\":[\"https:\\\/\\\/bet-samuro.org\\\/de\\\/anmeldung-und-registrierung\\\/\"]}]},{\"@type\":\"BreadcrumbList\",\"@id\":\"https:\\\/\\\/bet-samuro.org\\\/de\\\/anmeldung-und-registrierung\\\/#breadcrumb\",\"itemListElement\":[{\"@type\":\"ListItem\",\"position\":1,\"name\":\"Betsamuro\",\"item\":\"https:\\\/\\\/bet-samuro.org\\\/de\\\/\"},{\"@type\":\"ListItem\",\"position\":2,\"name\":\"Anmeldung und Registrierung\"}]},{\"@type\":\"WebSite\",\"@id\":\"https:\\\/\\\/bet-samuro.org\\\/de\\\/#website\",\"url\":\"https:\\\/\\\/bet-samuro.org\\\/de\\\/\",\"name\":\"Betsamuro\",\"description\":\"\",\"publisher\":{\"@id\":\"https:\\\/\\\/bet-samuro.org\\\/de\\\/#organization\"},\"potentialAction\":[{\"@type\":\"SearchAction\",\"target\":{\"@type\":\"EntryPoint\",\"urlTemplate\":\"https:\\\/\\\/bet-samuro.org\\\/de\\\/?s={search_term_string}\"},\"query-input\":{\"@type\":\"PropertyValueSpecification\",\"valueRequired\":true,\"valueName\":\"search_term_string\"}}],\"inLanguage\":\"de\"},{\"@type\":\"Organization\",\"@id\":\"https:\\\/\\\/bet-samuro.org\\\/de\\\/#organization\",\"name\":\"Betsamuro\",\"url\":\"https:\\\/\\\/bet-samuro.org\\\/de\\\/\",\"logo\":{\"@type\":\"ImageObject\",\"inLanguage\":\"de\",\"@id\":\"https:\\\/\\\/bet-samuro.org\\\/de\\\/#\\\/schema\\\/logo\\\/image\\\/\",\"url\":\"https:\\\/\\\/bet-samuro.org\\\/wp-content\\\/uploads\\\/2026\\\/03\\\/betsamuro-logo.png\",\"contentUrl\":\"https:\\\/\\\/bet-samuro.org\\\/wp-content\\\/uploads\\\/2026\\\/03\\\/betsamuro-logo.png\",\"width\":150,\"height\":29,\"caption\":\"Betsamuro\"},\"image\":{\"@id\":\"https:\\\/\\\/bet-samuro.org\\\/de\\\/#\\\/schema\\\/logo\\\/image\\\/\"}}]}<\/script>\n<!-- \/ Yoast SEO plugin. -->","yoast_head_json":{"title":"Betsamuro Casino Login & Registrierung | Sicherer Zugang","description":"Betsamuro Casino Login \u2013 melde dich sicher an oder erstelle dein Konto in Sekunden mit verschl\u00fcsseltem Zugang und schneller Verifizierung. Verwalte Passwortwiederherstellung, Profileinstellungen und Kontofunktionen einfach bei Bet Samuro.","robots":{"index":"index","follow":"follow","max-snippet":"max-snippet:-1","max-image-preview":"max-image-preview:large","max-video-preview":"max-video-preview:-1"},"canonical":"https:\/\/bet-samuro.org\/de\/anmeldung-und-registrierung\/","og_locale":"de_DE","og_type":"article","og_title":"Betsamuro Casino Login & Registrierung | Sicherer Zugang","og_description":"Betsamuro Casino Login \u2013 melde dich sicher an oder erstelle dein Konto in Sekunden mit verschl\u00fcsseltem Zugang und schneller Verifizierung. Verwalte Passwortwiederherstellung, Profileinstellungen und Kontofunktionen einfach bei Bet Samuro.","og_url":"https:\/\/bet-samuro.org\/de\/anmeldung-und-registrierung\/","og_site_name":"betsamuro","article_modified_time":"2026-03-25T12:20:37+00:00","twitter_card":"summary_large_image","twitter_misc":{"Gesch\u00e4tzte Lesezeit":"1\u00a0Minute"},"schema":{"@context":"https:\/\/schema.org","@graph":[{"@type":"WebPage","@id":"https:\/\/bet-samuro.org\/de\/anmeldung-und-registrierung\/","url":"https:\/\/bet-samuro.org\/de\/anmeldung-und-registrierung\/","name":"Betsamuro Casino Login & Registrierung | Sicherer Zugang","isPartOf":{"@id":"https:\/\/bet-samuro.org\/de\/#website"},"datePublished":"2026-01-20T12:11:11+00:00","dateModified":"2026-03-25T12:20:37+00:00","description":"Betsamuro Casino Login \u2013 melde dich sicher an oder erstelle dein Konto in Sekunden mit verschl\u00fcsseltem Zugang und schneller Verifizierung. Verwalte Passwortwiederherstellung, Profileinstellungen und Kontofunktionen einfach bei Bet Samuro.","breadcrumb":{"@id":"https:\/\/bet-samuro.org\/de\/anmeldung-und-registrierung\/#breadcrumb"},"inLanguage":"de","potentialAction":[{"@type":"ReadAction","target":["https:\/\/bet-samuro.org\/de\/anmeldung-und-registrierung\/"]}]},{"@type":"BreadcrumbList","@id":"https:\/\/bet-samuro.org\/de\/anmeldung-und-registrierung\/#breadcrumb","itemListElement":[{"@type":"ListItem","position":1,"name":"Betsamuro","item":"https:\/\/bet-samuro.org\/de\/"},{"@type":"ListItem","position":2,"name":"Anmeldung und Registrierung"}]},{"@type":"WebSite","@id":"https:\/\/bet-samuro.org\/de\/#website","url":"https:\/\/bet-samuro.org\/de\/","name":"Betsamuro","description":"","publisher":{"@id":"https:\/\/bet-samuro.org\/de\/#organization"},"potentialAction":[{"@type":"SearchAction","target":{"@type":"EntryPoint","urlTemplate":"https:\/\/bet-samuro.org\/de\/?s={search_term_string}"},"query-input":{"@type":"PropertyValueSpecification","valueRequired":true,"valueName":"search_term_string"}}],"inLanguage":"de"},{"@type":"Organization","@id":"https:\/\/bet-samuro.org\/de\/#organization","name":"Betsamuro","url":"https:\/\/bet-samuro.org\/de\/","logo":{"@type":"ImageObject","inLanguage":"de","@id":"https:\/\/bet-samuro.org\/de\/#\/schema\/logo\/image\/","url":"https:\/\/bet-samuro.org\/wp-content\/uploads\/2026\/03\/betsamuro-logo.png","contentUrl":"https:\/\/bet-samuro.org\/wp-content\/uploads\/2026\/03\/betsamuro-logo.png","width":150,"height":29,"caption":"Betsamuro"},"image":{"@id":"https:\/\/bet-samuro.org\/de\/#\/schema\/logo\/image\/"}}]}},"_links":{"self":[{"href":"https:\/\/bet-samuro.org\/de\/wp-json\/wp\/v2\/pages\/1483","targetHints":{"allow":["GET"]}}],"collection":[{"href":"https:\/\/bet-samuro.org\/de\/wp-json\/wp\/v2\/pages"}],"about":[{"href":"https:\/\/bet-samuro.org\/de\/wp-json\/wp\/v2\/types\/page"}],"author":[{"embeddable":true,"href":"https:\/\/bet-samuro.org\/de\/wp-json\/wp\/v2\/users\/1"}],"replies":[{"embeddable":true,"href":"https:\/\/bet-samuro.org\/de\/wp-json\/wp\/v2\/comments?post=1483"}],"version-history":[{"count":3,"href":"https:\/\/bet-samuro.org\/de\/wp-json\/wp\/v2\/pages\/1483\/revisions"}],"predecessor-version":[{"id":2048,"href":"https:\/\/bet-samuro.org\/de\/wp-json\/wp\/v2\/pages\/1483\/revisions\/2048"}],"wp:attachment":[{"href":"https:\/\/bet-samuro.org\/de\/wp-json\/wp\/v2\/media?parent=1483"}],"curies":[{"name":"wp","href":"https:\/\/api.w.org\/{rel}","templated":true}]}}