{"id":1449,"date":"2026-01-20T12:08:23","date_gmt":"2026-01-20T12:08:23","guid":{"rendered":"https:\/\/bonuskongcasino.com\/app-2\/"},"modified":"2026-03-25T13:43:30","modified_gmt":"2026-03-25T13:43:30","slug":"aplicacion","status":"publish","type":"page","link":"https:\/\/bet-samuro.org\/es\/aplicacion\/","title":{"rendered":"Aplicaci\u00f3n"},"content":{"rendered":"<h1>Aplicaci\u00f3n de Betsamuro: juegos de casino para m\u00f3vil<\/h1>\n<p>Es dif\u00edcil imaginar una p\u00e1gina web moderna sin una versi\u00f3n m\u00f3vil. Y nuestro casino online no es una excepci\u00f3n. Para todos los usuarios registrados de Espa\u00f1a, ofrecemos la Betsamuro App para Android e iOS. Puedes utilizar cualquier dispositivo moderno, como un smartphone o una tableta. Todas las funcionalidades y juegos se adaptar\u00e1n perfectamente al tama\u00f1o de la pantalla gracias a innovadoras funciones de control t\u00e1ctil.<\/p>\n<div class=\"banner-wrap\" aria-label=\"Banner\"><img src=\"https:\/\/bet-samuro.org\/wp-content\/uploads\/2026\/03\/banner-desktop.webp\" class=\"w-100 d-none d-lg-block img-pc main-banner-img\" alt=\"betsamuro bonus desktop\" fetchpriority=\"high\" decoding=\"async\"><img src=\"https:\/\/bet-samuro.org\/wp-content\/uploads\/2026\/03\/banner-mobile.webp\" class=\"w-100 d-none d-md-block d-lg-none main-banner-img\" alt=\"betsamuro bonus mobile\" fetchpriority=\"high\" decoding=\"async\"><img src=\"https:\/\/bet-samuro.org\/wp-content\/uploads\/2026\/03\/banner-mobile.webp\" class=\"w-100 d-md-none\" alt=\"betsamuro bonus mobile\" fetchpriority=\"high\" decoding=\"async\"><div class=\"banner-description\">\n<div class=\"banner-title\">Bonos de bienvenida<\/div>\n<p class=\"banner-header-title\">1500 \u20ac<\/p>\n<div class=\"banner-header-AdditionalText\">+ 250 Tiradas gratis<\/div>\n<button data-item=\"homepage_banner_link\" class=\"goto m-button m-gradient-border m-button--primary m-button--large banner-button btn-orange\">\n            <div class=\"m-button-content\">\n                <span>Reg\u00edstrate ahora<\/span>\n                <span><\/span>\n            <\/div>\n        <\/button>\n<\/div>\n<div class=\"WelcomePack\">\n<p><img loading=\"lazy\" decoding=\"async\" class=\"alignnone size-full wp-image-1842\" src=\"https:\/\/bet-samuro.org\/wp-content\/uploads\/2026\/03\/welcome-crown.png\" alt=\"crown\" width=\"25\" height=\"26\" \/><\/p>\n<div class=\"WelcomePack-Info\">Reembolso semanal de hasta el 25 %<\/div>\n<p><img loading=\"lazy\" decoding=\"async\" class=\"alignnone size-full wp-image-1842\" src=\"https:\/\/bet-samuro.org\/wp-content\/uploads\/2026\/03\/welcome-crown.png\" alt=\"crown\" width=\"25\" height=\"26\" \/><\/p>\n<\/div>\n<\/div>\n<h2>Plataforma m\u00f3vil de Betsamuro<\/h2>\n<p>No limitamos a nuestros jugadores y les ofrecemos m\u00faltiples formas de utilizar nuestra plataforma. Si prefieres estar conectado mientras te desplazas, tienes dos opciones principales para Betsamuro Casino: la versi\u00f3n para navegador y una aplicaci\u00f3n dedicada. Ambas te sumergir\u00e1n en una experiencia de juego completa. Esto significa que tendr\u00e1s a tu disposici\u00f3n toda la colecci\u00f3n con m\u00e1s de 6.000 t\u00edtulos, incluyendo tragamonedas online, juegos de mesa, opciones con crupier en vivo y mucho m\u00e1s.<\/p>\n<p>Debes ser un cliente registrado para utilizar la aplicaci\u00f3n de Betsamuro. Pero si a\u00fan no tienes una cuenta, puedes crearla directamente en nuestra versi\u00f3n de casino m\u00f3vil. El proceso es el mismo que en un ordenador. Tras iniciar sesi\u00f3n en la misma cuenta desde diferentes dispositivos, tus logros y saldo se sincronizar\u00e1n.<\/p>\n<p>Nuestra aplicaci\u00f3n es muy pr\u00e1ctica y f\u00e1cil de usar. En la tabla siguiente encontrar\u00e1s m\u00e1s informaci\u00f3n sobre las ventajas de jugar desde un dispositivo m\u00f3vil.<\/p>\n<table>\n<tbody>\n<tr>\n<td>Caracter\u00edstica<\/td>\n<td>Significado<\/td>\n<td>Por qu\u00e9 es importante<\/td>\n<\/tr>\n<tr>\n<td>No es necesario descargar nada<\/td>\n<td>Puedes acceder al casino al instante desde tu navegador y a\u00f1adirlo a tu pantalla de inicio como un icono de acceso directo<\/td>\n<td>Ahorra espacio de almacenamiento y evita las restricciones de la tienda de aplicaciones<\/td>\n<\/tr>\n<tr>\n<td>Velocidad de carga r\u00e1pida<\/td>\n<td>Los juegos y las p\u00e1ginas se abren r\u00e1pidamente, incluso con una conexi\u00f3n a Internet m\u00e1s lenta<\/td>\n<td>Este factor reduce el tiempo de espera y mejora la experiencia general<\/td>\n<\/tr>\n<tr>\n<td>Dise\u00f1o optimizado para m\u00f3viles<\/td>\n<td>Nuestra aplicaci\u00f3n funciona a la perfecci\u00f3n en tu tel\u00e9fono, tableta u ordenador<\/td>\n<td>Los usuarios pueden jugar sobre la marcha o en casa sin ning\u00fan problema<\/td>\n<\/tr>\n<tr>\n<td>Notificaciones push<\/td>\n<td>Puedes recibir actualizaciones sobre bonos, promociones o cualquier otra noticia<\/td>\n<td>Te ayudan a mantenerte informado sin tener que consultar constantemente las p\u00e1ginas correspondientes<\/td>\n<\/tr>\n<tr>\n<td>Comodidad en los pagos<\/td>\n<td>Los dep\u00f3sitos y retiros se pueden procesar f\u00e1cilmente directamente en la aplicaci\u00f3n<\/td>\n<td>Los jugadores gestionan sus fondos de forma sencilla y r\u00e1pida sin cambiar de dispositivo<\/td>\n<\/tr>\n<\/tbody>\n<\/table>\n<p><div class=\"scrollable-content-wrap my-5\"><div class=\"scrollable-content-inner\"><h2>Aplicaci\u00f3n m\u00f3vil de Betsamuro Casino para Android<\/h2>\n<p>Todos los usuarios de Bet Samuro con Android pueden instalar f\u00e1cilmente la aplicaci\u00f3n m\u00f3vil y disfrutar de todas las mejores funciones de nuestro casino online. No hay necesidad de preocuparse por crear una cuenta en Google Play ni en ninguna otra tienda de aplicaciones. El software m\u00f3vil es una aplicaci\u00f3n web progresiva (PWA). Es ligera y no ocupa mucho espacio de almacenamiento en tu dispositivo. Recomendamos encarecidamente evitar descargar cualquier archivo APK desconocido de Betsamuro Casino, ya que pueden ser peligrosos para tu smartphone o tableta.<\/p>\n<p>Si quieres tener m\u00e1s flexibilidad y acceder a nuestra plataforma con un solo clic, sigue nuestras instrucciones de instalaci\u00f3n a continuaci\u00f3n:<\/p>\n<ol>\n<li>Debes ir a la p\u00e1gina web de Betsamuro en tu navegador m\u00f3vil preferido, por ejemplo, Google Chrome.<\/li>\n<li>Es necesario hacer clic en el bot\u00f3n \u00abM\u00e1s\u00bb. Tiene el aspecto de tres puntos y se encuentra en la esquina de la barra de direcciones.<\/li>\n<li>Los usuarios deben seleccionar \u00abA\u00f1adir a la pantalla de inicio\u00bb en la lista y, a continuaci\u00f3n, pulsar \u00abA\u00f1adir\u00bb para confirmar la acci\u00f3n.<\/li>\n<li>Puedes mantener pulsado el icono de la aplicaci\u00f3n para moverlo y colocarlo en el lugar que desees en tu pantalla.<\/li>\n<\/ol>\n<p><img loading=\"lazy\" decoding=\"async\" class=\"alignnone size-full wp-image-1938\" src=\"https:\/\/bet-samuro.org\/wp-content\/uploads\/2026\/03\/Betsamuro-Casino-for-Android.webp\" alt=\"Betsamuro Casino for Android\" width=\"1248\" height=\"536\" srcset=\"https:\/\/bet-samuro.org\/wp-content\/uploads\/2026\/03\/Betsamuro-Casino-for-Android.webp 1248w, https:\/\/bet-samuro.org\/wp-content\/uploads\/2026\/03\/Betsamuro-Casino-for-Android-300x129.webp 300w, https:\/\/bet-samuro.org\/wp-content\/uploads\/2026\/03\/Betsamuro-Casino-for-Android-1024x440.webp 1024w, https:\/\/bet-samuro.org\/wp-content\/uploads\/2026\/03\/Betsamuro-Casino-for-Android-768x330.webp 768w\" sizes=\"auto, (max-width: 1248px) 100vw, 1248px\" \/><\/p>\n<\/div><\/div><div style=\"clear: both\"><\/div><div class=\"d-flex justify-content-center\"><button data-item=\"decouvrez_link\" data-group=\"website_links\" class=\"goto fw-bold rounded-pill btn btn-orange\" aria-label=\"Descarga la aplicaci\u00f3n Betsamuro\" >Descarga la aplicaci\u00f3n Betsamuro<\/button><\/div><div class=\"scrollable-content-wrap my-5\"><div class=\"scrollable-content-inner\"><h2>Aplicaci\u00f3n m\u00f3vil de Betsamuro Casino para iOS<\/h2>\n<p>Si tienes un iPhone o un iPad, disfrutar\u00e1s de las mismas oportunidades en nuestra plataforma que cualquier otro usuario. Los usuarios pueden acceder f\u00e1cilmente al sitio web de Betsamuro desde cualquier navegador que prefieran. All\u00ed podr\u00e1s disfrutar de todos los juegos, bonos, m\u00e9todos de pago y servicios del equipo de atenci\u00f3n al cliente. Si ya has utilizado nuestra versi\u00f3n para PC, el dise\u00f1o y la navegaci\u00f3n te resultar\u00e1n familiares.<\/p>\n<p>Adem\u00e1s, contamos con una aplicaci\u00f3n de Betsamuro para iOS. El proceso de instalaci\u00f3n solo lleva unos minutos. Te garantizamos que nuestro software m\u00f3vil es totalmente seguro. El innovador cifrado TLS garantiza que toda tu informaci\u00f3n personal y financiera est\u00e9 protegida contra el acceso no autorizado. Como medida de seguridad adicional, todos los miembros de Betsamuro Casino pueden habilitar la autenticaci\u00f3n de dos factores en sus dispositivos.<\/p>\n<p><img loading=\"lazy\" decoding=\"async\" class=\"alignnone size-full wp-image-1946\" src=\"https:\/\/bet-samuro.org\/wp-content\/uploads\/2026\/03\/Betsamuro-Casino-for-iOS.webp\" alt=\"Betsamuro Casino for iOS\" width=\"1248\" height=\"536\" srcset=\"https:\/\/bet-samuro.org\/wp-content\/uploads\/2026\/03\/Betsamuro-Casino-for-iOS.webp 1248w, https:\/\/bet-samuro.org\/wp-content\/uploads\/2026\/03\/Betsamuro-Casino-for-iOS-300x129.webp 300w, https:\/\/bet-samuro.org\/wp-content\/uploads\/2026\/03\/Betsamuro-Casino-for-iOS-1024x440.webp 1024w, https:\/\/bet-samuro.org\/wp-content\/uploads\/2026\/03\/Betsamuro-Casino-for-iOS-768x330.webp 768w\" sizes=\"auto, (max-width: 1248px) 100vw, 1248px\" \/><\/p>\n<\/div><\/div><div style=\"clear: both\"><\/div><div class=\"d-flex justify-content-center\"><button data-item=\"decouvrez_link\" data-group=\"website_links\" class=\"goto fw-bold rounded-pill btn btn-orange\" aria-label=\"Descargar Betsamuro\" >Descargar Betsamuro<\/button><\/div><div class=\"scrollable-content-wrap my-5\"><div class=\"scrollable-content-inner\"><h2>Descargas de la aplicaci\u00f3n para Windows y macOS<\/h2>\n<p>La opci\u00f3n cl\u00e1sica de utilizar Betsamuro en tu ordenador sigue estando disponible para todos. Todos los dispositivos macOS y Windows son compatibles con nuestra p\u00e1gina web. La interfaz se adaptar\u00e1 r\u00e1pidamente a la resoluci\u00f3n y el tama\u00f1o de la pantalla. Si necesitas un acceso m\u00e1s r\u00e1pido y quieres evitar tener que buscar en el navegador, puedes instalar un icono de acceso directo. Solo tienes que hacer clic en el bot\u00f3n \u00abA\u00f1adir a la pantalla de inicio\u00bb cuando visites la p\u00e1gina de Betsamuro desde un PC.<\/p>\n<p>No limitamos a nuestros usuarios a ning\u00fan dispositivo o plataforma en particular. Por eso puedes elegir la opci\u00f3n m\u00e1s conveniente en cada situaci\u00f3n espec\u00edfica. La regla principal es no utilizar varios dispositivos al mismo tiempo.<\/p>\n<p><img loading=\"lazy\" decoding=\"async\" class=\"alignnone size-full wp-image-1930\" src=\"https:\/\/bet-samuro.org\/wp-content\/uploads\/2026\/03\/Betsamuro-Application-for-PC.webp\" alt=\"Betsamuro Application for PC\" width=\"1248\" height=\"536\" srcset=\"https:\/\/bet-samuro.org\/wp-content\/uploads\/2026\/03\/Betsamuro-Application-for-PC.webp 1248w, https:\/\/bet-samuro.org\/wp-content\/uploads\/2026\/03\/Betsamuro-Application-for-PC-300x129.webp 300w, https:\/\/bet-samuro.org\/wp-content\/uploads\/2026\/03\/Betsamuro-Application-for-PC-1024x440.webp 1024w, https:\/\/bet-samuro.org\/wp-content\/uploads\/2026\/03\/Betsamuro-Application-for-PC-768x330.webp 768w\" sizes=\"auto, (max-width: 1248px) 100vw, 1248px\" \/><\/p>\n<\/div><\/div><div style=\"clear: both\"><\/div><div class=\"d-flex justify-content-center\"><button data-item=\"decouvrez_link\" data-group=\"website_links\" class=\"goto fw-bold rounded-pill btn btn-orange\" aria-label=\"Descarga la aplicaci\u00f3n Betsamuro\" >Descarga la aplicaci\u00f3n Betsamuro<\/button><\/div><div class=\"scrollable-content-wrap my-5\"><div class=\"scrollable-content-inner\"><h2>Preguntas frecuentes<\/h2>\n<h3>\u00bfDebo iniciar sesi\u00f3n en la aplicaci\u00f3n de Bet Samuro con la misma cuenta que utilizo en el ordenador?<\/h3>\n<p>Esa es la \u00fanica forma de utilizar nuestro casino online en un dispositivo m\u00f3vil. Las normas de Bet Samuro Casino permiten que cada jugador tenga una sola cuenta. Una vez que accedas a ella, todo se sincronizar\u00e1 entre los dispositivos.<\/p>\n<h3>\u00bfPuedo completar el proceso de verificaci\u00f3n a trav\u00e9s de la versi\u00f3n m\u00f3vil?<\/h3>\n<p>Si vas a realizar tu primer retiro desde un dispositivo m\u00f3vil, tambi\u00e9n tendr\u00e1s que completar el proceso de verificaci\u00f3n all\u00ed. El procedimiento ser\u00e1 el mismo que para el ordenador. Los jugadores deben subir copias de sus documentos personales a la plataforma para verificar su identidad, edad y titularidad de la cuenta de pago.<\/p>\n<h3>\u00bfEst\u00e1 la aplicaci\u00f3n disponible en Google Play o en la App Store?<\/h3>\n<p>Los clientes de Betsamuro pueden instalar la aplicaci\u00f3n directamente desde el sitio web con unos pocos clics. Solo necesitas un dispositivo m\u00f3vil y una conexi\u00f3n a Internet estable. Actualmente no est\u00e1 disponible en las tiendas de aplicaciones.<\/p>\n<\/div><\/div><\/p>\n","protected":false},"excerpt":{"rendered":"<p>Aplicaci\u00f3n de Betsamuro: juegos de casino para m\u00f3vil Es dif\u00edcil imaginar una p\u00e1gina web moderna sin una versi\u00f3n m\u00f3vil. Y nuestro casino online no es una excepci\u00f3n. Para todos los usuarios registrados de Espa\u00f1a, ofrecemos la Betsamuro App para Android e iOS. Puedes utilizar cualquier dispositivo moderno, como un smartphone o una tableta. Todas las [&hellip;]<\/p>\n","protected":false},"author":1,"featured_media":0,"parent":0,"menu_order":0,"comment_status":"closed","ping_status":"closed","template":"template-builder.php","meta":{"_acf_changed":false,"inline_featured_image":false,"footnotes":""},"class_list":["post-1449","page","type-page","status-publish","hentry"],"acf":[],"yoast_head":"<!-- This site is optimized with the Yoast SEO plugin v27.3 - https:\/\/yoast.com\/product\/yoast-seo-wordpress\/ -->\n<title>Betsamuro Casino App Descargar | iOS, Android &amp; Escritorio<\/title>\n<meta name=\"description\" content=\"Betsamuro Casino App \u2013 descarga la aplicaci\u00f3n para iOS, Android y escritorio para jugar tragamonedas, juegos de mesa y casino en vivo en cualquier lugar. Disfruta de un rendimiento fluido y acceso completo a tu cuenta con Bet Samuro.\" \/>\n<meta name=\"robots\" content=\"index, follow, max-snippet:-1, max-image-preview:large, max-video-preview:-1\" \/>\n<link rel=\"canonical\" href=\"https:\/\/bet-samuro.org\/es\/aplicacion\/\" \/>\n<meta property=\"og:locale\" content=\"es_ES\" \/>\n<meta property=\"og:type\" content=\"article\" \/>\n<meta property=\"og:title\" content=\"Betsamuro Casino App Descargar | iOS, Android &amp; Escritorio\" \/>\n<meta property=\"og:description\" content=\"Betsamuro Casino App \u2013 descarga la aplicaci\u00f3n para iOS, Android y escritorio para jugar tragamonedas, juegos de mesa y casino en vivo en cualquier lugar. Disfruta de un rendimiento fluido y acceso completo a tu cuenta con Bet Samuro.\" \/>\n<meta property=\"og:url\" content=\"https:\/\/bet-samuro.org\/es\/aplicacion\/\" \/>\n<meta property=\"og:site_name\" content=\"betsamuro\" \/>\n<meta property=\"article:modified_time\" content=\"2026-03-25T13:43:30+00:00\" \/>\n<meta name=\"twitter:card\" content=\"summary_large_image\" \/>\n<meta name=\"twitter:label1\" content=\"Est. reading time\" \/>\n\t<meta name=\"twitter:data1\" content=\"2 minutes\" \/>\n<script type=\"application\/ld+json\" class=\"yoast-schema-graph\">{\"@context\":\"https:\\\/\\\/schema.org\",\"@graph\":[{\"@type\":\"WebPage\",\"@id\":\"https:\\\/\\\/bet-samuro.org\\\/es\\\/aplicacion\\\/\",\"url\":\"https:\\\/\\\/bet-samuro.org\\\/es\\\/aplicacion\\\/\",\"name\":\"Betsamuro Casino App Descargar | iOS, Android & Escritorio\",\"isPartOf\":{\"@id\":\"https:\\\/\\\/bet-samuro.org\\\/es\\\/#website\"},\"datePublished\":\"2026-01-20T12:08:23+00:00\",\"dateModified\":\"2026-03-25T13:43:30+00:00\",\"description\":\"Betsamuro Casino App \u2013 descarga la aplicaci\u00f3n para iOS, Android y escritorio para jugar tragamonedas, juegos de mesa y casino en vivo en cualquier lugar. Disfruta de un rendimiento fluido y acceso completo a tu cuenta con Bet Samuro.\",\"breadcrumb\":{\"@id\":\"https:\\\/\\\/bet-samuro.org\\\/es\\\/aplicacion\\\/#breadcrumb\"},\"inLanguage\":\"es-ES\",\"potentialAction\":[{\"@type\":\"ReadAction\",\"target\":[\"https:\\\/\\\/bet-samuro.org\\\/es\\\/aplicacion\\\/\"]}]},{\"@type\":\"BreadcrumbList\",\"@id\":\"https:\\\/\\\/bet-samuro.org\\\/es\\\/aplicacion\\\/#breadcrumb\",\"itemListElement\":[{\"@type\":\"ListItem\",\"position\":1,\"name\":\"Betsamuro\",\"item\":\"https:\\\/\\\/bet-samuro.org\\\/es\\\/\"},{\"@type\":\"ListItem\",\"position\":2,\"name\":\"Aplicaci\u00f3n\"}]},{\"@type\":\"WebSite\",\"@id\":\"https:\\\/\\\/bet-samuro.org\\\/es\\\/#website\",\"url\":\"https:\\\/\\\/bet-samuro.org\\\/es\\\/\",\"name\":\"Betsamuro\",\"description\":\"\",\"publisher\":{\"@id\":\"https:\\\/\\\/bet-samuro.org\\\/es\\\/#organization\"},\"potentialAction\":[{\"@type\":\"SearchAction\",\"target\":{\"@type\":\"EntryPoint\",\"urlTemplate\":\"https:\\\/\\\/bet-samuro.org\\\/es\\\/?s={search_term_string}\"},\"query-input\":{\"@type\":\"PropertyValueSpecification\",\"valueRequired\":true,\"valueName\":\"search_term_string\"}}],\"inLanguage\":\"es-ES\"},{\"@type\":\"Organization\",\"@id\":\"https:\\\/\\\/bet-samuro.org\\\/es\\\/#organization\",\"name\":\"Betsamuro\",\"url\":\"https:\\\/\\\/bet-samuro.org\\\/es\\\/\",\"logo\":{\"@type\":\"ImageObject\",\"inLanguage\":\"es-ES\",\"@id\":\"https:\\\/\\\/bet-samuro.org\\\/es\\\/#\\\/schema\\\/logo\\\/image\\\/\",\"url\":\"https:\\\/\\\/bet-samuro.org\\\/wp-content\\\/uploads\\\/2026\\\/03\\\/betsamuro-logo.png\",\"contentUrl\":\"https:\\\/\\\/bet-samuro.org\\\/wp-content\\\/uploads\\\/2026\\\/03\\\/betsamuro-logo.png\",\"width\":150,\"height\":29,\"caption\":\"Betsamuro\"},\"image\":{\"@id\":\"https:\\\/\\\/bet-samuro.org\\\/es\\\/#\\\/schema\\\/logo\\\/image\\\/\"}}]}<\/script>\n<!-- \/ Yoast SEO plugin. -->","yoast_head_json":{"title":"Betsamuro Casino App Descargar | iOS, Android & Escritorio","description":"Betsamuro Casino App \u2013 descarga la aplicaci\u00f3n para iOS, Android y escritorio para jugar tragamonedas, juegos de mesa y casino en vivo en cualquier lugar. Disfruta de un rendimiento fluido y acceso completo a tu cuenta con Bet Samuro.","robots":{"index":"index","follow":"follow","max-snippet":"max-snippet:-1","max-image-preview":"max-image-preview:large","max-video-preview":"max-video-preview:-1"},"canonical":"https:\/\/bet-samuro.org\/es\/aplicacion\/","og_locale":"es_ES","og_type":"article","og_title":"Betsamuro Casino App Descargar | iOS, Android & Escritorio","og_description":"Betsamuro Casino App \u2013 descarga la aplicaci\u00f3n para iOS, Android y escritorio para jugar tragamonedas, juegos de mesa y casino en vivo en cualquier lugar. Disfruta de un rendimiento fluido y acceso completo a tu cuenta con Bet Samuro.","og_url":"https:\/\/bet-samuro.org\/es\/aplicacion\/","og_site_name":"betsamuro","article_modified_time":"2026-03-25T13:43:30+00:00","twitter_card":"summary_large_image","twitter_misc":{"Est. reading time":"2 minutes"},"schema":{"@context":"https:\/\/schema.org","@graph":[{"@type":"WebPage","@id":"https:\/\/bet-samuro.org\/es\/aplicacion\/","url":"https:\/\/bet-samuro.org\/es\/aplicacion\/","name":"Betsamuro Casino App Descargar | iOS, Android & Escritorio","isPartOf":{"@id":"https:\/\/bet-samuro.org\/es\/#website"},"datePublished":"2026-01-20T12:08:23+00:00","dateModified":"2026-03-25T13:43:30+00:00","description":"Betsamuro Casino App \u2013 descarga la aplicaci\u00f3n para iOS, Android y escritorio para jugar tragamonedas, juegos de mesa y casino en vivo en cualquier lugar. Disfruta de un rendimiento fluido y acceso completo a tu cuenta con Bet Samuro.","breadcrumb":{"@id":"https:\/\/bet-samuro.org\/es\/aplicacion\/#breadcrumb"},"inLanguage":"es-ES","potentialAction":[{"@type":"ReadAction","target":["https:\/\/bet-samuro.org\/es\/aplicacion\/"]}]},{"@type":"BreadcrumbList","@id":"https:\/\/bet-samuro.org\/es\/aplicacion\/#breadcrumb","itemListElement":[{"@type":"ListItem","position":1,"name":"Betsamuro","item":"https:\/\/bet-samuro.org\/es\/"},{"@type":"ListItem","position":2,"name":"Aplicaci\u00f3n"}]},{"@type":"WebSite","@id":"https:\/\/bet-samuro.org\/es\/#website","url":"https:\/\/bet-samuro.org\/es\/","name":"Betsamuro","description":"","publisher":{"@id":"https:\/\/bet-samuro.org\/es\/#organization"},"potentialAction":[{"@type":"SearchAction","target":{"@type":"EntryPoint","urlTemplate":"https:\/\/bet-samuro.org\/es\/?s={search_term_string}"},"query-input":{"@type":"PropertyValueSpecification","valueRequired":true,"valueName":"search_term_string"}}],"inLanguage":"es-ES"},{"@type":"Organization","@id":"https:\/\/bet-samuro.org\/es\/#organization","name":"Betsamuro","url":"https:\/\/bet-samuro.org\/es\/","logo":{"@type":"ImageObject","inLanguage":"es-ES","@id":"https:\/\/bet-samuro.org\/es\/#\/schema\/logo\/image\/","url":"https:\/\/bet-samuro.org\/wp-content\/uploads\/2026\/03\/betsamuro-logo.png","contentUrl":"https:\/\/bet-samuro.org\/wp-content\/uploads\/2026\/03\/betsamuro-logo.png","width":150,"height":29,"caption":"Betsamuro"},"image":{"@id":"https:\/\/bet-samuro.org\/es\/#\/schema\/logo\/image\/"}}]}},"_links":{"self":[{"href":"https:\/\/bet-samuro.org\/es\/wp-json\/wp\/v2\/pages\/1449","targetHints":{"allow":["GET"]}}],"collection":[{"href":"https:\/\/bet-samuro.org\/es\/wp-json\/wp\/v2\/pages"}],"about":[{"href":"https:\/\/bet-samuro.org\/es\/wp-json\/wp\/v2\/types\/page"}],"author":[{"embeddable":true,"href":"https:\/\/bet-samuro.org\/es\/wp-json\/wp\/v2\/users\/1"}],"replies":[{"embeddable":true,"href":"https:\/\/bet-samuro.org\/es\/wp-json\/wp\/v2\/comments?post=1449"}],"version-history":[{"count":3,"href":"https:\/\/bet-samuro.org\/es\/wp-json\/wp\/v2\/pages\/1449\/revisions"}],"predecessor-version":[{"id":2080,"href":"https:\/\/bet-samuro.org\/es\/wp-json\/wp\/v2\/pages\/1449\/revisions\/2080"}],"wp:attachment":[{"href":"https:\/\/bet-samuro.org\/es\/wp-json\/wp\/v2\/media?parent=1449"}],"curies":[{"name":"wp","href":"https:\/\/api.w.org\/{rel}","templated":true}]}}