{"id":1487,"date":"2026-01-20T12:11:11","date_gmt":"2026-01-20T12:11:11","guid":{"rendered":"https:\/\/bonuskongcasino.com\/login-and-registration\/"},"modified":"2026-03-25T13:45:26","modified_gmt":"2026-03-25T13:45:26","slug":"inicio-de-sesion-y-registro","status":"publish","type":"page","link":"https:\/\/bet-samuro.org\/es\/inicio-de-sesion-y-registro\/","title":{"rendered":"Inicio de sesi\u00f3n y Registro"},"content":{"rendered":"<h1>Inicio de sesi\u00f3n en Betsamuro<\/h1>\n<p>Ofrecemos a todos los usuarios espa\u00f1oles que hayan alcanzado la mayor\u00eda de edad (18 a\u00f1os o m\u00e1s) la oportunidad de completar el sencillo procedimiento de Betsamuro login. En unos pocos pasos, podr\u00e1s acceder a todos los juegos disponibles, a los pagos y, por supuesto, a las ganancias. El paquete de bienvenida se abonar\u00e1 autom\u00e1ticamente despu\u00e9s de que crees una cuenta y realices el primer dep\u00f3sito.<\/p>\n<p><div class=\"banner-wrap\" aria-label=\"Banner\"><img src=\"https:\/\/bet-samuro.org\/wp-content\/uploads\/2026\/03\/banner-desktop.webp\" class=\"w-100 d-none d-lg-block img-pc main-banner-img\" alt=\"betsamuro bonus desktop\" fetchpriority=\"high\" decoding=\"async\"><img src=\"https:\/\/bet-samuro.org\/wp-content\/uploads\/2026\/03\/banner-mobile.webp\" class=\"w-100 d-none d-md-block d-lg-none main-banner-img\" alt=\"betsamuro bonus mobile\" fetchpriority=\"high\" decoding=\"async\"><img src=\"https:\/\/bet-samuro.org\/wp-content\/uploads\/2026\/03\/banner-mobile.webp\" class=\"w-100 d-md-none\" alt=\"betsamuro bonus mobile\" fetchpriority=\"high\" decoding=\"async\"><div class=\"banner-description\">\n<div class=\"banner-title\">Bonos de bienvenida<\/div>\n<p class=\"banner-header-title\">1500 \u20ac<\/p>\n<div class=\"banner-header-AdditionalText\">+ 250 Tiradas gratis<\/div>\n<button data-item=\"homepage_banner_link\" class=\"goto m-button m-gradient-border m-button--primary m-button--large banner-button btn-orange\">\n            <div class=\"m-button-content\">\n                <span>Reg\u00edstrate ahora<\/span>\n                <span><\/span>\n            <\/div>\n        <\/button>\n<\/div>\n<div class=\"WelcomePack\">\n<p><img loading=\"lazy\" decoding=\"async\" class=\"alignnone size-full wp-image-1842\" src=\"https:\/\/bet-samuro.org\/wp-content\/uploads\/2026\/03\/welcome-crown.png\" alt=\"crown\" width=\"25\" height=\"26\" \/><\/p>\n<div class=\"WelcomePack-Info\">Reembolso semanal de hasta el 25 %<\/div>\n<p><img loading=\"lazy\" decoding=\"async\" class=\"alignnone size-full wp-image-1842\" src=\"https:\/\/bet-samuro.org\/wp-content\/uploads\/2026\/03\/welcome-crown.png\" alt=\"crown\" width=\"25\" height=\"26\" \/><\/p>\n<\/div>\n<\/div><div class=\"scrollable-content-wrap my-5\"><div class=\"scrollable-content-inner\"><h2>Procedimiento de registro en Betsamuro<\/h2>\n<p>El registro en Bet Samuro Casino es sencillo y solo lleva unos minutos. Solo permitimos que cada jugador tenga una cuenta en nuestra plataforma. Si a\u00fan te est\u00e1s planteando si es buena idea compartir tu informaci\u00f3n personal con nosotros, queremos asegurarte de que estar\u00e1 totalmente a salvo. En nuestra plataforma utilizamos cifrado TLS 1.3 y supervisamos todas tus actividades de inicio de sesi\u00f3n en Betsamuro para prevenir el fraude.<\/p>\n<p>Si est\u00e1s listo para jugar con dinero real y aprovechar nuestros bonos y eventos, sigue los pasos de registro que se indican a continuaci\u00f3n:<\/p>\n<ol>\n<li>Los usuarios deben acceder al formulario de registro haciendo clic en el bot\u00f3n situado en la esquina superior derecha de la p\u00e1gina principal.<\/li>\n<li>Debes rellenar el formulario con una direcci\u00f3n de correo electr\u00f3nico v\u00e1lida y una contrase\u00f1a segura.<\/li>\n<li>Es necesario que todos los nuevos jugadores marquen las casillas para confirmar su edad y aceptar las normas de Betsamuro.<\/li>\n<li>Despu\u00e9s de comprobarlo todo dos veces, debes hacer clic en el bot\u00f3n al final del formulario para completar el registro.<\/li>\n<\/ol>\n<h2>Procedimiento de inicio de sesi\u00f3n en Betsamuro<\/h2>\n<p>Para aquellos que ya tienen una cuenta, ser\u00e1 a\u00fan m\u00e1s f\u00e1cil, ya que solo tienen que seguir el procedimiento de inicio de sesi\u00f3n de Betsamuro. Aqu\u00ed, deben introducir los datos personales que utilizaron al registrarse. Si tienen alg\u00fan problema para acceder a su perfil, les recomendamos que se pongan en contacto con nuestro equipo de asistencia multiling\u00fce a trav\u00e9s del chat en vivo o por correo electr\u00f3nico.<\/p>\n<p>Si los jugadores olvidan su contrase\u00f1a, pueden utilizar la funci\u00f3n especial de restablecimiento. Solo tienes que hacer clic en el enlace \u00ab\u00bfHas olvidado tu contrase\u00f1a?\u00bb del formulario de inicio de sesi\u00f3n de Betsamuro y te enviaremos las instrucciones por correo electr\u00f3nico.<\/p>\n<h3>Autorizaci\u00f3n de la aplicaci\u00f3n m\u00f3vil de Betsamuro<\/h3>\n<p>No te limitamos en cuanto al dispositivo que puedes utilizar para acceder a tu cuenta y jugar a tus juegos favoritos. Si prefieres un smartphone o una tableta, tenemos dos soluciones para ti: una versi\u00f3n para navegador m\u00f3vil o una aplicaci\u00f3n dedicada. Independientemente de cu\u00e1l elijas, debes hacer clic en el bot\u00f3n \u00abIniciar sesi\u00f3n\u00bb e introducir tus datos de acceso a Betsamuro Casino. La ventaja de un dispositivo m\u00f3vil es que puedes utilizar la funcionalidad biom\u00e9trica (Face ID, Touch ID) para acceder a tu cuenta, lo cual es seguro y m\u00e1s r\u00e1pido.<\/p>\n<p><img loading=\"lazy\" decoding=\"async\" class=\"alignnone size-full wp-image-1954\" src=\"https:\/\/bet-samuro.org\/wp-content\/uploads\/2026\/03\/Betsamuro-Login-Page.webp\" alt=\"Betsamuro Login Page\" width=\"1248\" height=\"536\" srcset=\"https:\/\/bet-samuro.org\/wp-content\/uploads\/2026\/03\/Betsamuro-Login-Page.webp 1248w, https:\/\/bet-samuro.org\/wp-content\/uploads\/2026\/03\/Betsamuro-Login-Page-300x129.webp 300w, https:\/\/bet-samuro.org\/wp-content\/uploads\/2026\/03\/Betsamuro-Login-Page-1024x440.webp 1024w, https:\/\/bet-samuro.org\/wp-content\/uploads\/2026\/03\/Betsamuro-Login-Page-768x330.webp 768w\" sizes=\"auto, (max-width: 1248px) 100vw, 1248px\" \/><\/p>\n<h2>Gesti\u00f3n de la sesi\u00f3n<\/h2>\n<p>Al crear una cuenta en Betsamuro Casino, tambi\u00e9n obtienes acceso a muchas funciones \u00fatiles en tu perfil personal. Por ejemplo, puedes modificar cualquier dato personal o financiero en cualquier momento. Adem\u00e1s, puedes consultar el historial de inicio de sesi\u00f3n y cerrar sesiones en dispositivos que ya no utilices.<\/p>\n<p>Tambi\u00e9n hay situaciones en las que podemos bloquear o suspender tu cuenta. Pero no te preocupes, siempre hay una soluci\u00f3n. En la tabla siguiente encontrar\u00e1s informaci\u00f3n adicional sobre qu\u00e9 hacer en situaciones dif\u00edciles en Bet Samuro.<\/p>\n<table>\n<tbody>\n<tr>\n<td>Causante<\/td>\n<td>Qu\u00e9 ocurre<\/td>\n<td>Qu\u00e9 debes hacer<\/td>\n<\/tr>\n<tr>\n<td>M\u00faltiples intentos fallidos de inicio de sesi\u00f3n<\/td>\n<td>Bloqueo temporal de la cuenta o se requiere un captcha<\/td>\n<td>Espera unos minutos o restablece tu contrase\u00f1a si es necesario<\/td>\n<\/tr>\n<tr>\n<td>Ubicaci\u00f3n inusual<\/td>\n<td>La sesi\u00f3n se pausar\u00e1 o se marcar\u00e1 para su revisi\u00f3n<\/td>\n<td>Debes verificar tu identidad o evitar el uso de una VPN<\/td>\n<\/tr>\n<tr>\n<td>Inactividad prolongada<\/td>\n<td>Cierre de sesi\u00f3n autom\u00e1tico de tu cuenta<\/td>\n<td>Solo tienes que volver a iniciar sesi\u00f3n para reanudar el juego<\/td>\n<\/tr>\n<tr>\n<td>Inicios de sesi\u00f3n simult\u00e1neos<\/td>\n<td>Se cerrar\u00e1 una de las sesiones<\/td>\n<td>Utilice un solo dispositivo a la vez<\/td>\n<\/tr>\n<tr>\n<td>Actividad sospechosa (por ejemplo, apuestas r\u00e1pidas, comportamiento an\u00f3malo)<\/td>\n<td>La cuenta quedar\u00e1 restringida temporalmente<\/td>\n<td>Los usuarios deben ponerse en contacto con el servicio de asistencia si creen que se trata de un error<\/td>\n<\/tr>\n<tr>\n<td>Cambio de contrase\u00f1a<\/td>\n<td>Se cerrar\u00e1n todas las sesiones activas<\/td>\n<td>Vuelva a iniciar sesi\u00f3n con su nueva contrase\u00f1a<\/td>\n<\/tr>\n<\/tbody>\n<\/table>\n<h2>Preguntas frecuentes<\/h2>\n<h3>\u00bfEst\u00e1 disponible la autenticaci\u00f3n de dos factores para todos los dispositivos?<\/h3>\n<p>Los usuarios pueden activar la autenticaci\u00f3n de dos factores, y funcionar\u00e1 en todos los dispositivos. Cada vez que inicies sesi\u00f3n, tendr\u00e1s que realizar una verificaci\u00f3n de identidad a trav\u00e9s de una aplicaci\u00f3n especial. Se trata de una capa adicional de protecci\u00f3n para tu perfil de Betsamuro Casino.<\/p>\n<h3>\u00bfC\u00f3mo puedo cerrar o suspender temporalmente mi cuenta de Bet Samuro?<\/h3>\n<p>Si quieres tomarte un descanso del juego, debes ponerte en contacto con nuestro equipo de atenci\u00f3n al cliente. Nuestros gestores te ayudar\u00e1n a cerrar o suspender temporalmente la cuenta. Tambi\u00e9n te explicar\u00e1n las instrucciones para volver a utilizar la plataforma.<\/p>\n<h3>\u00bfEs obligatoria la verificaci\u00f3n de identidad para todos los retiros?<\/h3>\n<p>Todos los clientes de Betsamuro deben completar el proceso de verificaci\u00f3n antes de su primer retiro en la plataforma. El procedimiento incluye la carga de documentos en el sistema. Una vez verificada tu cuenta, no habr\u00e1 retrasos adicionales para ti.<\/p>\n<\/div><\/div><\/p>\n","protected":false},"excerpt":{"rendered":"<p>Inicio de sesi\u00f3n en Betsamuro Ofrecemos a todos los usuarios espa\u00f1oles que hayan alcanzado la mayor\u00eda de edad (18 a\u00f1os o m\u00e1s) la oportunidad de completar el sencillo procedimiento de Betsamuro login. En unos pocos pasos, podr\u00e1s acceder a todos los juegos disponibles, a los pagos y, por supuesto, a las ganancias. El paquete de [&hellip;]<\/p>\n","protected":false},"author":1,"featured_media":0,"parent":0,"menu_order":0,"comment_status":"closed","ping_status":"closed","template":"template-builder.php","meta":{"_acf_changed":false,"inline_featured_image":false,"footnotes":""},"class_list":["post-1487","page","type-page","status-publish","hentry"],"acf":[],"yoast_head":"<!-- This site is optimized with the Yoast SEO plugin v27.3 - https:\/\/yoast.com\/product\/yoast-seo-wordpress\/ -->\n<title>Betsamuro Casino Login &amp; Registro | Acceso Seguro<\/title>\n<meta name=\"description\" content=\"Betsamuro Casino Login \u2013 inicia sesi\u00f3n de forma segura o crea tu cuenta en segundos con acceso encriptado y verificaci\u00f3n r\u00e1pida. Gestiona la recuperaci\u00f3n de contrase\u00f1a, ajustes de perfil y herramientas de cuenta f\u00e1cilmente en Bet Samuro.\" \/>\n<meta name=\"robots\" content=\"index, follow, max-snippet:-1, max-image-preview:large, max-video-preview:-1\" \/>\n<link rel=\"canonical\" href=\"https:\/\/bet-samuro.org\/es\/inicio-de-sesion-y-registro\/\" \/>\n<meta property=\"og:locale\" content=\"es_ES\" \/>\n<meta property=\"og:type\" content=\"article\" \/>\n<meta property=\"og:title\" content=\"Betsamuro Casino Login &amp; Registro | Acceso Seguro\" \/>\n<meta property=\"og:description\" content=\"Betsamuro Casino Login \u2013 inicia sesi\u00f3n de forma segura o crea tu cuenta en segundos con acceso encriptado y verificaci\u00f3n r\u00e1pida. Gestiona la recuperaci\u00f3n de contrase\u00f1a, ajustes de perfil y herramientas de cuenta f\u00e1cilmente en Bet Samuro.\" \/>\n<meta property=\"og:url\" content=\"https:\/\/bet-samuro.org\/es\/inicio-de-sesion-y-registro\/\" \/>\n<meta property=\"og:site_name\" content=\"betsamuro\" \/>\n<meta property=\"article:modified_time\" content=\"2026-03-25T13:45:26+00:00\" \/>\n<meta name=\"twitter:card\" content=\"summary_large_image\" \/>\n<meta name=\"twitter:label1\" content=\"Est. reading time\" \/>\n\t<meta name=\"twitter:data1\" content=\"1 minute\" \/>\n<script type=\"application\/ld+json\" class=\"yoast-schema-graph\">{\"@context\":\"https:\\\/\\\/schema.org\",\"@graph\":[{\"@type\":\"WebPage\",\"@id\":\"https:\\\/\\\/bet-samuro.org\\\/es\\\/inicio-de-sesion-y-registro\\\/\",\"url\":\"https:\\\/\\\/bet-samuro.org\\\/es\\\/inicio-de-sesion-y-registro\\\/\",\"name\":\"Betsamuro Casino Login & Registro | Acceso Seguro\",\"isPartOf\":{\"@id\":\"https:\\\/\\\/bet-samuro.org\\\/es\\\/#website\"},\"datePublished\":\"2026-01-20T12:11:11+00:00\",\"dateModified\":\"2026-03-25T13:45:26+00:00\",\"description\":\"Betsamuro Casino Login \u2013 inicia sesi\u00f3n de forma segura o crea tu cuenta en segundos con acceso encriptado y verificaci\u00f3n r\u00e1pida. Gestiona la recuperaci\u00f3n de contrase\u00f1a, ajustes de perfil y herramientas de cuenta f\u00e1cilmente en Bet Samuro.\",\"breadcrumb\":{\"@id\":\"https:\\\/\\\/bet-samuro.org\\\/es\\\/inicio-de-sesion-y-registro\\\/#breadcrumb\"},\"inLanguage\":\"es-ES\",\"potentialAction\":[{\"@type\":\"ReadAction\",\"target\":[\"https:\\\/\\\/bet-samuro.org\\\/es\\\/inicio-de-sesion-y-registro\\\/\"]}]},{\"@type\":\"BreadcrumbList\",\"@id\":\"https:\\\/\\\/bet-samuro.org\\\/es\\\/inicio-de-sesion-y-registro\\\/#breadcrumb\",\"itemListElement\":[{\"@type\":\"ListItem\",\"position\":1,\"name\":\"Betsamuro\",\"item\":\"https:\\\/\\\/bet-samuro.org\\\/es\\\/\"},{\"@type\":\"ListItem\",\"position\":2,\"name\":\"Inicio de sesi\u00f3n y Registro\"}]},{\"@type\":\"WebSite\",\"@id\":\"https:\\\/\\\/bet-samuro.org\\\/es\\\/#website\",\"url\":\"https:\\\/\\\/bet-samuro.org\\\/es\\\/\",\"name\":\"Betsamuro\",\"description\":\"\",\"publisher\":{\"@id\":\"https:\\\/\\\/bet-samuro.org\\\/es\\\/#organization\"},\"potentialAction\":[{\"@type\":\"SearchAction\",\"target\":{\"@type\":\"EntryPoint\",\"urlTemplate\":\"https:\\\/\\\/bet-samuro.org\\\/es\\\/?s={search_term_string}\"},\"query-input\":{\"@type\":\"PropertyValueSpecification\",\"valueRequired\":true,\"valueName\":\"search_term_string\"}}],\"inLanguage\":\"es-ES\"},{\"@type\":\"Organization\",\"@id\":\"https:\\\/\\\/bet-samuro.org\\\/es\\\/#organization\",\"name\":\"Betsamuro\",\"url\":\"https:\\\/\\\/bet-samuro.org\\\/es\\\/\",\"logo\":{\"@type\":\"ImageObject\",\"inLanguage\":\"es-ES\",\"@id\":\"https:\\\/\\\/bet-samuro.org\\\/es\\\/#\\\/schema\\\/logo\\\/image\\\/\",\"url\":\"https:\\\/\\\/bet-samuro.org\\\/wp-content\\\/uploads\\\/2026\\\/03\\\/betsamuro-logo.png\",\"contentUrl\":\"https:\\\/\\\/bet-samuro.org\\\/wp-content\\\/uploads\\\/2026\\\/03\\\/betsamuro-logo.png\",\"width\":150,\"height\":29,\"caption\":\"Betsamuro\"},\"image\":{\"@id\":\"https:\\\/\\\/bet-samuro.org\\\/es\\\/#\\\/schema\\\/logo\\\/image\\\/\"}}]}<\/script>\n<!-- \/ Yoast SEO plugin. -->","yoast_head_json":{"title":"Betsamuro Casino Login & Registro | Acceso Seguro","description":"Betsamuro Casino Login \u2013 inicia sesi\u00f3n de forma segura o crea tu cuenta en segundos con acceso encriptado y verificaci\u00f3n r\u00e1pida. Gestiona la recuperaci\u00f3n de contrase\u00f1a, ajustes de perfil y herramientas de cuenta f\u00e1cilmente en Bet Samuro.","robots":{"index":"index","follow":"follow","max-snippet":"max-snippet:-1","max-image-preview":"max-image-preview:large","max-video-preview":"max-video-preview:-1"},"canonical":"https:\/\/bet-samuro.org\/es\/inicio-de-sesion-y-registro\/","og_locale":"es_ES","og_type":"article","og_title":"Betsamuro Casino Login & Registro | Acceso Seguro","og_description":"Betsamuro Casino Login \u2013 inicia sesi\u00f3n de forma segura o crea tu cuenta en segundos con acceso encriptado y verificaci\u00f3n r\u00e1pida. Gestiona la recuperaci\u00f3n de contrase\u00f1a, ajustes de perfil y herramientas de cuenta f\u00e1cilmente en Bet Samuro.","og_url":"https:\/\/bet-samuro.org\/es\/inicio-de-sesion-y-registro\/","og_site_name":"betsamuro","article_modified_time":"2026-03-25T13:45:26+00:00","twitter_card":"summary_large_image","twitter_misc":{"Est. reading time":"1 minute"},"schema":{"@context":"https:\/\/schema.org","@graph":[{"@type":"WebPage","@id":"https:\/\/bet-samuro.org\/es\/inicio-de-sesion-y-registro\/","url":"https:\/\/bet-samuro.org\/es\/inicio-de-sesion-y-registro\/","name":"Betsamuro Casino Login & Registro | Acceso Seguro","isPartOf":{"@id":"https:\/\/bet-samuro.org\/es\/#website"},"datePublished":"2026-01-20T12:11:11+00:00","dateModified":"2026-03-25T13:45:26+00:00","description":"Betsamuro Casino Login \u2013 inicia sesi\u00f3n de forma segura o crea tu cuenta en segundos con acceso encriptado y verificaci\u00f3n r\u00e1pida. Gestiona la recuperaci\u00f3n de contrase\u00f1a, ajustes de perfil y herramientas de cuenta f\u00e1cilmente en Bet Samuro.","breadcrumb":{"@id":"https:\/\/bet-samuro.org\/es\/inicio-de-sesion-y-registro\/#breadcrumb"},"inLanguage":"es-ES","potentialAction":[{"@type":"ReadAction","target":["https:\/\/bet-samuro.org\/es\/inicio-de-sesion-y-registro\/"]}]},{"@type":"BreadcrumbList","@id":"https:\/\/bet-samuro.org\/es\/inicio-de-sesion-y-registro\/#breadcrumb","itemListElement":[{"@type":"ListItem","position":1,"name":"Betsamuro","item":"https:\/\/bet-samuro.org\/es\/"},{"@type":"ListItem","position":2,"name":"Inicio de sesi\u00f3n y Registro"}]},{"@type":"WebSite","@id":"https:\/\/bet-samuro.org\/es\/#website","url":"https:\/\/bet-samuro.org\/es\/","name":"Betsamuro","description":"","publisher":{"@id":"https:\/\/bet-samuro.org\/es\/#organization"},"potentialAction":[{"@type":"SearchAction","target":{"@type":"EntryPoint","urlTemplate":"https:\/\/bet-samuro.org\/es\/?s={search_term_string}"},"query-input":{"@type":"PropertyValueSpecification","valueRequired":true,"valueName":"search_term_string"}}],"inLanguage":"es-ES"},{"@type":"Organization","@id":"https:\/\/bet-samuro.org\/es\/#organization","name":"Betsamuro","url":"https:\/\/bet-samuro.org\/es\/","logo":{"@type":"ImageObject","inLanguage":"es-ES","@id":"https:\/\/bet-samuro.org\/es\/#\/schema\/logo\/image\/","url":"https:\/\/bet-samuro.org\/wp-content\/uploads\/2026\/03\/betsamuro-logo.png","contentUrl":"https:\/\/bet-samuro.org\/wp-content\/uploads\/2026\/03\/betsamuro-logo.png","width":150,"height":29,"caption":"Betsamuro"},"image":{"@id":"https:\/\/bet-samuro.org\/es\/#\/schema\/logo\/image\/"}}]}},"_links":{"self":[{"href":"https:\/\/bet-samuro.org\/es\/wp-json\/wp\/v2\/pages\/1487","targetHints":{"allow":["GET"]}}],"collection":[{"href":"https:\/\/bet-samuro.org\/es\/wp-json\/wp\/v2\/pages"}],"about":[{"href":"https:\/\/bet-samuro.org\/es\/wp-json\/wp\/v2\/types\/page"}],"author":[{"embeddable":true,"href":"https:\/\/bet-samuro.org\/es\/wp-json\/wp\/v2\/users\/1"}],"replies":[{"embeddable":true,"href":"https:\/\/bet-samuro.org\/es\/wp-json\/wp\/v2\/comments?post=1487"}],"version-history":[{"count":3,"href":"https:\/\/bet-samuro.org\/es\/wp-json\/wp\/v2\/pages\/1487\/revisions"}],"predecessor-version":[{"id":2082,"href":"https:\/\/bet-samuro.org\/es\/wp-json\/wp\/v2\/pages\/1487\/revisions\/2082"}],"wp:attachment":[{"href":"https:\/\/bet-samuro.org\/es\/wp-json\/wp\/v2\/media?parent=1487"}],"curies":[{"name":"wp","href":"https:\/\/api.w.org\/{rel}","templated":true}]}}