{"id":1440,"date":"2026-01-20T12:08:23","date_gmt":"2026-01-20T12:08:23","guid":{"rendered":"https:\/\/bonuskongcasino.com\/app\/"},"modified":"2026-03-25T11:55:06","modified_gmt":"2026-03-25T11:55:06","slug":"app","status":"publish","type":"page","link":"https:\/\/bet-samuro.org\/fr\/app\/","title":{"rendered":"App"},"content":{"rendered":"<h1>Application Betsamuro : jeux de casino sur mobile<\/h1>\n<p>Il est difficile d&rsquo;imaginer un site web moderne sans version mobile. Et notre casino en ligne ne fait pas exception \u00e0 la r\u00e8gle. Pour tous les utilisateurs enregistr\u00e9s, nous proposons Betsamuro App pour Android et iOS. Vous pouvez utiliser n&rsquo;importe quel appareil moderne, tel qu&rsquo;un smartphone ou une tablette. Toutes les fonctionnalit\u00e9s et tous les jeux s&rsquo;adapteront parfaitement \u00e0 la taille de l&rsquo;\u00e9cran gr\u00e2ce \u00e0 des fonctionnalit\u00e9s tactiles innovantes.<\/p>\n<div class=\"banner-wrap\" aria-label=\"Banner\"><img src=\"https:\/\/bet-samuro.org\/wp-content\/uploads\/2026\/03\/banner-desktop.webp\" class=\"w-100 d-none d-lg-block img-pc main-banner-img\" alt=\"betsamuro bonus desktop\" fetchpriority=\"high\" decoding=\"async\"><img src=\"https:\/\/bet-samuro.org\/wp-content\/uploads\/2026\/03\/banner-mobile.webp\" class=\"w-100 d-none d-md-block d-lg-none main-banner-img\" alt=\"betsamuro bonus mobile\" fetchpriority=\"high\" decoding=\"async\"><img src=\"https:\/\/bet-samuro.org\/wp-content\/uploads\/2026\/03\/banner-mobile.webp\" class=\"w-100 d-md-none\" alt=\"betsamuro bonus mobile\" fetchpriority=\"high\" decoding=\"async\"><div class=\"banner-description\">\n<div class=\"banner-title\">Bonus de bienvenue<\/div>\n<p class=\"banner-header-title\">1500 \u20ac<\/p>\n<div class=\"banner-header-AdditionalText\">+ 250 Tours gratuits<\/div>\n<button data-item=\"homepage_banner_link\" class=\"goto m-button m-gradient-border m-button--primary m-button--large banner-button btn-orange\">\n            <div class=\"m-button-content\">\n                <span>Inscrivez-vous d\u00e8s maintenant<\/span>\n                <span><\/span>\n            <\/div>\n        <\/button>\n<\/div>\n<div class=\"WelcomePack\">\n<p><img loading=\"lazy\" decoding=\"async\" class=\"alignnone size-full wp-image-1837\" src=\"https:\/\/bet-samuro.org\/wp-content\/uploads\/2026\/03\/welcome-crown.png\" alt=\"crown\" width=\"25\" height=\"26\" \/><\/p>\n<div class=\"WelcomePack-Info\">Cashback hebdomadaire jusqu&rsquo;\u00e0 25 %<\/div>\n<p><img loading=\"lazy\" decoding=\"async\" class=\"alignnone size-full wp-image-1837\" src=\"https:\/\/bet-samuro.org\/wp-content\/uploads\/2026\/03\/welcome-crown.png\" alt=\"crown\" width=\"25\" height=\"26\" \/><\/p>\n<\/div>\n<\/div>\n<h2>Plateforme mobile Betsamuro<\/h2>\n<p>Nous ne limitons pas nos joueurs et leur proposons plusieurs fa\u00e7ons d&rsquo;utiliser notre plateforme. Si vous pr\u00e9f\u00e9rez rester en ligne lors de vos d\u00e9placements, vous disposez de deux options principales pour le casino Betsamuro : la version navigateur et une application d\u00e9di\u00e9e. Les deux vous plongeront dans une exp\u00e9rience de jeu compl\u00e8te. Cela signifie que l&rsquo;ensemble de notre collection, comprenant plus de 6 000 titres, dont des machines \u00e0 sous en ligne, des jeux de table, des options avec croupier en direct et bien plus encore, sera \u00e0 votre disposition.<\/p>\n<p>Vous devez \u00eatre un client inscrit pour utiliser l&rsquo;application Betsamuro. Mais si vous n&rsquo;avez pas encore de compte, vous pouvez en cr\u00e9er un directement dans notre version mobile du casino. La proc\u00e9dure est la m\u00eame que sur un ordinateur de bureau. Apr\u00e8s vous \u00eatre connect\u00e9 au m\u00eame compte sur diff\u00e9rents appareils, vos progr\u00e8s et votre solde seront synchronis\u00e9s.<\/p>\n<p>Notre application est tr\u00e8s pratique et facile \u00e0 utiliser. Dans le tableau ci-dessous, vous trouverez plus d&rsquo;informations sur les avantages dont vous b\u00e9n\u00e9ficierez en jouant sur un appareil mobile.<\/p>\n<table>\n<tbody>\n<tr>\n<td>Fonctionnalit\u00e9<\/td>\n<td>Signification<\/td>\n<td>Pourquoi c&rsquo;est important<\/td>\n<\/tr>\n<tr>\n<td>Aucun t\u00e9l\u00e9chargement n\u00e9cessaire<\/td>\n<td>Vous pouvez acc\u00e9der instantan\u00e9ment au casino depuis votre navigateur et l&rsquo;ajouter \u00e0 votre \u00e9cran d&rsquo;accueil sous forme d&rsquo;ic\u00f4ne de raccourci<\/td>\n<td>Cela permet d&rsquo;\u00e9conomiser de l&rsquo;espace de stockage et d&rsquo;\u00e9viter les restrictions des boutiques d&rsquo;applications<\/td>\n<\/tr>\n<tr>\n<td>Vitesse de chargement rapide<\/td>\n<td>Les jeux et les pages s&rsquo;ouvrent rapidement, m\u00eame avec une connexion Internet plus lente<\/td>\n<td>Ce facteur r\u00e9duit le temps d&rsquo;attente et am\u00e9liore l&rsquo;exp\u00e9rience globale<\/td>\n<\/tr>\n<tr>\n<td>Conception optimis\u00e9e pour les appareils mobiles<\/td>\n<td>Notre application fonctionne parfaitement sur votre t\u00e9l\u00e9phone, votre tablette ou votre ordinateur<\/td>\n<td>Les utilisateurs peuvent jouer en d\u00e9placement ou \u00e0 la maison sans aucun probl\u00e8me<\/td>\n<\/tr>\n<tr>\n<td>Notifications push<\/td>\n<td>Vous pouvez recevoir des mises \u00e0 jour concernant les bonus, les promotions ou toute autre actualit\u00e9<\/td>\n<td>Cela vous permet de rester inform\u00e9 sans avoir \u00e0 consulter constamment les pages concern\u00e9es<\/td>\n<\/tr>\n<tr>\n<td>Facilit\u00e9 de paiement<\/td>\n<td>Les d\u00e9p\u00f4ts et retraits peuvent \u00eatre effectu\u00e9s facilement directement dans l&rsquo;application<\/td>\n<td>Les joueurs g\u00e8rent leurs fonds simplement et rapidement sans changer d&rsquo;appareil<\/td>\n<\/tr>\n<\/tbody>\n<\/table>\n<p><div class=\"scrollable-content-wrap my-5\"><div class=\"scrollable-content-inner\"><h2>Application mobile Betsamuro Casino pour Android<\/h2>\n<p>Tous les utilisateurs Android de Betsamuro peuvent facilement installer l&rsquo;application mobile et profiter de toutes les meilleures fonctionnalit\u00e9s de notre casino en ligne. Inutile de vous soucier de cr\u00e9er un compte sur Google Play ou sur toute autre boutique d&rsquo;applications. Le logiciel mobile est une application web progressive (PWA). Il est l\u00e9ger et n&rsquo;occupe que peu d&rsquo;espace de stockage sur votre appareil. Nous vous recommandons vivement d&rsquo;\u00e9viter de t\u00e9l\u00e9charger des fichiers APK de Betsamuro Casino inconnus, car ils peuvent \u00eatre dangereux pour votre smartphone ou votre tablette.<\/p>\n<p>Si vous souhaitez b\u00e9n\u00e9ficier d&rsquo;une plus grande flexibilit\u00e9 et acc\u00e9der \u00e0 notre plateforme en un seul clic, suivez nos instructions d&rsquo;installation ci-dessous :<\/p>\n<ol>\n<li>Rendez-vous sur le site web de Betsamuro dans votre navigateur mobile pr\u00e9f\u00e9r\u00e9, par exemple Google Chrome.<\/li>\n<li>Vous devez cliquer sur le bouton \u00ab Plus \u00bb. Il se pr\u00e9sente sous la forme de trois points et se trouve dans le coin de la barre d&rsquo;adresse.<\/li>\n<li>Les utilisateurs doivent choisir \u00ab Ajouter \u00e0 l&rsquo;\u00e9cran d&rsquo;accueil \u00bb dans la liste, puis appuyer sur \u00ab Ajouter \u00bb pour confirmer l&rsquo;action.<\/li>\n<li>Vous pouvez appuyer longuement sur l&rsquo;ic\u00f4ne de l&rsquo;application pour la d\u00e9placer et la placer \u00e0 l&rsquo;endroit souhait\u00e9 sur votre \u00e9cran.<\/li>\n<\/ol>\n<p><img loading=\"lazy\" decoding=\"async\" class=\"alignnone size-full wp-image-1933\" src=\"https:\/\/bet-samuro.org\/wp-content\/uploads\/2026\/03\/Betsamuro-Casino-for-Android.webp\" alt=\"Betsamuro Casino for Android\" width=\"1248\" height=\"536\" srcset=\"https:\/\/bet-samuro.org\/wp-content\/uploads\/2026\/03\/Betsamuro-Casino-for-Android.webp 1248w, https:\/\/bet-samuro.org\/wp-content\/uploads\/2026\/03\/Betsamuro-Casino-for-Android-300x129.webp 300w, https:\/\/bet-samuro.org\/wp-content\/uploads\/2026\/03\/Betsamuro-Casino-for-Android-1024x440.webp 1024w, https:\/\/bet-samuro.org\/wp-content\/uploads\/2026\/03\/Betsamuro-Casino-for-Android-768x330.webp 768w\" sizes=\"auto, (max-width: 1248px) 100vw, 1248px\" \/><\/p>\n<\/div><\/div><div style=\"clear: both\"><\/div><div class=\"d-flex justify-content-center\"><button data-item=\"decouvrez_link\" data-group=\"website_links\" class=\"goto fw-bold rounded-pill btn btn-orange\" aria-label=\"T\u00e9l\u00e9chargez l&#039;application Betsamuro\" >T\u00e9l\u00e9chargez l&#039;application Betsamuro<\/button><\/div><div class=\"scrollable-content-wrap my-5\"><div class=\"scrollable-content-inner\"><h2>Application mobile Betsamuro Casino pour iOS<\/h2>\n<p>Si vous poss\u00e9dez un iPhone ou un iPad, vous b\u00e9n\u00e9ficiez des m\u00eames possibilit\u00e9s sur notre plateforme que n&rsquo;importe quel autre utilisateur. Les utilisateurs peuvent facilement acc\u00e9der au site web de Betsamuro depuis n&rsquo;importe quel navigateur de leur choix. Vous pourrez y profiter de tous les jeux, bonus, m\u00e9thodes de paiement et services de l&rsquo;\u00e9quipe d&rsquo;assistance. Si vous avez d\u00e9j\u00e0 utilis\u00e9 notre version PC, le design et la navigation vous seront familiers.<\/p>\n<p>De plus, nous proposons une application Betsamuro pour iOS. Le processus d&rsquo;installation ne prend que quelques minutes. Nous garantissons que notre logiciel mobile est enti\u00e8rement s\u00e9curis\u00e9. Un cryptage TLS innovant assure la protection de toutes vos informations personnelles et financi\u00e8res contre tout acc\u00e8s non autoris\u00e9. \u00c0 titre de mesure de s\u00e9curit\u00e9 suppl\u00e9mentaire, tous les membres de Betsamuro Casino peuvent activer l&rsquo;authentification \u00e0 deux facteurs sur leurs appareils.<\/p>\n<p><img loading=\"lazy\" decoding=\"async\" class=\"alignnone size-full wp-image-1941\" src=\"https:\/\/bet-samuro.org\/wp-content\/uploads\/2026\/03\/Betsamuro-Casino-for-iOS.webp\" alt=\"Betsamuro Casino for iOS\" width=\"1248\" height=\"536\" srcset=\"https:\/\/bet-samuro.org\/wp-content\/uploads\/2026\/03\/Betsamuro-Casino-for-iOS.webp 1248w, https:\/\/bet-samuro.org\/wp-content\/uploads\/2026\/03\/Betsamuro-Casino-for-iOS-300x129.webp 300w, https:\/\/bet-samuro.org\/wp-content\/uploads\/2026\/03\/Betsamuro-Casino-for-iOS-1024x440.webp 1024w, https:\/\/bet-samuro.org\/wp-content\/uploads\/2026\/03\/Betsamuro-Casino-for-iOS-768x330.webp 768w\" sizes=\"auto, (max-width: 1248px) 100vw, 1248px\" \/><\/p>\n<\/div><\/div><div style=\"clear: both\"><\/div><div class=\"d-flex justify-content-center\"><button data-item=\"decouvrez_link\" data-group=\"website_links\" class=\"goto fw-bold rounded-pill btn btn-orange\" aria-label=\"T\u00e9l\u00e9charger Betsamuro\" >T\u00e9l\u00e9charger Betsamuro<\/button><\/div><div class=\"scrollable-content-wrap my-5\"><div class=\"scrollable-content-inner\"><h2>T\u00e9l\u00e9chargements de l&rsquo;application pour Windows et macOS<\/h2>\n<p>L&rsquo;option classique consistant \u00e0 utiliser Betsamuro sur votre ordinateur de bureau reste accessible \u00e0 tous. Tous les appareils macOS et Windows sont compatibles avec notre site web. L&rsquo;interface s&rsquo;adaptera rapidement \u00e0 la r\u00e9solution et \u00e0 la taille de l&rsquo;\u00e9cran. Si vous avez besoin d&rsquo;un acc\u00e8s plus rapide et souhaitez \u00e9viter de rechercher le site dans le navigateur, vous pouvez installer une ic\u00f4ne de raccourci. Il vous suffit de cliquer sur le bouton \u00ab Ajouter \u00e0 l&rsquo;\u00e9cran d&rsquo;accueil \u00bb lorsque vous visitez la page Betsamuro depuis un PC.<\/p>\n<p>Nous n&rsquo;imposons aucune restriction \u00e0 nos utilisateurs quant au type d&rsquo;appareil ou de plateforme. C&rsquo;est pourquoi vous pouvez choisir l&rsquo;option la plus pratique dans chaque situation sp\u00e9cifique. La r\u00e8gle principale est de ne pas utiliser plusieurs appareils en m\u00eame temps.<\/p>\n<p><img loading=\"lazy\" decoding=\"async\" class=\"alignnone size-full wp-image-1925\" src=\"https:\/\/bet-samuro.org\/wp-content\/uploads\/2026\/03\/Betsamuro-Application-for-PC.webp\" alt=\"Betsamuro Application for PC\" width=\"1248\" height=\"536\" srcset=\"https:\/\/bet-samuro.org\/wp-content\/uploads\/2026\/03\/Betsamuro-Application-for-PC.webp 1248w, https:\/\/bet-samuro.org\/wp-content\/uploads\/2026\/03\/Betsamuro-Application-for-PC-300x129.webp 300w, https:\/\/bet-samuro.org\/wp-content\/uploads\/2026\/03\/Betsamuro-Application-for-PC-1024x440.webp 1024w, https:\/\/bet-samuro.org\/wp-content\/uploads\/2026\/03\/Betsamuro-Application-for-PC-768x330.webp 768w\" sizes=\"auto, (max-width: 1248px) 100vw, 1248px\" \/><\/p>\n<\/div><\/div><div style=\"clear: both\"><\/div><div class=\"d-flex justify-content-center\"><button data-item=\"decouvrez_link\" data-group=\"website_links\" class=\"goto fw-bold rounded-pill btn btn-orange\" aria-label=\"T\u00e9l\u00e9chargez l&#039;application Betsamuro\" >T\u00e9l\u00e9chargez l&#039;application Betsamuro<\/button><\/div><div class=\"scrollable-content-wrap my-5\"><div class=\"scrollable-content-inner\"><h2>FAQ<\/h2>\n<h3>Dois-je me connecter \u00e0 l&rsquo;application Bet Samuro avec le m\u00eame compte que celui que j&rsquo;utilise sur PC ?<\/h3>\n<p>C&rsquo;est la seule fa\u00e7on d&rsquo;utiliser notre casino en ligne sur un appareil mobile. Le r\u00e8glement de Bet Samuro Casino autorise chaque joueur \u00e0 ne poss\u00e9der qu&rsquo;un seul compte. Une fois que vous y aurez acc\u00e9d\u00e9, tout sera synchronis\u00e9 entre vos appareils.<\/p>\n<h3>Puis-je effectuer la proc\u00e9dure de v\u00e9rification via la version mobile ?<\/h3>\n<p>Si vous effectuez votre premier retrait depuis un appareil mobile, vous devez \u00e9galement y effectuer la proc\u00e9dure de v\u00e9rification. La proc\u00e9dure est la m\u00eame que sur PC. Les joueurs doivent t\u00e9l\u00e9charger des copies de leurs documents d&rsquo;identit\u00e9 sur la plateforme afin de v\u00e9rifier leur identit\u00e9, leur \u00e2ge et la propri\u00e9t\u00e9 de leur compte de paiement.<\/p>\n<h3>L&rsquo;application est-elle disponible sur Google Play ou l&rsquo;App Store ?<\/h3>\n<p>Les clients de Betsamuro peuvent installer l&rsquo;application directement depuis le site web en quelques clics. Il vous suffit d&rsquo;un appareil mobile et d&rsquo;une connexion Internet stable. Elle n&rsquo;est actuellement pas disponible dans les boutiques d&rsquo;applications.<\/p>\n<\/div><\/div><\/p>\n","protected":false},"excerpt":{"rendered":"<p>Application Betsamuro : jeux de casino sur mobile Il est difficile d&rsquo;imaginer un site web moderne sans version mobile. Et notre casino en ligne ne fait pas exception \u00e0 la r\u00e8gle. Pour tous les utilisateurs enregistr\u00e9s, nous proposons Betsamuro App pour Android et iOS. Vous pouvez utiliser n&rsquo;importe quel appareil moderne, tel qu&rsquo;un smartphone ou [&hellip;]<\/p>\n","protected":false},"author":1,"featured_media":0,"parent":0,"menu_order":0,"comment_status":"closed","ping_status":"closed","template":"template-builder.php","meta":{"_acf_changed":false,"inline_featured_image":false,"footnotes":""},"class_list":["post-1440","page","type-page","status-publish","hentry"],"acf":[],"yoast_head":"<!-- This site is optimized with the Yoast SEO plugin v27.3 - https:\/\/yoast.com\/product\/yoast-seo-wordpress\/ -->\n<title>Betsamuro Casino App T\u00e9l\u00e9charger | iOS, Android &amp; Bureau<\/title>\n<meta name=\"description\" content=\"Betsamuro Casino App \u2013 t\u00e9l\u00e9chargez l&#039;application pour iOS, Android et bureau pour jouer aux machines \u00e0 sous, jeux de table et casino en direct partout. Profitez de performances fluides et d&#039;un acc\u00e8s complet \u00e0 votre compte avec Bet Samuro.\" \/>\n<meta name=\"robots\" content=\"index, follow, max-snippet:-1, max-image-preview:large, max-video-preview:-1\" \/>\n<link rel=\"canonical\" href=\"https:\/\/bet-samuro.org\/fr\/app\/\" \/>\n<meta property=\"og:locale\" content=\"fr_FR\" \/>\n<meta property=\"og:type\" content=\"article\" \/>\n<meta property=\"og:title\" content=\"Betsamuro Casino App T\u00e9l\u00e9charger | iOS, Android &amp; Bureau\" \/>\n<meta property=\"og:description\" content=\"Betsamuro Casino App \u2013 t\u00e9l\u00e9chargez l&#039;application pour iOS, Android et bureau pour jouer aux machines \u00e0 sous, jeux de table et casino en direct partout. Profitez de performances fluides et d&#039;un acc\u00e8s complet \u00e0 votre compte avec Bet Samuro.\" \/>\n<meta property=\"og:url\" content=\"https:\/\/bet-samuro.org\/fr\/app\/\" \/>\n<meta property=\"og:site_name\" content=\"betsamuro\" \/>\n<meta property=\"article:modified_time\" content=\"2026-03-25T11:55:06+00:00\" \/>\n<meta name=\"twitter:card\" content=\"summary_large_image\" \/>\n<meta name=\"twitter:label1\" content=\"Dur\u00e9e de lecture estim\u00e9e\" \/>\n\t<meta name=\"twitter:data1\" content=\"2 minutes\" \/>\n<script type=\"application\/ld+json\" class=\"yoast-schema-graph\">{\"@context\":\"https:\\\/\\\/schema.org\",\"@graph\":[{\"@type\":\"WebPage\",\"@id\":\"https:\\\/\\\/bet-samuro.org\\\/fr\\\/app\\\/\",\"url\":\"https:\\\/\\\/bet-samuro.org\\\/fr\\\/app\\\/\",\"name\":\"Betsamuro Casino App T\u00e9l\u00e9charger | iOS, Android & Bureau\",\"isPartOf\":{\"@id\":\"https:\\\/\\\/bet-samuro.org\\\/fr\\\/#website\"},\"datePublished\":\"2026-01-20T12:08:23+00:00\",\"dateModified\":\"2026-03-25T11:55:06+00:00\",\"description\":\"Betsamuro Casino App \u2013 t\u00e9l\u00e9chargez l'application pour iOS, Android et bureau pour jouer aux machines \u00e0 sous, jeux de table et casino en direct partout. Profitez de performances fluides et d'un acc\u00e8s complet \u00e0 votre compte avec Bet Samuro.\",\"breadcrumb\":{\"@id\":\"https:\\\/\\\/bet-samuro.org\\\/fr\\\/app\\\/#breadcrumb\"},\"inLanguage\":\"fr-FR\",\"potentialAction\":[{\"@type\":\"ReadAction\",\"target\":[\"https:\\\/\\\/bet-samuro.org\\\/fr\\\/app\\\/\"]}]},{\"@type\":\"BreadcrumbList\",\"@id\":\"https:\\\/\\\/bet-samuro.org\\\/fr\\\/app\\\/#breadcrumb\",\"itemListElement\":[{\"@type\":\"ListItem\",\"position\":1,\"name\":\"Betsamuro\",\"item\":\"https:\\\/\\\/bet-samuro.org\\\/fr\\\/\"},{\"@type\":\"ListItem\",\"position\":2,\"name\":\"App\"}]},{\"@type\":\"WebSite\",\"@id\":\"https:\\\/\\\/bet-samuro.org\\\/fr\\\/#website\",\"url\":\"https:\\\/\\\/bet-samuro.org\\\/fr\\\/\",\"name\":\"Betsamuro\",\"description\":\"\",\"publisher\":{\"@id\":\"https:\\\/\\\/bet-samuro.org\\\/fr\\\/#organization\"},\"potentialAction\":[{\"@type\":\"SearchAction\",\"target\":{\"@type\":\"EntryPoint\",\"urlTemplate\":\"https:\\\/\\\/bet-samuro.org\\\/fr\\\/?s={search_term_string}\"},\"query-input\":{\"@type\":\"PropertyValueSpecification\",\"valueRequired\":true,\"valueName\":\"search_term_string\"}}],\"inLanguage\":\"fr-FR\"},{\"@type\":\"Organization\",\"@id\":\"https:\\\/\\\/bet-samuro.org\\\/fr\\\/#organization\",\"name\":\"Betsamuro\",\"url\":\"https:\\\/\\\/bet-samuro.org\\\/fr\\\/\",\"logo\":{\"@type\":\"ImageObject\",\"inLanguage\":\"fr-FR\",\"@id\":\"https:\\\/\\\/bet-samuro.org\\\/fr\\\/#\\\/schema\\\/logo\\\/image\\\/\",\"url\":\"https:\\\/\\\/bet-samuro.org\\\/wp-content\\\/uploads\\\/2026\\\/03\\\/betsamuro-logo.png\",\"contentUrl\":\"https:\\\/\\\/bet-samuro.org\\\/wp-content\\\/uploads\\\/2026\\\/03\\\/betsamuro-logo.png\",\"width\":150,\"height\":29,\"caption\":\"Betsamuro\"},\"image\":{\"@id\":\"https:\\\/\\\/bet-samuro.org\\\/fr\\\/#\\\/schema\\\/logo\\\/image\\\/\"}}]}<\/script>\n<!-- \/ Yoast SEO plugin. -->","yoast_head_json":{"title":"Betsamuro Casino App T\u00e9l\u00e9charger | iOS, Android & Bureau","description":"Betsamuro Casino App \u2013 t\u00e9l\u00e9chargez l'application pour iOS, Android et bureau pour jouer aux machines \u00e0 sous, jeux de table et casino en direct partout. Profitez de performances fluides et d'un acc\u00e8s complet \u00e0 votre compte avec Bet Samuro.","robots":{"index":"index","follow":"follow","max-snippet":"max-snippet:-1","max-image-preview":"max-image-preview:large","max-video-preview":"max-video-preview:-1"},"canonical":"https:\/\/bet-samuro.org\/fr\/app\/","og_locale":"fr_FR","og_type":"article","og_title":"Betsamuro Casino App T\u00e9l\u00e9charger | iOS, Android & Bureau","og_description":"Betsamuro Casino App \u2013 t\u00e9l\u00e9chargez l'application pour iOS, Android et bureau pour jouer aux machines \u00e0 sous, jeux de table et casino en direct partout. Profitez de performances fluides et d'un acc\u00e8s complet \u00e0 votre compte avec Bet Samuro.","og_url":"https:\/\/bet-samuro.org\/fr\/app\/","og_site_name":"betsamuro","article_modified_time":"2026-03-25T11:55:06+00:00","twitter_card":"summary_large_image","twitter_misc":{"Dur\u00e9e de lecture estim\u00e9e":"2 minutes"},"schema":{"@context":"https:\/\/schema.org","@graph":[{"@type":"WebPage","@id":"https:\/\/bet-samuro.org\/fr\/app\/","url":"https:\/\/bet-samuro.org\/fr\/app\/","name":"Betsamuro Casino App T\u00e9l\u00e9charger | iOS, Android & Bureau","isPartOf":{"@id":"https:\/\/bet-samuro.org\/fr\/#website"},"datePublished":"2026-01-20T12:08:23+00:00","dateModified":"2026-03-25T11:55:06+00:00","description":"Betsamuro Casino App \u2013 t\u00e9l\u00e9chargez l'application pour iOS, Android et bureau pour jouer aux machines \u00e0 sous, jeux de table et casino en direct partout. Profitez de performances fluides et d'un acc\u00e8s complet \u00e0 votre compte avec Bet Samuro.","breadcrumb":{"@id":"https:\/\/bet-samuro.org\/fr\/app\/#breadcrumb"},"inLanguage":"fr-FR","potentialAction":[{"@type":"ReadAction","target":["https:\/\/bet-samuro.org\/fr\/app\/"]}]},{"@type":"BreadcrumbList","@id":"https:\/\/bet-samuro.org\/fr\/app\/#breadcrumb","itemListElement":[{"@type":"ListItem","position":1,"name":"Betsamuro","item":"https:\/\/bet-samuro.org\/fr\/"},{"@type":"ListItem","position":2,"name":"App"}]},{"@type":"WebSite","@id":"https:\/\/bet-samuro.org\/fr\/#website","url":"https:\/\/bet-samuro.org\/fr\/","name":"Betsamuro","description":"","publisher":{"@id":"https:\/\/bet-samuro.org\/fr\/#organization"},"potentialAction":[{"@type":"SearchAction","target":{"@type":"EntryPoint","urlTemplate":"https:\/\/bet-samuro.org\/fr\/?s={search_term_string}"},"query-input":{"@type":"PropertyValueSpecification","valueRequired":true,"valueName":"search_term_string"}}],"inLanguage":"fr-FR"},{"@type":"Organization","@id":"https:\/\/bet-samuro.org\/fr\/#organization","name":"Betsamuro","url":"https:\/\/bet-samuro.org\/fr\/","logo":{"@type":"ImageObject","inLanguage":"fr-FR","@id":"https:\/\/bet-samuro.org\/fr\/#\/schema\/logo\/image\/","url":"https:\/\/bet-samuro.org\/wp-content\/uploads\/2026\/03\/betsamuro-logo.png","contentUrl":"https:\/\/bet-samuro.org\/wp-content\/uploads\/2026\/03\/betsamuro-logo.png","width":150,"height":29,"caption":"Betsamuro"},"image":{"@id":"https:\/\/bet-samuro.org\/fr\/#\/schema\/logo\/image\/"}}]}},"_links":{"self":[{"href":"https:\/\/bet-samuro.org\/fr\/wp-json\/wp\/v2\/pages\/1440","targetHints":{"allow":["GET"]}}],"collection":[{"href":"https:\/\/bet-samuro.org\/fr\/wp-json\/wp\/v2\/pages"}],"about":[{"href":"https:\/\/bet-samuro.org\/fr\/wp-json\/wp\/v2\/types\/page"}],"author":[{"embeddable":true,"href":"https:\/\/bet-samuro.org\/fr\/wp-json\/wp\/v2\/users\/1"}],"replies":[{"embeddable":true,"href":"https:\/\/bet-samuro.org\/fr\/wp-json\/wp\/v2\/comments?post=1440"}],"version-history":[{"count":3,"href":"https:\/\/bet-samuro.org\/fr\/wp-json\/wp\/v2\/pages\/1440\/revisions"}],"predecessor-version":[{"id":2038,"href":"https:\/\/bet-samuro.org\/fr\/wp-json\/wp\/v2\/pages\/1440\/revisions\/2038"}],"wp:attachment":[{"href":"https:\/\/bet-samuro.org\/fr\/wp-json\/wp\/v2\/media?parent=1440"}],"curies":[{"name":"wp","href":"https:\/\/api.w.org\/{rel}","templated":true}]}}