{"id":1482,"date":"2026-01-20T12:11:11","date_gmt":"2026-01-20T12:11:11","guid":{"rendered":"https:\/\/bonuskongcasino.com\/login-and-registration\/"},"modified":"2026-03-25T12:02:56","modified_gmt":"2026-03-25T12:02:56","slug":"connexion-et-inscription","status":"publish","type":"page","link":"https:\/\/bet-samuro.org\/fr\/connexion-et-inscription\/","title":{"rendered":"Connexion et inscription"},"content":{"rendered":"<h1>Connexion \u00e0 Betsamuro<\/h1>\n<p>Nous offrons \u00e0 tous les utilisateurs ayant atteint l&rsquo;\u00e2ge de la majorit\u00e9 (18 ans ou plus) la possibilit\u00e9 de suivre la proc\u00e9dure simple de Betsamuro login. En quelques \u00e9tapes, vous pouvez acc\u00e9der \u00e0 tous les jeux disponibles, aux paiements et, bien s\u00fbr, \u00e0 vos gains. Le bonus de bienvenue sera automatiquement cr\u00e9dit\u00e9 apr\u00e8s la cr\u00e9ation de votre compte et votre premier d\u00e9p\u00f4t.<\/p>\n<p><div class=\"banner-wrap\" aria-label=\"Banner\"><img src=\"https:\/\/bet-samuro.org\/wp-content\/uploads\/2026\/03\/banner-desktop.webp\" class=\"w-100 d-none d-lg-block img-pc main-banner-img\" alt=\"betsamuro bonus desktop\" fetchpriority=\"high\" decoding=\"async\"><img src=\"https:\/\/bet-samuro.org\/wp-content\/uploads\/2026\/03\/banner-mobile.webp\" class=\"w-100 d-none d-md-block d-lg-none main-banner-img\" alt=\"betsamuro bonus mobile\" fetchpriority=\"high\" decoding=\"async\"><img src=\"https:\/\/bet-samuro.org\/wp-content\/uploads\/2026\/03\/banner-mobile.webp\" class=\"w-100 d-md-none\" alt=\"betsamuro bonus mobile\" fetchpriority=\"high\" decoding=\"async\"><div class=\"banner-description\">\n<div class=\"banner-title\">Bonus de bienvenue<\/div>\n<p class=\"banner-header-title\">1500 \u20ac<\/p>\n<div class=\"banner-header-AdditionalText\">+ 250 Tours gratuits<\/div>\n<button data-item=\"homepage_banner_link\" class=\"goto m-button m-gradient-border m-button--primary m-button--large banner-button btn-orange\">\n            <div class=\"m-button-content\">\n                <span>Inscrivez-vous d\u00e8s maintenant<\/span>\n                <span><\/span>\n            <\/div>\n        <\/button>\n<\/div>\n<div class=\"WelcomePack\">\n<p><img loading=\"lazy\" decoding=\"async\" class=\"alignnone size-full wp-image-1837\" src=\"https:\/\/bet-samuro.org\/wp-content\/uploads\/2026\/03\/welcome-crown.png\" alt=\"crown\" width=\"25\" height=\"26\" \/><\/p>\n<div class=\"WelcomePack-Info\">Cashback hebdomadaire jusqu&rsquo;\u00e0 25 %<\/div>\n<p><img loading=\"lazy\" decoding=\"async\" class=\"alignnone size-full wp-image-1837\" src=\"https:\/\/bet-samuro.org\/wp-content\/uploads\/2026\/03\/welcome-crown.png\" alt=\"crown\" width=\"25\" height=\"26\" \/><\/p>\n<\/div>\n<\/div><div class=\"scrollable-content-wrap my-5\"><div class=\"scrollable-content-inner\"><h2>Proc\u00e9dure d&rsquo;inscription \u00e0 Betsamuro<\/h2>\n<p>L&rsquo;inscription sur Bet Samuro Casino est simple et ne prend que quelques minutes. Nous autorisons chaque joueur \u00e0 ne poss\u00e9der qu&rsquo;un seul compte sur notre plateforme. Si vous h\u00e9sitez encore \u00e0 nous communiquer vos informations personnelles, sachez que tout sera parfaitement s\u00e9curis\u00e9. Sur notre plateforme, nous utilisons un cryptage TLS 1.3, et toutes vos activit\u00e9s de connexion \u00e0 Betsamuro sont surveill\u00e9es afin de pr\u00e9venir toute fraude.<\/p>\n<p>Si vous \u00eates pr\u00eat \u00e0 jouer en argent r\u00e9el et \u00e0 profiter de nos bonus et \u00e9v\u00e9nements, suivez les \u00e9tapes d&rsquo;inscription ci-dessous :<\/p>\n<ol>\n<li>Les utilisateurs doivent acc\u00e9der au formulaire d&rsquo;inscription en cliquant sur le bouton situ\u00e9 dans le coin sup\u00e9rieur droit de la page d&rsquo;accueil.<\/li>\n<li>Vous devez remplir le formulaire en indiquant une adresse e-mail valide et un mot de passe fort.<\/li>\n<li>Chaque nouveau joueur doit cocher les cases pour confirmer son \u00e2ge et accepter les r\u00e8gles de Betsamuro.<\/li>\n<li>Apr\u00e8s avoir tout v\u00e9rifi\u00e9, vous devez cliquer sur le bouton situ\u00e9 \u00e0 la fin du formulaire pour terminer l&rsquo;inscription.<\/li>\n<\/ol>\n<h2>Proc\u00e9dure de connexion \u00e0 Betsamuro<\/h2>\n<p>Pour ceux qui poss\u00e8dent d\u00e9j\u00e0 un compte, la proc\u00e9dure est encore plus simple, car il suffit de suivre la proc\u00e9dure de connexion \u00e0 Betsamuro. Vous devrez alors saisir les informations personnelles que vous avez utilis\u00e9es lors de votre inscription. Si vous rencontrez des difficult\u00e9s pour acc\u00e9der \u00e0 votre profil, nous vous recommandons de contacter notre \u00e9quipe d&rsquo;assistance multilingue via le chat en direct ou par e-mail.<\/p>\n<p>Si les joueurs oublient leur mot de passe, ils peuvent utiliser la fonction sp\u00e9ciale de r\u00e9initialisation. Il suffit de cliquer sur le lien \u00ab Mot de passe oubli\u00e9 ? \u00bb dans le formulaire de connexion Betsamuro, et nous vous enverrons les instructions par e-mail.<\/p>\n<h3>Autorisation de l&rsquo;application mobile Bet Samuro<\/h3>\n<p>Nous ne vous imposons aucune restriction quant \u00e0 l&rsquo;appareil \u00e0 utiliser pour acc\u00e9der \u00e0 votre compte et jouer \u00e0 vos jeux pr\u00e9f\u00e9r\u00e9s. Si vous pr\u00e9f\u00e9rez un smartphone ou une tablette, nous vous proposons deux solutions : une version pour navigateur mobile ou une application d\u00e9di\u00e9e. Quel que soit votre choix, vous devez cliquer sur le bouton \u00ab Se connecter \u00bb et saisir vos identifiants Betsamuro Casino. L&rsquo;avantage d&rsquo;un appareil mobile est que vous pouvez utiliser les fonctionnalit\u00e9s biom\u00e9triques (Face ID, Touch ID) pour acc\u00e9der \u00e0 votre compte, ce qui est \u00e0 la fois plus s\u00fbr et plus rapide.<\/p>\n<p><img loading=\"lazy\" decoding=\"async\" class=\"alignnone size-full wp-image-1949\" src=\"https:\/\/bet-samuro.org\/wp-content\/uploads\/2026\/03\/Betsamuro-Login-Page.webp\" alt=\"Betsamuro Login Page\" width=\"1248\" height=\"536\" srcset=\"https:\/\/bet-samuro.org\/wp-content\/uploads\/2026\/03\/Betsamuro-Login-Page.webp 1248w, https:\/\/bet-samuro.org\/wp-content\/uploads\/2026\/03\/Betsamuro-Login-Page-300x129.webp 300w, https:\/\/bet-samuro.org\/wp-content\/uploads\/2026\/03\/Betsamuro-Login-Page-1024x440.webp 1024w, https:\/\/bet-samuro.org\/wp-content\/uploads\/2026\/03\/Betsamuro-Login-Page-768x330.webp 768w\" sizes=\"auto, (max-width: 1248px) 100vw, 1248px\" \/><\/p>\n<h2>Gestion de session<\/h2>\n<p>En cr\u00e9ant un compte sur Betsamuro Casino, vous avez \u00e9galement acc\u00e8s \u00e0 de nombreuses fonctionnalit\u00e9s utiles dans votre profil personnel. Par exemple, vous pouvez modifier vos informations personnelles ou financi\u00e8res \u00e0 tout moment. De plus, vous pouvez consulter l&rsquo;historique de connexion et mettre fin aux sessions sur les appareils que vous n&rsquo;utilisez plus.<\/p>\n<p>Il peut \u00e9galement arriver que nous devions verrouiller ou suspendre votre compte. Mais pas d&rsquo;inqui\u00e9tude, il y a toujours une solution. Dans le tableau ci-dessous, vous trouverez des informations suppl\u00e9mentaires sur la marche \u00e0 suivre en cas de situation difficile chez Bet Samuro.<\/p>\n<table>\n<tbody>\n<tr>\n<td>D\u00e9clencheur<\/td>\n<td>Que se passe-t-il<\/td>\n<td>Ce que vous devez faire<\/td>\n<\/tr>\n<tr>\n<td>Plusieurs tentatives de connexion infructueuses<\/td>\n<td>Verrouillage temporaire du compte ou captcha requis<\/td>\n<td>Attendez quelques minutes ou r\u00e9initialisez votre mot de passe si n\u00e9cessaire<\/td>\n<\/tr>\n<tr>\n<td>Emplacement inhabituel<\/td>\n<td>La session sera suspendue ou signal\u00e9e pour examen<\/td>\n<td>Vous devez v\u00e9rifier votre identit\u00e9 ou \u00e9viter d&rsquo;utiliser un VPN<\/td>\n<\/tr>\n<tr>\n<td>Inactivit\u00e9 prolong\u00e9e<\/td>\n<td>D\u00e9connexion automatique de votre compte<\/td>\n<td>Il vous suffit de vous reconnecter pour reprendre le jeu<\/td>\n<\/tr>\n<tr>\n<td>Connexions simultan\u00e9es<\/td>\n<td>Une session sera interrompue<\/td>\n<td>Utilisez un seul appareil \u00e0 la fois<\/td>\n<\/tr>\n<tr>\n<td>Activit\u00e9 suspecte (par exemple, paris rapides, comportement anormal)<\/td>\n<td>Le compte sera temporairement restreint<\/td>\n<td>Les utilisateurs doivent contacter le service d&rsquo;assistance s&rsquo;ils pensent qu&rsquo;il s&rsquo;agit d&rsquo;une erreur<\/td>\n<\/tr>\n<tr>\n<td>Changement de mot de passe<\/td>\n<td>Toutes les sessions actives sont d\u00e9connect\u00e9es<\/td>\n<td>Reconnectez-vous avec votre nouveau mot de passe<\/td>\n<\/tr>\n<\/tbody>\n<\/table>\n<h2>FAQ<\/h2>\n<h3>L&rsquo;authentification \u00e0 deux facteurs est-elle disponible sur tous les appareils ?<\/h3>\n<p>Les utilisateurs peuvent activer l&rsquo;authentification \u00e0 deux facteurs, qui fonctionnera sur tous les appareils. \u00c0 chaque connexion, vous devrez effectuer une v\u00e9rification d&rsquo;identit\u00e9 via une application sp\u00e9ciale. Il s&rsquo;agit d&rsquo;une couche de protection suppl\u00e9mentaire pour votre profil Betsamuro Casino.<\/p>\n<h3>Comment puis-je fermer ou suspendre temporairement mon compte Bet Samuro ?<\/h3>\n<p>Si vous souhaitez faire une pause dans votre jeu, veuillez contacter notre \u00e9quipe d&rsquo;assistance. Nos responsables vous aideront \u00e0 fermer ou \u00e0 suspendre temporairement votre compte. Ils vous expliqueront \u00e9galement la marche \u00e0 suivre pour recommencer \u00e0 utiliser la plateforme.<\/p>\n<h3>La v\u00e9rification d&rsquo;identit\u00e9 est-elle obligatoire pour tous les retraits ?<\/h3>\n<p>Tous les clients de Betsamuro doivent effectuer la proc\u00e9dure de v\u00e9rification avant leur premier retrait sur la plateforme. La proc\u00e9dure comprend le t\u00e9l\u00e9chargement de documents dans le syst\u00e8me. Une fois votre compte v\u00e9rifi\u00e9, vous ne subirez plus aucun retard suppl\u00e9mentaire.<\/p>\n<\/div><\/div><\/p>\n","protected":false},"excerpt":{"rendered":"<p>Connexion \u00e0 Betsamuro Nous offrons \u00e0 tous les utilisateurs ayant atteint l&rsquo;\u00e2ge de la majorit\u00e9 (18 ans ou plus) la possibilit\u00e9 de suivre la proc\u00e9dure simple de Betsamuro login. En quelques \u00e9tapes, vous pouvez acc\u00e9der \u00e0 tous les jeux disponibles, aux paiements et, bien s\u00fbr, \u00e0 vos gains. Le bonus de bienvenue sera automatiquement cr\u00e9dit\u00e9 [&hellip;]<\/p>\n","protected":false},"author":1,"featured_media":0,"parent":0,"menu_order":0,"comment_status":"closed","ping_status":"closed","template":"template-builder.php","meta":{"_acf_changed":false,"inline_featured_image":false,"footnotes":""},"class_list":["post-1482","page","type-page","status-publish","hentry"],"acf":[],"yoast_head":"<!-- This site is optimized with the Yoast SEO plugin v27.3 - https:\/\/yoast.com\/product\/yoast-seo-wordpress\/ -->\n<title>Betsamuro Casino Connexion &amp; Inscription | Acc\u00e8s S\u00e9curis\u00e9<\/title>\n<meta name=\"description\" content=\"Betsamuro Casino Connexion \u2013 connectez-vous en toute s\u00e9curit\u00e9 ou cr\u00e9ez votre compte en quelques secondes avec un acc\u00e8s crypt\u00e9 et une v\u00e9rification rapide. G\u00e9rez la r\u00e9cup\u00e9ration de mot de passe, les param\u00e8tres de profil et les outils de compte facilement chez Bet Samuro.\" \/>\n<meta name=\"robots\" content=\"index, follow, max-snippet:-1, max-image-preview:large, max-video-preview:-1\" \/>\n<link rel=\"canonical\" href=\"https:\/\/bet-samuro.org\/fr\/connexion-et-inscription\/\" \/>\n<meta property=\"og:locale\" content=\"fr_FR\" \/>\n<meta property=\"og:type\" content=\"article\" \/>\n<meta property=\"og:title\" content=\"Betsamuro Casino Connexion &amp; Inscription | Acc\u00e8s S\u00e9curis\u00e9\" \/>\n<meta property=\"og:description\" content=\"Betsamuro Casino Connexion \u2013 connectez-vous en toute s\u00e9curit\u00e9 ou cr\u00e9ez votre compte en quelques secondes avec un acc\u00e8s crypt\u00e9 et une v\u00e9rification rapide. G\u00e9rez la r\u00e9cup\u00e9ration de mot de passe, les param\u00e8tres de profil et les outils de compte facilement chez Bet Samuro.\" \/>\n<meta property=\"og:url\" content=\"https:\/\/bet-samuro.org\/fr\/connexion-et-inscription\/\" \/>\n<meta property=\"og:site_name\" content=\"betsamuro\" \/>\n<meta property=\"article:modified_time\" content=\"2026-03-25T12:02:56+00:00\" \/>\n<meta name=\"twitter:card\" content=\"summary_large_image\" \/>\n<meta name=\"twitter:label1\" content=\"Dur\u00e9e de lecture estim\u00e9e\" \/>\n\t<meta name=\"twitter:data1\" content=\"1 minute\" \/>\n<script type=\"application\/ld+json\" class=\"yoast-schema-graph\">{\"@context\":\"https:\\\/\\\/schema.org\",\"@graph\":[{\"@type\":\"WebPage\",\"@id\":\"https:\\\/\\\/bet-samuro.org\\\/fr\\\/connexion-et-inscription\\\/\",\"url\":\"https:\\\/\\\/bet-samuro.org\\\/fr\\\/connexion-et-inscription\\\/\",\"name\":\"Betsamuro Casino Connexion & Inscription | Acc\u00e8s S\u00e9curis\u00e9\",\"isPartOf\":{\"@id\":\"https:\\\/\\\/bet-samuro.org\\\/fr\\\/#website\"},\"datePublished\":\"2026-01-20T12:11:11+00:00\",\"dateModified\":\"2026-03-25T12:02:56+00:00\",\"description\":\"Betsamuro Casino Connexion \u2013 connectez-vous en toute s\u00e9curit\u00e9 ou cr\u00e9ez votre compte en quelques secondes avec un acc\u00e8s crypt\u00e9 et une v\u00e9rification rapide. G\u00e9rez la r\u00e9cup\u00e9ration de mot de passe, les param\u00e8tres de profil et les outils de compte facilement chez Bet Samuro.\",\"breadcrumb\":{\"@id\":\"https:\\\/\\\/bet-samuro.org\\\/fr\\\/connexion-et-inscription\\\/#breadcrumb\"},\"inLanguage\":\"fr-FR\",\"potentialAction\":[{\"@type\":\"ReadAction\",\"target\":[\"https:\\\/\\\/bet-samuro.org\\\/fr\\\/connexion-et-inscription\\\/\"]}]},{\"@type\":\"BreadcrumbList\",\"@id\":\"https:\\\/\\\/bet-samuro.org\\\/fr\\\/connexion-et-inscription\\\/#breadcrumb\",\"itemListElement\":[{\"@type\":\"ListItem\",\"position\":1,\"name\":\"Betsamuro\",\"item\":\"https:\\\/\\\/bet-samuro.org\\\/fr\\\/\"},{\"@type\":\"ListItem\",\"position\":2,\"name\":\"Connexion et inscription\"}]},{\"@type\":\"WebSite\",\"@id\":\"https:\\\/\\\/bet-samuro.org\\\/fr\\\/#website\",\"url\":\"https:\\\/\\\/bet-samuro.org\\\/fr\\\/\",\"name\":\"Betsamuro\",\"description\":\"\",\"publisher\":{\"@id\":\"https:\\\/\\\/bet-samuro.org\\\/fr\\\/#organization\"},\"potentialAction\":[{\"@type\":\"SearchAction\",\"target\":{\"@type\":\"EntryPoint\",\"urlTemplate\":\"https:\\\/\\\/bet-samuro.org\\\/fr\\\/?s={search_term_string}\"},\"query-input\":{\"@type\":\"PropertyValueSpecification\",\"valueRequired\":true,\"valueName\":\"search_term_string\"}}],\"inLanguage\":\"fr-FR\"},{\"@type\":\"Organization\",\"@id\":\"https:\\\/\\\/bet-samuro.org\\\/fr\\\/#organization\",\"name\":\"Betsamuro\",\"url\":\"https:\\\/\\\/bet-samuro.org\\\/fr\\\/\",\"logo\":{\"@type\":\"ImageObject\",\"inLanguage\":\"fr-FR\",\"@id\":\"https:\\\/\\\/bet-samuro.org\\\/fr\\\/#\\\/schema\\\/logo\\\/image\\\/\",\"url\":\"https:\\\/\\\/bet-samuro.org\\\/wp-content\\\/uploads\\\/2026\\\/03\\\/betsamuro-logo.png\",\"contentUrl\":\"https:\\\/\\\/bet-samuro.org\\\/wp-content\\\/uploads\\\/2026\\\/03\\\/betsamuro-logo.png\",\"width\":150,\"height\":29,\"caption\":\"Betsamuro\"},\"image\":{\"@id\":\"https:\\\/\\\/bet-samuro.org\\\/fr\\\/#\\\/schema\\\/logo\\\/image\\\/\"}}]}<\/script>\n<!-- \/ Yoast SEO plugin. -->","yoast_head_json":{"title":"Betsamuro Casino Connexion & Inscription | Acc\u00e8s S\u00e9curis\u00e9","description":"Betsamuro Casino Connexion \u2013 connectez-vous en toute s\u00e9curit\u00e9 ou cr\u00e9ez votre compte en quelques secondes avec un acc\u00e8s crypt\u00e9 et une v\u00e9rification rapide. G\u00e9rez la r\u00e9cup\u00e9ration de mot de passe, les param\u00e8tres de profil et les outils de compte facilement chez Bet Samuro.","robots":{"index":"index","follow":"follow","max-snippet":"max-snippet:-1","max-image-preview":"max-image-preview:large","max-video-preview":"max-video-preview:-1"},"canonical":"https:\/\/bet-samuro.org\/fr\/connexion-et-inscription\/","og_locale":"fr_FR","og_type":"article","og_title":"Betsamuro Casino Connexion & Inscription | Acc\u00e8s S\u00e9curis\u00e9","og_description":"Betsamuro Casino Connexion \u2013 connectez-vous en toute s\u00e9curit\u00e9 ou cr\u00e9ez votre compte en quelques secondes avec un acc\u00e8s crypt\u00e9 et une v\u00e9rification rapide. G\u00e9rez la r\u00e9cup\u00e9ration de mot de passe, les param\u00e8tres de profil et les outils de compte facilement chez Bet Samuro.","og_url":"https:\/\/bet-samuro.org\/fr\/connexion-et-inscription\/","og_site_name":"betsamuro","article_modified_time":"2026-03-25T12:02:56+00:00","twitter_card":"summary_large_image","twitter_misc":{"Dur\u00e9e de lecture estim\u00e9e":"1 minute"},"schema":{"@context":"https:\/\/schema.org","@graph":[{"@type":"WebPage","@id":"https:\/\/bet-samuro.org\/fr\/connexion-et-inscription\/","url":"https:\/\/bet-samuro.org\/fr\/connexion-et-inscription\/","name":"Betsamuro Casino Connexion & Inscription | Acc\u00e8s S\u00e9curis\u00e9","isPartOf":{"@id":"https:\/\/bet-samuro.org\/fr\/#website"},"datePublished":"2026-01-20T12:11:11+00:00","dateModified":"2026-03-25T12:02:56+00:00","description":"Betsamuro Casino Connexion \u2013 connectez-vous en toute s\u00e9curit\u00e9 ou cr\u00e9ez votre compte en quelques secondes avec un acc\u00e8s crypt\u00e9 et une v\u00e9rification rapide. G\u00e9rez la r\u00e9cup\u00e9ration de mot de passe, les param\u00e8tres de profil et les outils de compte facilement chez Bet Samuro.","breadcrumb":{"@id":"https:\/\/bet-samuro.org\/fr\/connexion-et-inscription\/#breadcrumb"},"inLanguage":"fr-FR","potentialAction":[{"@type":"ReadAction","target":["https:\/\/bet-samuro.org\/fr\/connexion-et-inscription\/"]}]},{"@type":"BreadcrumbList","@id":"https:\/\/bet-samuro.org\/fr\/connexion-et-inscription\/#breadcrumb","itemListElement":[{"@type":"ListItem","position":1,"name":"Betsamuro","item":"https:\/\/bet-samuro.org\/fr\/"},{"@type":"ListItem","position":2,"name":"Connexion et inscription"}]},{"@type":"WebSite","@id":"https:\/\/bet-samuro.org\/fr\/#website","url":"https:\/\/bet-samuro.org\/fr\/","name":"Betsamuro","description":"","publisher":{"@id":"https:\/\/bet-samuro.org\/fr\/#organization"},"potentialAction":[{"@type":"SearchAction","target":{"@type":"EntryPoint","urlTemplate":"https:\/\/bet-samuro.org\/fr\/?s={search_term_string}"},"query-input":{"@type":"PropertyValueSpecification","valueRequired":true,"valueName":"search_term_string"}}],"inLanguage":"fr-FR"},{"@type":"Organization","@id":"https:\/\/bet-samuro.org\/fr\/#organization","name":"Betsamuro","url":"https:\/\/bet-samuro.org\/fr\/","logo":{"@type":"ImageObject","inLanguage":"fr-FR","@id":"https:\/\/bet-samuro.org\/fr\/#\/schema\/logo\/image\/","url":"https:\/\/bet-samuro.org\/wp-content\/uploads\/2026\/03\/betsamuro-logo.png","contentUrl":"https:\/\/bet-samuro.org\/wp-content\/uploads\/2026\/03\/betsamuro-logo.png","width":150,"height":29,"caption":"Betsamuro"},"image":{"@id":"https:\/\/bet-samuro.org\/fr\/#\/schema\/logo\/image\/"}}]}},"_links":{"self":[{"href":"https:\/\/bet-samuro.org\/fr\/wp-json\/wp\/v2\/pages\/1482","targetHints":{"allow":["GET"]}}],"collection":[{"href":"https:\/\/bet-samuro.org\/fr\/wp-json\/wp\/v2\/pages"}],"about":[{"href":"https:\/\/bet-samuro.org\/fr\/wp-json\/wp\/v2\/types\/page"}],"author":[{"embeddable":true,"href":"https:\/\/bet-samuro.org\/fr\/wp-json\/wp\/v2\/users\/1"}],"replies":[{"embeddable":true,"href":"https:\/\/bet-samuro.org\/fr\/wp-json\/wp\/v2\/comments?post=1482"}],"version-history":[{"count":3,"href":"https:\/\/bet-samuro.org\/fr\/wp-json\/wp\/v2\/pages\/1482\/revisions"}],"predecessor-version":[{"id":2040,"href":"https:\/\/bet-samuro.org\/fr\/wp-json\/wp\/v2\/pages\/1482\/revisions\/2040"}],"wp:attachment":[{"href":"https:\/\/bet-samuro.org\/fr\/wp-json\/wp\/v2\/media?parent=1482"}],"curies":[{"name":"wp","href":"https:\/\/api.w.org\/{rel}","templated":true}]}}