{"id":1445,"date":"2026-01-20T12:08:23","date_gmt":"2026-01-20T12:08:23","guid":{"rendered":"https:\/\/bonuskongcasino.com\/app\/"},"modified":"2026-03-25T13:07:43","modified_gmt":"2026-03-25T13:07:43","slug":"applicazione","status":"publish","type":"page","link":"https:\/\/bet-samuro.org\/it\/applicazione\/","title":{"rendered":"Applicazione"},"content":{"rendered":"<h1>App Betsamuro: giochi da casin\u00f2 su dispositivi mobili<\/h1>\n<p>\u00c8 difficile immaginare un sito web moderno senza una versione mobile. E il nostro casin\u00f2 online non fa eccezione. Per tutti gli utenti registrati dall&#8217;Italia, offriamo Betsamuro App per Android e iOS. Puoi utilizzare qualsiasi dispositivo moderno, come uno smartphone o un tablet. Tutte le funzionalit\u00e0 e i giochi si adatteranno perfettamente alle dimensioni dello schermo grazie a innovative funzionalit\u00e0 di controllo touch.<\/p>\n<div class=\"banner-wrap\" aria-label=\"Banner\"><img src=\"https:\/\/bet-samuro.org\/wp-content\/uploads\/2026\/03\/banner-desktop.webp\" class=\"w-100 d-none d-lg-block img-pc main-banner-img\" alt=\"betsamuro bonus desktop\" fetchpriority=\"high\" decoding=\"async\"><img src=\"https:\/\/bet-samuro.org\/wp-content\/uploads\/2026\/03\/banner-mobile.webp\" class=\"w-100 d-none d-md-block d-lg-none main-banner-img\" alt=\"betsamuro bonus mobile\" fetchpriority=\"high\" decoding=\"async\"><img src=\"https:\/\/bet-samuro.org\/wp-content\/uploads\/2026\/03\/banner-mobile.webp\" class=\"w-100 d-md-none\" alt=\"betsamuro bonus mobile\" fetchpriority=\"high\" decoding=\"async\"><div class=\"banner-description\">\n<div class=\"banner-title\">Bonus di benvenuto<\/div>\n<p class=\"banner-header-title\">1500 \u20ac<\/p>\n<div class=\"banner-header-AdditionalText\">+ 250 Giri gratuiti<\/div>\n<button data-item=\"homepage_banner_link\" class=\"goto m-button m-gradient-border m-button--primary m-button--large banner-button btn-orange\">\n            <div class=\"m-button-content\">\n                <span>Iscriviti ora<\/span>\n                <span><\/span>\n            <\/div>\n        <\/button>\n<\/div>\n<div class=\"WelcomePack\">\n<p><img loading=\"lazy\" decoding=\"async\" class=\"alignnone size-full wp-image-1840\" src=\"https:\/\/bet-samuro.org\/wp-content\/uploads\/2026\/03\/welcome-crown.png\" alt=\"crown\" width=\"25\" height=\"26\" \/><\/p>\n<div class=\"WelcomePack-Info\">Cashback settimanale fino al 25%<\/div>\n<p><img loading=\"lazy\" decoding=\"async\" class=\"alignnone size-full wp-image-1840\" src=\"https:\/\/bet-samuro.org\/wp-content\/uploads\/2026\/03\/welcome-crown.png\" alt=\"crown\" width=\"25\" height=\"26\" \/><\/p>\n<\/div>\n<\/div>\n<h2>Piattaforma mobile Betsamuro<\/h2>\n<p>Non poniamo limiti ai nostri giocatori e offriamo loro diverse opzioni per utilizzare la nostra piattaforma. Se preferisci giocare online mentre sei in movimento, hai due opzioni principali per Betsamuro Casino: la versione browser e un&#8217;app dedicata. Entrambe ti faranno vivere un&#8217;esperienza di gioco completa. Ci\u00f2 significa che avrai a disposizione l&#8217;intera collezione con oltre 6.000 titoli, tra cui slot online, giochi da tavolo, opzioni con croupier dal vivo e molto altro.<\/p>\n<p>Per utilizzare l&#8217;app Betsamuro devi essere un cliente registrato. Ma se non hai ancora un account, puoi crearlo direttamente nella nostra versione mobile del casin\u00f2. La procedura \u00e8 la stessa che su un computer. Dopo aver effettuato l&#8217;accesso allo stesso account su dispositivi diversi, i tuoi risultati e il tuo saldo verranno sincronizzati.<\/p>\n<p>La nostra applicazione \u00e8 molto comoda e facile da usare. Nella tabella qui sotto troverai ulteriori informazioni sui vantaggi che otterrai giocando su un dispositivo mobile.<\/p>\n<table>\n<tbody>\n<tr>\n<td>Caratteristica<\/td>\n<td>Significato<\/td>\n<td>Perch\u00e9 \u00e8 importante<\/td>\n<\/tr>\n<tr>\n<td>Non \u00e8 necessario alcun download<\/td>\n<td>Puoi accedere al casin\u00f2 istantaneamente dal tuo browser e aggiungerlo alla schermata iniziale come icona di collegamento<\/td>\n<td>Si risparmia spazio di archiviazione e si evitano le restrizioni dell&#8217;app store<\/td>\n<\/tr>\n<tr>\n<td>Velocit\u00e0 di caricamento elevata<\/td>\n<td>I giochi e le pagine si aprono rapidamente, anche con una connessione Internet pi\u00f9 lenta<\/td>\n<td>Questo fattore riduce i tempi di attesa e migliora l&#8217;esperienza complessiva<\/td>\n<\/tr>\n<tr>\n<td>Design ottimizzato per dispositivi mobili<\/td>\n<td>La nostra app funziona senza intoppi su telefono, tablet o computer<\/td>\n<td>Gli utenti possono giocare in movimento o a casa senza alcun problema<\/td>\n<\/tr>\n<tr>\n<td>Notifiche push<\/td>\n<td>Puoi ricevere aggiornamenti su bonus, promozioni o qualsiasi altra novit\u00e0<\/td>\n<td>Ti aiuta a rimanere informato senza dover controllare costantemente le pagine di interesse<\/td>\n<\/tr>\n<tr>\n<td>Comodit\u00e0 di pagamento<\/td>\n<td>\u00c8 possibile effettuare depositi e prelievi in modo semplice direttamente dall&#8217;app<\/td>\n<td>I giocatori gestiscono i propri fondi in modo semplice e veloce senza cambiare dispositivo<\/td>\n<\/tr>\n<\/tbody>\n<\/table>\n<p><div class=\"scrollable-content-wrap my-5\"><div class=\"scrollable-content-inner\"><h2>App mobile di Betsamuro Casino per Android<\/h2>\n<p>Tutti gli utenti Android di Betsamuro possono installare facilmente l&#8217;app mobile e godersi tutte le migliori funzionalit\u00e0 del nostro casin\u00f2 online. Non c&#8217;\u00e8 bisogno di preoccuparsi di creare un account su Google Play o su qualsiasi altro app store. Il software mobile \u00e8 una Progressive Web App (PWA). \u00c8 leggero e non occupa molto spazio di archiviazione sul tuo dispositivo. Ti consigliamo vivamente di evitare di scaricare file APK sconosciuti di Betsamuro Casino, poich\u00e9 potrebbero essere pericolosi per il tuo smartphone o tablet.<\/p>\n<p>Se desideri maggiore flessibilit\u00e0 e accedere alla nostra piattaforma con un solo clic, segui le nostre istruzioni di installazione riportate di seguito:<\/p>\n<ol>\n<li>Devi andare sul sito web di Betsamuro dal tuo browser mobile preferito, ad esempio Google Chrome.<\/li>\n<li>\u00c8 necessario cliccare sul pulsante &#8220;Altro&#8221;. Ha l&#8217;aspetto di tre puntini e si trova nell&#8217;angolo della barra degli indirizzi.<\/li>\n<li>Gli utenti devono selezionare &#8220;Aggiungi alla schermata Home&#8221; dall&#8217;elenco e poi toccare &#8220;Aggiungi&#8221; per confermare l&#8217;operazione.<\/li>\n<li>Puoi toccare e tenere premuta l&#8217;icona dell&#8217;app per spostarla e posizionarla nel punto desiderato sullo schermo.<\/li>\n<\/ol>\n<p><img loading=\"lazy\" decoding=\"async\" class=\"alignnone size-full wp-image-1936\" src=\"https:\/\/bet-samuro.org\/wp-content\/uploads\/2026\/03\/Betsamuro-Casino-for-Android.webp\" alt=\"Betsamuro Casino for Android\" width=\"1248\" height=\"536\" srcset=\"https:\/\/bet-samuro.org\/wp-content\/uploads\/2026\/03\/Betsamuro-Casino-for-Android.webp 1248w, https:\/\/bet-samuro.org\/wp-content\/uploads\/2026\/03\/Betsamuro-Casino-for-Android-300x129.webp 300w, https:\/\/bet-samuro.org\/wp-content\/uploads\/2026\/03\/Betsamuro-Casino-for-Android-1024x440.webp 1024w, https:\/\/bet-samuro.org\/wp-content\/uploads\/2026\/03\/Betsamuro-Casino-for-Android-768x330.webp 768w\" sizes=\"auto, (max-width: 1248px) 100vw, 1248px\" \/><\/p>\n<\/div><\/div><div style=\"clear: both\"><\/div><div class=\"d-flex justify-content-center\"><button data-item=\"decouvrez_link\" data-group=\"website_links\" class=\"goto fw-bold rounded-pill btn btn-orange\" aria-label=\"Scarica l&#039;app Betsamuro\" >Scarica l&#039;app Betsamuro<\/button><\/div><div class=\"scrollable-content-wrap my-5\"><div class=\"scrollable-content-inner\"><h2>App mobile di Betsamuro Casino per iOS<\/h2>\n<p>Se possiedi un iPhone o un iPad, avrai le stesse opportunit\u00e0 sulla nostra piattaforma di chiunque altro. Gli utenti possono accedere facilmente al sito web di Bet Samuro da qualsiasi browser preferito. L\u00ec potrai usufruire di tutti i giochi, i bonus, i metodi di pagamento e i servizi del team di assistenza. Se hai gi\u00e0 utilizzato la nostra versione per PC, il design e la navigazione ti risulteranno familiari.<\/p>\n<p>Inoltre, abbiamo un&#8217;app Betsamuro per iOS. Il processo di installazione richiede solo pochi minuti. Garantiamo che il nostro software mobile \u00e8 completamente sicuro. L&#8217;innovativa crittografia TLS assicura che tutte le tue informazioni personali e finanziarie siano protette da accessi non autorizzati. Come misura di sicurezza aggiuntiva, tutti i membri di Betsamuro Casino possono abilitare l&#8217;autenticazione a due fattori sui propri dispositivi.<\/p>\n<p><img loading=\"lazy\" decoding=\"async\" class=\"alignnone size-full wp-image-1944\" src=\"https:\/\/bet-samuro.org\/wp-content\/uploads\/2026\/03\/Betsamuro-Casino-for-iOS.webp\" alt=\"Betsamuro Casino for iOS\" width=\"1248\" height=\"536\" srcset=\"https:\/\/bet-samuro.org\/wp-content\/uploads\/2026\/03\/Betsamuro-Casino-for-iOS.webp 1248w, https:\/\/bet-samuro.org\/wp-content\/uploads\/2026\/03\/Betsamuro-Casino-for-iOS-300x129.webp 300w, https:\/\/bet-samuro.org\/wp-content\/uploads\/2026\/03\/Betsamuro-Casino-for-iOS-1024x440.webp 1024w, https:\/\/bet-samuro.org\/wp-content\/uploads\/2026\/03\/Betsamuro-Casino-for-iOS-768x330.webp 768w\" sizes=\"auto, (max-width: 1248px) 100vw, 1248px\" \/><\/p>\n<\/div><\/div><div style=\"clear: both\"><\/div><div class=\"d-flex justify-content-center\"><button data-item=\"decouvrez_link\" data-group=\"website_links\" class=\"goto fw-bold rounded-pill btn btn-orange\" aria-label=\"Scarica Betsamuro\" >Scarica Betsamuro<\/button><\/div><div class=\"scrollable-content-wrap my-5\"><div class=\"scrollable-content-inner\"><h2>Download delle app per Windows e macOS<\/h2>\n<p>L&#8217;opzione classica di utilizzare Betsamuro sul tuo desktop \u00e8 ancora disponibile per tutti. Tutti i dispositivi macOS e Windows sono compatibili con il nostro sito web. L&#8217;interfaccia si adatter\u00e0 rapidamente alla risoluzione e alle dimensioni dello schermo. Se hai bisogno di un accesso pi\u00f9 rapido e vuoi evitare di cercare nel browser, puoi installare un&#8217;icona di collegamento. Basta cliccare sul pulsante &#8220;Aggiungi alla schermata Home&#8221; quando visiti la pagina di Betsamuro da un PC.<\/p>\n<p>Non limitiamo i nostri utenti a nessun gadget o piattaforma in particolare. Ecco perch\u00e9 puoi scegliere l&#8217;opzione pi\u00f9 comoda in ogni situazione specifica. La regola principale \u00e8 quella di non utilizzare pi\u00f9 dispositivi contemporaneamente.<\/p>\n<p><img loading=\"lazy\" decoding=\"async\" class=\"alignnone size-full wp-image-1928\" src=\"https:\/\/bet-samuro.org\/wp-content\/uploads\/2026\/03\/Betsamuro-Application-for-PC.webp\" alt=\"Betsamuro Application for PC\" width=\"1248\" height=\"536\" srcset=\"https:\/\/bet-samuro.org\/wp-content\/uploads\/2026\/03\/Betsamuro-Application-for-PC.webp 1248w, https:\/\/bet-samuro.org\/wp-content\/uploads\/2026\/03\/Betsamuro-Application-for-PC-300x129.webp 300w, https:\/\/bet-samuro.org\/wp-content\/uploads\/2026\/03\/Betsamuro-Application-for-PC-1024x440.webp 1024w, https:\/\/bet-samuro.org\/wp-content\/uploads\/2026\/03\/Betsamuro-Application-for-PC-768x330.webp 768w\" sizes=\"auto, (max-width: 1248px) 100vw, 1248px\" \/><\/p>\n<\/div><\/div><div style=\"clear: both\"><\/div><div class=\"d-flex justify-content-center\"><button data-item=\"decouvrez_link\" data-group=\"website_links\" class=\"goto fw-bold rounded-pill btn btn-orange\" aria-label=\"Scarica l&#039;app Betsamuro\" >Scarica l&#039;app Betsamuro<\/button><\/div><div class=\"scrollable-content-wrap my-5\"><div class=\"scrollable-content-inner\"><h2>Domande frequenti<\/h2>\n<h3>Devo accedere all&#8217;app Bet Samuro con lo stesso account che uso sul PC?<\/h3>\n<p>Questo \u00e8 l&#8217;unico modo per utilizzare il nostro casin\u00f2 online su un dispositivo mobile. Le regole di Bet Samuro Casino consentono a ciascun giocatore di avere un solo account. Una volta effettuato l&#8217;accesso, tutto verr\u00e0 sincronizzato su tutti i dispositivi.<\/p>\n<h3>Posso completare il processo di verifica tramite la versione mobile?<\/h3>\n<p>Se stai effettuando il primo prelievo da un dispositivo mobile, devi completare la procedura di verifica anche l\u00ec. La procedura sar\u00e0 la stessa di quella per PC. I giocatori devono caricare copie dei propri documenti personali sulla piattaforma per verificare la propria identit\u00e0, et\u00e0 e titolarit\u00e0 del conto di pagamento.<\/p>\n<h3>L&#8217;applicazione \u00e8 disponibile su Google Play o sull&#8217;App Store?<\/h3>\n<p>I clienti di Betsamuro possono installare l&#8217;app direttamente dal sito web con pochi clic. \u00c8 sufficiente un dispositivo mobile e una connessione Internet stabile. Al momento non \u00e8 disponibile negli app store.<\/p>\n<\/div><\/div><\/p>\n","protected":false},"excerpt":{"rendered":"<p>App Betsamuro: giochi da casin\u00f2 su dispositivi mobili \u00c8 difficile immaginare un sito web moderno senza una versione mobile. E il nostro casin\u00f2 online non fa eccezione. Per tutti gli utenti registrati dall&#8217;Italia, offriamo Betsamuro App per Android e iOS. Puoi utilizzare qualsiasi dispositivo moderno, come uno smartphone o un tablet. Tutte le funzionalit\u00e0 e [&hellip;]<\/p>\n","protected":false},"author":1,"featured_media":0,"parent":0,"menu_order":0,"comment_status":"closed","ping_status":"closed","template":"template-builder.php","meta":{"_acf_changed":false,"inline_featured_image":false,"footnotes":""},"class_list":["post-1445","page","type-page","status-publish","hentry"],"acf":[],"yoast_head":"<!-- This site is optimized with the Yoast SEO plugin v27.3 - https:\/\/yoast.com\/product\/yoast-seo-wordpress\/ -->\n<title>Betsamuro Casino App Scarica | iOS, Android &amp; Desktop<\/title>\n<meta name=\"description\" content=\"Betsamuro Casino App \u2013 scarica l&#039;app per iOS, Android e desktop per giocare a slot, giochi da tavolo e casin\u00f2 dal vivo ovunque. Goditi prestazioni fluide e accesso completo al tuo account con Bet Samuro.\" \/>\n<meta name=\"robots\" content=\"index, follow, max-snippet:-1, max-image-preview:large, max-video-preview:-1\" \/>\n<link rel=\"canonical\" href=\"https:\/\/bet-samuro.org\/it\/applicazione\/\" \/>\n<meta property=\"og:locale\" content=\"it_IT\" \/>\n<meta property=\"og:type\" content=\"article\" \/>\n<meta property=\"og:title\" content=\"Betsamuro Casino App Scarica | iOS, Android &amp; Desktop\" \/>\n<meta property=\"og:description\" content=\"Betsamuro Casino App \u2013 scarica l&#039;app per iOS, Android e desktop per giocare a slot, giochi da tavolo e casin\u00f2 dal vivo ovunque. Goditi prestazioni fluide e accesso completo al tuo account con Bet Samuro.\" \/>\n<meta property=\"og:url\" content=\"https:\/\/bet-samuro.org\/it\/applicazione\/\" \/>\n<meta property=\"og:site_name\" content=\"betsamuro\" \/>\n<meta property=\"article:modified_time\" content=\"2026-03-25T13:07:43+00:00\" \/>\n<meta name=\"twitter:card\" content=\"summary_large_image\" \/>\n<meta name=\"twitter:label1\" content=\"Est. reading time\" \/>\n\t<meta name=\"twitter:data1\" content=\"2 minutes\" \/>\n<script type=\"application\/ld+json\" class=\"yoast-schema-graph\">{\"@context\":\"https:\\\/\\\/schema.org\",\"@graph\":[{\"@type\":\"WebPage\",\"@id\":\"https:\\\/\\\/bet-samuro.org\\\/it\\\/applicazione\\\/\",\"url\":\"https:\\\/\\\/bet-samuro.org\\\/it\\\/applicazione\\\/\",\"name\":\"Betsamuro Casino App Scarica | iOS, Android & Desktop\",\"isPartOf\":{\"@id\":\"https:\\\/\\\/bet-samuro.org\\\/it\\\/#website\"},\"datePublished\":\"2026-01-20T12:08:23+00:00\",\"dateModified\":\"2026-03-25T13:07:43+00:00\",\"description\":\"Betsamuro Casino App \u2013 scarica l'app per iOS, Android e desktop per giocare a slot, giochi da tavolo e casin\u00f2 dal vivo ovunque. Goditi prestazioni fluide e accesso completo al tuo account con Bet Samuro.\",\"breadcrumb\":{\"@id\":\"https:\\\/\\\/bet-samuro.org\\\/it\\\/applicazione\\\/#breadcrumb\"},\"inLanguage\":\"it-IT\",\"potentialAction\":[{\"@type\":\"ReadAction\",\"target\":[\"https:\\\/\\\/bet-samuro.org\\\/it\\\/applicazione\\\/\"]}]},{\"@type\":\"BreadcrumbList\",\"@id\":\"https:\\\/\\\/bet-samuro.org\\\/it\\\/applicazione\\\/#breadcrumb\",\"itemListElement\":[{\"@type\":\"ListItem\",\"position\":1,\"name\":\"Betsamuro\",\"item\":\"https:\\\/\\\/bet-samuro.org\\\/it\\\/\"},{\"@type\":\"ListItem\",\"position\":2,\"name\":\"Applicazione\"}]},{\"@type\":\"WebSite\",\"@id\":\"https:\\\/\\\/bet-samuro.org\\\/it\\\/#website\",\"url\":\"https:\\\/\\\/bet-samuro.org\\\/it\\\/\",\"name\":\"Betsamuro\",\"description\":\"\",\"publisher\":{\"@id\":\"https:\\\/\\\/bet-samuro.org\\\/it\\\/#organization\"},\"potentialAction\":[{\"@type\":\"SearchAction\",\"target\":{\"@type\":\"EntryPoint\",\"urlTemplate\":\"https:\\\/\\\/bet-samuro.org\\\/it\\\/?s={search_term_string}\"},\"query-input\":{\"@type\":\"PropertyValueSpecification\",\"valueRequired\":true,\"valueName\":\"search_term_string\"}}],\"inLanguage\":\"it-IT\"},{\"@type\":\"Organization\",\"@id\":\"https:\\\/\\\/bet-samuro.org\\\/it\\\/#organization\",\"name\":\"Betsamuro\",\"url\":\"https:\\\/\\\/bet-samuro.org\\\/it\\\/\",\"logo\":{\"@type\":\"ImageObject\",\"inLanguage\":\"it-IT\",\"@id\":\"https:\\\/\\\/bet-samuro.org\\\/it\\\/#\\\/schema\\\/logo\\\/image\\\/\",\"url\":\"https:\\\/\\\/bet-samuro.org\\\/wp-content\\\/uploads\\\/2026\\\/03\\\/betsamuro-logo.png\",\"contentUrl\":\"https:\\\/\\\/bet-samuro.org\\\/wp-content\\\/uploads\\\/2026\\\/03\\\/betsamuro-logo.png\",\"width\":150,\"height\":29,\"caption\":\"Betsamuro\"},\"image\":{\"@id\":\"https:\\\/\\\/bet-samuro.org\\\/it\\\/#\\\/schema\\\/logo\\\/image\\\/\"}}]}<\/script>\n<!-- \/ Yoast SEO plugin. -->","yoast_head_json":{"title":"Betsamuro Casino App Scarica | iOS, Android & Desktop","description":"Betsamuro Casino App \u2013 scarica l'app per iOS, Android e desktop per giocare a slot, giochi da tavolo e casin\u00f2 dal vivo ovunque. Goditi prestazioni fluide e accesso completo al tuo account con Bet Samuro.","robots":{"index":"index","follow":"follow","max-snippet":"max-snippet:-1","max-image-preview":"max-image-preview:large","max-video-preview":"max-video-preview:-1"},"canonical":"https:\/\/bet-samuro.org\/it\/applicazione\/","og_locale":"it_IT","og_type":"article","og_title":"Betsamuro Casino App Scarica | iOS, Android & Desktop","og_description":"Betsamuro Casino App \u2013 scarica l'app per iOS, Android e desktop per giocare a slot, giochi da tavolo e casin\u00f2 dal vivo ovunque. Goditi prestazioni fluide e accesso completo al tuo account con Bet Samuro.","og_url":"https:\/\/bet-samuro.org\/it\/applicazione\/","og_site_name":"betsamuro","article_modified_time":"2026-03-25T13:07:43+00:00","twitter_card":"summary_large_image","twitter_misc":{"Est. reading time":"2 minutes"},"schema":{"@context":"https:\/\/schema.org","@graph":[{"@type":"WebPage","@id":"https:\/\/bet-samuro.org\/it\/applicazione\/","url":"https:\/\/bet-samuro.org\/it\/applicazione\/","name":"Betsamuro Casino App Scarica | iOS, Android & Desktop","isPartOf":{"@id":"https:\/\/bet-samuro.org\/it\/#website"},"datePublished":"2026-01-20T12:08:23+00:00","dateModified":"2026-03-25T13:07:43+00:00","description":"Betsamuro Casino App \u2013 scarica l'app per iOS, Android e desktop per giocare a slot, giochi da tavolo e casin\u00f2 dal vivo ovunque. Goditi prestazioni fluide e accesso completo al tuo account con Bet Samuro.","breadcrumb":{"@id":"https:\/\/bet-samuro.org\/it\/applicazione\/#breadcrumb"},"inLanguage":"it-IT","potentialAction":[{"@type":"ReadAction","target":["https:\/\/bet-samuro.org\/it\/applicazione\/"]}]},{"@type":"BreadcrumbList","@id":"https:\/\/bet-samuro.org\/it\/applicazione\/#breadcrumb","itemListElement":[{"@type":"ListItem","position":1,"name":"Betsamuro","item":"https:\/\/bet-samuro.org\/it\/"},{"@type":"ListItem","position":2,"name":"Applicazione"}]},{"@type":"WebSite","@id":"https:\/\/bet-samuro.org\/it\/#website","url":"https:\/\/bet-samuro.org\/it\/","name":"Betsamuro","description":"","publisher":{"@id":"https:\/\/bet-samuro.org\/it\/#organization"},"potentialAction":[{"@type":"SearchAction","target":{"@type":"EntryPoint","urlTemplate":"https:\/\/bet-samuro.org\/it\/?s={search_term_string}"},"query-input":{"@type":"PropertyValueSpecification","valueRequired":true,"valueName":"search_term_string"}}],"inLanguage":"it-IT"},{"@type":"Organization","@id":"https:\/\/bet-samuro.org\/it\/#organization","name":"Betsamuro","url":"https:\/\/bet-samuro.org\/it\/","logo":{"@type":"ImageObject","inLanguage":"it-IT","@id":"https:\/\/bet-samuro.org\/it\/#\/schema\/logo\/image\/","url":"https:\/\/bet-samuro.org\/wp-content\/uploads\/2026\/03\/betsamuro-logo.png","contentUrl":"https:\/\/bet-samuro.org\/wp-content\/uploads\/2026\/03\/betsamuro-logo.png","width":150,"height":29,"caption":"Betsamuro"},"image":{"@id":"https:\/\/bet-samuro.org\/it\/#\/schema\/logo\/image\/"}}]}},"_links":{"self":[{"href":"https:\/\/bet-samuro.org\/it\/wp-json\/wp\/v2\/pages\/1445","targetHints":{"allow":["GET"]}}],"collection":[{"href":"https:\/\/bet-samuro.org\/it\/wp-json\/wp\/v2\/pages"}],"about":[{"href":"https:\/\/bet-samuro.org\/it\/wp-json\/wp\/v2\/types\/page"}],"author":[{"embeddable":true,"href":"https:\/\/bet-samuro.org\/it\/wp-json\/wp\/v2\/users\/1"}],"replies":[{"embeddable":true,"href":"https:\/\/bet-samuro.org\/it\/wp-json\/wp\/v2\/comments?post=1445"}],"version-history":[{"count":3,"href":"https:\/\/bet-samuro.org\/it\/wp-json\/wp\/v2\/pages\/1445\/revisions"}],"predecessor-version":[{"id":2064,"href":"https:\/\/bet-samuro.org\/it\/wp-json\/wp\/v2\/pages\/1445\/revisions\/2064"}],"wp:attachment":[{"href":"https:\/\/bet-samuro.org\/it\/wp-json\/wp\/v2\/media?parent=1445"}],"curies":[{"name":"wp","href":"https:\/\/api.w.org\/{rel}","templated":true}]}}