{"id":1485,"date":"2026-01-20T12:11:11","date_gmt":"2026-01-20T12:11:11","guid":{"rendered":"https:\/\/bonuskongcasino.com\/login-and-registration\/"},"modified":"2026-03-25T13:10:54","modified_gmt":"2026-03-25T13:10:54","slug":"accesso-e-registrazione","status":"publish","type":"page","link":"https:\/\/bet-samuro.org\/it\/accesso-e-registrazione\/","title":{"rendered":"Accesso e registrazione"},"content":{"rendered":"<h1>Accesso a Betsamuro<\/h1>\n<p>Offriamo a tutti gli utenti italiani che hanno raggiunto la maggiore et\u00e0 (18 anni o pi\u00f9) l&#8217;opportunit\u00e0 di completare la semplice procedura di Betsamuro login. In pochi passaggi, potrai accedere a tutti i giochi disponibili, ai pagamenti e, naturalmente, alle vincite. Il pacchetto di benvenuto verr\u00e0 accreditato automaticamente dopo aver creato un account ed effettuato il primo deposito.<\/p>\n<p><div class=\"banner-wrap\" aria-label=\"Banner\"><img src=\"https:\/\/bet-samuro.org\/wp-content\/uploads\/2026\/03\/banner-desktop.webp\" class=\"w-100 d-none d-lg-block img-pc main-banner-img\" alt=\"betsamuro bonus desktop\" fetchpriority=\"high\" decoding=\"async\"><img src=\"https:\/\/bet-samuro.org\/wp-content\/uploads\/2026\/03\/banner-mobile.webp\" class=\"w-100 d-none d-md-block d-lg-none main-banner-img\" alt=\"betsamuro bonus mobile\" fetchpriority=\"high\" decoding=\"async\"><img src=\"https:\/\/bet-samuro.org\/wp-content\/uploads\/2026\/03\/banner-mobile.webp\" class=\"w-100 d-md-none\" alt=\"betsamuro bonus mobile\" fetchpriority=\"high\" decoding=\"async\"><div class=\"banner-description\">\n<div class=\"banner-title\">Bonus di benvenuto<\/div>\n<p class=\"banner-header-title\">1500 \u20ac<\/p>\n<div class=\"banner-header-AdditionalText\">+ 250 Giri gratuiti<\/div>\n<button data-item=\"homepage_banner_link\" class=\"goto m-button m-gradient-border m-button--primary m-button--large banner-button btn-orange\">\n            <div class=\"m-button-content\">\n                <span>Iscriviti ora<\/span>\n                <span><\/span>\n            <\/div>\n        <\/button>\n<\/div>\n<div class=\"WelcomePack\">\n<p><img loading=\"lazy\" decoding=\"async\" class=\"alignnone size-full wp-image-1840\" src=\"https:\/\/bet-samuro.org\/wp-content\/uploads\/2026\/03\/welcome-crown.png\" alt=\"crown\" width=\"25\" height=\"26\" \/><\/p>\n<div class=\"WelcomePack-Info\">Cashback settimanale fino al 25%<\/div>\n<p><img loading=\"lazy\" decoding=\"async\" class=\"alignnone size-full wp-image-1840\" src=\"https:\/\/bet-samuro.org\/wp-content\/uploads\/2026\/03\/welcome-crown.png\" alt=\"crown\" width=\"25\" height=\"26\" \/><\/p>\n<\/div>\n<\/div><div class=\"scrollable-content-wrap my-5\"><div class=\"scrollable-content-inner\"><h2>Procedura di registrazione a Betsamuro<\/h2>\n<p>La registrazione su Bet Samuro Casino \u00e8 semplice e richiede solo pochi minuti. Consentiamo a ciascun giocatore di avere un solo account sulla nostra piattaforma. Se stai ancora valutando se sia una buona idea condividere i tuoi dati personali con noi, vogliamo rassicurarti che saranno completamente al sicuro. Sulla nostra piattaforma utilizziamo la crittografia TLS 1.3 e tutte le tue attivit\u00e0 di accesso a Betsamuro vengono monitorate per prevenire le frodi.<\/p>\n<p>Se sei pronto a giocare con soldi veri e a sfruttare i nostri bonus ed eventi, segui i passaggi di registrazione qui sotto:<\/p>\n<ol>\n<li>Gli utenti devono accedere al modulo di registrazione cliccando sul pulsante nell&#8217;angolo in alto a destra della pagina principale.<\/li>\n<li>Devi compilare il modulo con un indirizzo e-mail valido e una password complessa.<\/li>\n<li>\u00c8 necessario che ogni nuovo giocatore spunti le caselle per confermare l&#8217;et\u00e0 e accettare le regole di Betsamuro.<\/li>\n<li>Dopo aver ricontrollato tutto, dovresti cliccare sul pulsante alla fine del modulo per completare la registrazione.<\/li>\n<\/ol>\n<h2>Procedura di accesso a Betsamuro<\/h2>\n<p>Per chi ha gi\u00e0 un account, sar\u00e0 ancora pi\u00f9 facile perch\u00e9 basta seguire la procedura di accesso a Betsamuro. Qui, devi inserire i dati personali che hai usato al momento della registrazione. Se riscontri problemi nell&#8217;accedere al tuo profilo, ti consigliamo di contattare il nostro team di assistenza multilingue tramite live chat o e-mail.<\/p>\n<p>Se i giocatori dimenticano la password, possono utilizzare la funzione speciale di reimpostazione. Basta cliccare sul link &#8220;Hai dimenticato la password?&#8221; nel modulo di accesso a Betsamuro e ti invieremo le istruzioni via e-mail.<\/p>\n<h3>Autorizzazione all&#8217;app mobile di Betsamuro<\/h3>\n<p>Non ti limitiamo nella scelta del dispositivo da utilizzare per accedere al tuo account e giocare ai tuoi giochi preferiti. Se preferisci uno smartphone o un tablet, abbiamo due soluzioni per te: una versione per browser mobile o un&#8217;app dedicata. Indipendentemente da quale scegli, devi cliccare sul pulsante &#8220;Accedi&#8221; e inserire le tue credenziali di accesso a Betsamuro Casino. Il vantaggio di un dispositivo mobile \u00e8 che puoi utilizzare le funzionalit\u00e0 biometriche (Face ID, Touch ID) per accedere al tuo account, il che \u00e8 sicuro e pi\u00f9 veloce.<\/p>\n<p><img loading=\"lazy\" decoding=\"async\" class=\"alignnone size-full wp-image-1952\" src=\"https:\/\/bet-samuro.org\/wp-content\/uploads\/2026\/03\/Betsamuro-Login-Page.webp\" alt=\"Betsamuro Login Page\" width=\"1248\" height=\"536\" srcset=\"https:\/\/bet-samuro.org\/wp-content\/uploads\/2026\/03\/Betsamuro-Login-Page.webp 1248w, https:\/\/bet-samuro.org\/wp-content\/uploads\/2026\/03\/Betsamuro-Login-Page-300x129.webp 300w, https:\/\/bet-samuro.org\/wp-content\/uploads\/2026\/03\/Betsamuro-Login-Page-1024x440.webp 1024w, https:\/\/bet-samuro.org\/wp-content\/uploads\/2026\/03\/Betsamuro-Login-Page-768x330.webp 768w\" sizes=\"auto, (max-width: 1248px) 100vw, 1248px\" \/><\/p>\n<h2>Gestione della sessione<\/h2>\n<p>Creando un account su Betsamuro Casino, avrai anche accesso a molte funzionalit\u00e0 utili nel tuo profilo personale. Ad esempio, puoi modificare in qualsiasi momento le tue informazioni personali o finanziarie. Inoltre, puoi controllare la cronologia degli accessi e terminare le sessioni sui dispositivi che non utilizzi pi\u00f9.<\/p>\n<p>Ci sono anche situazioni in cui possiamo bloccare o sospendere il tuo account. Ma non preoccuparti, c&#8217;\u00e8 sempre una soluzione. Nella tabella qui sotto troverai ulteriori informazioni su cosa fare in situazioni difficili su Bet Samuro.<\/p>\n<table>\n<tbody>\n<tr>\n<td>Motivo<\/td>\n<td>Cosa succede<\/td>\n<td>Cosa dovresti fare<\/td>\n<\/tr>\n<tr>\n<td>Tentativi di accesso falliti multipli<\/td>\n<td>Blocco temporaneo dell&#8217;account o richiesta di captcha<\/td>\n<td>Attendi qualche minuto o, se necessario, reimposta la password<\/td>\n<\/tr>\n<tr>\n<td>Posizione insolita<\/td>\n<td>La sessione verr\u00e0 messa in pausa o segnalata per la revisione<\/td>\n<td>Devi verificare la tua identit\u00e0 o evitare di utilizzare una VPN<\/td>\n<\/tr>\n<tr>\n<td>Inattivit\u00e0 prolungata<\/td>\n<td>Disconnessione automatica dal tuo account<\/td>\n<td>Basta effettuare nuovamente l&#8217;accesso per riprendere a giocare<\/td>\n<\/tr>\n<tr>\n<td>Accessi simultanei<\/td>\n<td>Una sessione verr\u00e0 chiusa<\/td>\n<td>Utilizza un dispositivo alla volta<\/td>\n<\/tr>\n<tr>\n<td>Attivit\u00e0 sospetta (ad es. scommesse rapide, comportamento anomalo)<\/td>\n<td>L&#8217;account verr\u00e0 temporaneamente limitato<\/td>\n<td>Gli utenti devono contattare l&#8217;assistenza se ritengono che si tratti di un errore<\/td>\n<\/tr>\n<tr>\n<td>Modifica della password<\/td>\n<td>Tutte le sessioni attive vengono disconnesse<\/td>\n<td>Accedi nuovamente con la tua nuova password<\/td>\n<\/tr>\n<\/tbody>\n<\/table>\n<h2>Domande frequenti<\/h2>\n<h3>L&#8217;autenticazione a due fattori \u00e8 disponibile su tutti i dispositivi?<\/h3>\n<p>Gli utenti possono abilitare l&#8217;autenticazione a due fattori, che funzioner\u00e0 su tutti i dispositivi. Ogni volta che effettui l&#8217;accesso, dovrai effettuare una verifica dell&#8217;identit\u00e0 tramite un&#8217;app speciale. Si tratta di un ulteriore livello di protezione per il tuo profilo su Betsamuro Casino.<\/p>\n<h3>Come posso chiudere o sospendere temporaneamente il mio account Bet Samuro?<\/h3>\n<p>Se desideri prenderti una pausa dal gioco, contatta il nostro team di assistenza. I nostri responsabili ti aiuteranno a chiudere o sospendere temporaneamente l&#8217;account. Ti spiegheranno inoltre come ricominciare a utilizzare la piattaforma.<\/p>\n<h3>La verifica dell&#8217;identit\u00e0 \u00e8 obbligatoria per tutti i prelievi?<\/h3>\n<p>Tutti i clienti di Betsamuro devono completare il processo di verifica prima del loro primo prelievo sulla piattaforma. La procedura prevede il caricamento dei documenti nel sistema. Una volta verificato il tuo account, non ci saranno ulteriori ritardi.<\/p>\n<\/div><\/div><\/p>\n","protected":false},"excerpt":{"rendered":"<p>Accesso a Betsamuro Offriamo a tutti gli utenti italiani che hanno raggiunto la maggiore et\u00e0 (18 anni o pi\u00f9) l&#8217;opportunit\u00e0 di completare la semplice procedura di Betsamuro login. In pochi passaggi, potrai accedere a tutti i giochi disponibili, ai pagamenti e, naturalmente, alle vincite. Il pacchetto di benvenuto verr\u00e0 accreditato automaticamente dopo aver creato un [&hellip;]<\/p>\n","protected":false},"author":1,"featured_media":0,"parent":0,"menu_order":0,"comment_status":"closed","ping_status":"closed","template":"template-builder.php","meta":{"_acf_changed":false,"inline_featured_image":false,"footnotes":""},"class_list":["post-1485","page","type-page","status-publish","hentry"],"acf":[],"yoast_head":"<!-- This site is optimized with the Yoast SEO plugin v27.3 - https:\/\/yoast.com\/product\/yoast-seo-wordpress\/ -->\n<title>Betsamuro Casino Login &amp; Registrazione | Accesso Sicuro<\/title>\n<meta name=\"description\" content=\"Betsamuro Casino Login \u2013 accedi in modo sicuro o crea il tuo account in pochi secondi con accesso crittografato e verifica rapida. Gestisci il recupero password, le impostazioni del profilo e gli strumenti dell&#039;account facilmente su Bet Samuro.\" \/>\n<meta name=\"robots\" content=\"index, follow, max-snippet:-1, max-image-preview:large, max-video-preview:-1\" \/>\n<link rel=\"canonical\" href=\"https:\/\/bet-samuro.org\/it\/accesso-e-registrazione\/\" \/>\n<meta property=\"og:locale\" content=\"it_IT\" \/>\n<meta property=\"og:type\" content=\"article\" \/>\n<meta property=\"og:title\" content=\"Betsamuro Casino Login &amp; Registrazione | Accesso Sicuro\" \/>\n<meta property=\"og:description\" content=\"Betsamuro Casino Login \u2013 accedi in modo sicuro o crea il tuo account in pochi secondi con accesso crittografato e verifica rapida. Gestisci il recupero password, le impostazioni del profilo e gli strumenti dell&#039;account facilmente su Bet Samuro.\" \/>\n<meta property=\"og:url\" content=\"https:\/\/bet-samuro.org\/it\/accesso-e-registrazione\/\" \/>\n<meta property=\"og:site_name\" content=\"betsamuro\" \/>\n<meta property=\"article:modified_time\" content=\"2026-03-25T13:10:54+00:00\" \/>\n<meta name=\"twitter:card\" content=\"summary_large_image\" \/>\n<meta name=\"twitter:label1\" content=\"Est. reading time\" \/>\n\t<meta name=\"twitter:data1\" content=\"1 minute\" \/>\n<script type=\"application\/ld+json\" class=\"yoast-schema-graph\">{\"@context\":\"https:\\\/\\\/schema.org\",\"@graph\":[{\"@type\":\"WebPage\",\"@id\":\"https:\\\/\\\/bet-samuro.org\\\/it\\\/accesso-e-registrazione\\\/\",\"url\":\"https:\\\/\\\/bet-samuro.org\\\/it\\\/accesso-e-registrazione\\\/\",\"name\":\"Betsamuro Casino Login & Registrazione | Accesso Sicuro\",\"isPartOf\":{\"@id\":\"https:\\\/\\\/bet-samuro.org\\\/it\\\/#website\"},\"datePublished\":\"2026-01-20T12:11:11+00:00\",\"dateModified\":\"2026-03-25T13:10:54+00:00\",\"description\":\"Betsamuro Casino Login \u2013 accedi in modo sicuro o crea il tuo account in pochi secondi con accesso crittografato e verifica rapida. Gestisci il recupero password, le impostazioni del profilo e gli strumenti dell'account facilmente su Bet Samuro.\",\"breadcrumb\":{\"@id\":\"https:\\\/\\\/bet-samuro.org\\\/it\\\/accesso-e-registrazione\\\/#breadcrumb\"},\"inLanguage\":\"it-IT\",\"potentialAction\":[{\"@type\":\"ReadAction\",\"target\":[\"https:\\\/\\\/bet-samuro.org\\\/it\\\/accesso-e-registrazione\\\/\"]}]},{\"@type\":\"BreadcrumbList\",\"@id\":\"https:\\\/\\\/bet-samuro.org\\\/it\\\/accesso-e-registrazione\\\/#breadcrumb\",\"itemListElement\":[{\"@type\":\"ListItem\",\"position\":1,\"name\":\"Betsamuro\",\"item\":\"https:\\\/\\\/bet-samuro.org\\\/it\\\/\"},{\"@type\":\"ListItem\",\"position\":2,\"name\":\"Accesso e registrazione\"}]},{\"@type\":\"WebSite\",\"@id\":\"https:\\\/\\\/bet-samuro.org\\\/it\\\/#website\",\"url\":\"https:\\\/\\\/bet-samuro.org\\\/it\\\/\",\"name\":\"Betsamuro\",\"description\":\"\",\"publisher\":{\"@id\":\"https:\\\/\\\/bet-samuro.org\\\/it\\\/#organization\"},\"potentialAction\":[{\"@type\":\"SearchAction\",\"target\":{\"@type\":\"EntryPoint\",\"urlTemplate\":\"https:\\\/\\\/bet-samuro.org\\\/it\\\/?s={search_term_string}\"},\"query-input\":{\"@type\":\"PropertyValueSpecification\",\"valueRequired\":true,\"valueName\":\"search_term_string\"}}],\"inLanguage\":\"it-IT\"},{\"@type\":\"Organization\",\"@id\":\"https:\\\/\\\/bet-samuro.org\\\/it\\\/#organization\",\"name\":\"Betsamuro\",\"url\":\"https:\\\/\\\/bet-samuro.org\\\/it\\\/\",\"logo\":{\"@type\":\"ImageObject\",\"inLanguage\":\"it-IT\",\"@id\":\"https:\\\/\\\/bet-samuro.org\\\/it\\\/#\\\/schema\\\/logo\\\/image\\\/\",\"url\":\"https:\\\/\\\/bet-samuro.org\\\/wp-content\\\/uploads\\\/2026\\\/03\\\/betsamuro-logo.png\",\"contentUrl\":\"https:\\\/\\\/bet-samuro.org\\\/wp-content\\\/uploads\\\/2026\\\/03\\\/betsamuro-logo.png\",\"width\":150,\"height\":29,\"caption\":\"Betsamuro\"},\"image\":{\"@id\":\"https:\\\/\\\/bet-samuro.org\\\/it\\\/#\\\/schema\\\/logo\\\/image\\\/\"}}]}<\/script>\n<!-- \/ Yoast SEO plugin. -->","yoast_head_json":{"title":"Betsamuro Casino Login & Registrazione | Accesso Sicuro","description":"Betsamuro Casino Login \u2013 accedi in modo sicuro o crea il tuo account in pochi secondi con accesso crittografato e verifica rapida. Gestisci il recupero password, le impostazioni del profilo e gli strumenti dell'account facilmente su Bet Samuro.","robots":{"index":"index","follow":"follow","max-snippet":"max-snippet:-1","max-image-preview":"max-image-preview:large","max-video-preview":"max-video-preview:-1"},"canonical":"https:\/\/bet-samuro.org\/it\/accesso-e-registrazione\/","og_locale":"it_IT","og_type":"article","og_title":"Betsamuro Casino Login & Registrazione | Accesso Sicuro","og_description":"Betsamuro Casino Login \u2013 accedi in modo sicuro o crea il tuo account in pochi secondi con accesso crittografato e verifica rapida. Gestisci il recupero password, le impostazioni del profilo e gli strumenti dell'account facilmente su Bet Samuro.","og_url":"https:\/\/bet-samuro.org\/it\/accesso-e-registrazione\/","og_site_name":"betsamuro","article_modified_time":"2026-03-25T13:10:54+00:00","twitter_card":"summary_large_image","twitter_misc":{"Est. reading time":"1 minute"},"schema":{"@context":"https:\/\/schema.org","@graph":[{"@type":"WebPage","@id":"https:\/\/bet-samuro.org\/it\/accesso-e-registrazione\/","url":"https:\/\/bet-samuro.org\/it\/accesso-e-registrazione\/","name":"Betsamuro Casino Login & Registrazione | Accesso Sicuro","isPartOf":{"@id":"https:\/\/bet-samuro.org\/it\/#website"},"datePublished":"2026-01-20T12:11:11+00:00","dateModified":"2026-03-25T13:10:54+00:00","description":"Betsamuro Casino Login \u2013 accedi in modo sicuro o crea il tuo account in pochi secondi con accesso crittografato e verifica rapida. Gestisci il recupero password, le impostazioni del profilo e gli strumenti dell'account facilmente su Bet Samuro.","breadcrumb":{"@id":"https:\/\/bet-samuro.org\/it\/accesso-e-registrazione\/#breadcrumb"},"inLanguage":"it-IT","potentialAction":[{"@type":"ReadAction","target":["https:\/\/bet-samuro.org\/it\/accesso-e-registrazione\/"]}]},{"@type":"BreadcrumbList","@id":"https:\/\/bet-samuro.org\/it\/accesso-e-registrazione\/#breadcrumb","itemListElement":[{"@type":"ListItem","position":1,"name":"Betsamuro","item":"https:\/\/bet-samuro.org\/it\/"},{"@type":"ListItem","position":2,"name":"Accesso e registrazione"}]},{"@type":"WebSite","@id":"https:\/\/bet-samuro.org\/it\/#website","url":"https:\/\/bet-samuro.org\/it\/","name":"Betsamuro","description":"","publisher":{"@id":"https:\/\/bet-samuro.org\/it\/#organization"},"potentialAction":[{"@type":"SearchAction","target":{"@type":"EntryPoint","urlTemplate":"https:\/\/bet-samuro.org\/it\/?s={search_term_string}"},"query-input":{"@type":"PropertyValueSpecification","valueRequired":true,"valueName":"search_term_string"}}],"inLanguage":"it-IT"},{"@type":"Organization","@id":"https:\/\/bet-samuro.org\/it\/#organization","name":"Betsamuro","url":"https:\/\/bet-samuro.org\/it\/","logo":{"@type":"ImageObject","inLanguage":"it-IT","@id":"https:\/\/bet-samuro.org\/it\/#\/schema\/logo\/image\/","url":"https:\/\/bet-samuro.org\/wp-content\/uploads\/2026\/03\/betsamuro-logo.png","contentUrl":"https:\/\/bet-samuro.org\/wp-content\/uploads\/2026\/03\/betsamuro-logo.png","width":150,"height":29,"caption":"Betsamuro"},"image":{"@id":"https:\/\/bet-samuro.org\/it\/#\/schema\/logo\/image\/"}}]}},"_links":{"self":[{"href":"https:\/\/bet-samuro.org\/it\/wp-json\/wp\/v2\/pages\/1485","targetHints":{"allow":["GET"]}}],"collection":[{"href":"https:\/\/bet-samuro.org\/it\/wp-json\/wp\/v2\/pages"}],"about":[{"href":"https:\/\/bet-samuro.org\/it\/wp-json\/wp\/v2\/types\/page"}],"author":[{"embeddable":true,"href":"https:\/\/bet-samuro.org\/it\/wp-json\/wp\/v2\/users\/1"}],"replies":[{"embeddable":true,"href":"https:\/\/bet-samuro.org\/it\/wp-json\/wp\/v2\/comments?post=1485"}],"version-history":[{"count":3,"href":"https:\/\/bet-samuro.org\/it\/wp-json\/wp\/v2\/pages\/1485\/revisions"}],"predecessor-version":[{"id":2066,"href":"https:\/\/bet-samuro.org\/it\/wp-json\/wp\/v2\/pages\/1485\/revisions\/2066"}],"wp:attachment":[{"href":"https:\/\/bet-samuro.org\/it\/wp-json\/wp\/v2\/media?parent=1485"}],"curies":[{"name":"wp","href":"https:\/\/api.w.org\/{rel}","templated":true}]}}