{"id":1447,"date":"2026-01-20T12:08:23","date_gmt":"2026-01-20T12:08:23","guid":{"rendered":"https:\/\/bonuskongcasino.com\/app\/"},"modified":"2026-03-25T13:24:53","modified_gmt":"2026-03-25T13:24:53","slug":"aplikacja","status":"publish","type":"page","link":"https:\/\/bet-samuro.org\/pl\/aplikacja\/","title":{"rendered":"Aplikacja"},"content":{"rendered":"<h1>Aplikacja Betsamuro: mobilne gry kasynowe<\/h1>\n<p>Trudno wyobrazi\u0107 sobie nowoczesn\u0105 stron\u0119 internetow\u0105 bez wersji mobilnej. Nasze kasyno online nie jest tu wyj\u0105tkiem. Wszystkim zarejestrowanym u\u017cytkownikom z Polski oferujemy Betsamuro App na systemy Android i iOS. Mo\u017cesz korzysta\u0107 z dowolnego nowoczesnego urz\u0105dzenia, takiego jak smartfon lub tablet. Wszystkie funkcje i gry idealnie dostosuj\u0105 si\u0119 do rozmiaru ekranu dzi\u0119ki innowacyjnym funkcjom sterowania dotykowego.<\/p>\n<div class=\"banner-wrap\" aria-label=\"Banner\"><img src=\"https:\/\/bet-samuro.org\/wp-content\/uploads\/2026\/03\/banner-desktop.webp\" class=\"w-100 d-none d-lg-block img-pc main-banner-img\" alt=\"betsamuro bonus desktop\" fetchpriority=\"high\" decoding=\"async\"><img src=\"https:\/\/bet-samuro.org\/wp-content\/uploads\/2026\/03\/banner-mobile.webp\" class=\"w-100 d-none d-md-block d-lg-none main-banner-img\" alt=\"betsamuro bonus mobile\" fetchpriority=\"high\" decoding=\"async\"><img src=\"https:\/\/bet-samuro.org\/wp-content\/uploads\/2026\/03\/banner-mobile.webp\" class=\"w-100 d-md-none\" alt=\"betsamuro bonus mobile\" fetchpriority=\"high\" decoding=\"async\"><div class=\"banner-description\">\n<div class=\"banner-title\">Bonusy powitalne<\/div>\n<p class=\"banner-header-title\">1500 \u20ac<\/p>\n<div class=\"banner-header-AdditionalText\">+ 250 Darmowe spiny<\/div>\n<button data-item=\"homepage_banner_link\" class=\"goto m-button m-gradient-border m-button--primary m-button--large banner-button btn-orange\">\n            <div class=\"m-button-content\">\n                <span>Zarejestruj si\u0119 teraz<\/span>\n                <span><\/span>\n            <\/div>\n        <\/button>\n<\/div>\n<div class=\"WelcomePack\">\n<p><img loading=\"lazy\" decoding=\"async\" class=\"alignnone size-full wp-image-1841\" src=\"https:\/\/bet-samuro.org\/wp-content\/uploads\/2026\/03\/welcome-crown.png\" alt=\"crown\" width=\"25\" height=\"26\" \/><\/p>\n<div class=\"WelcomePack-Info\">Cotygodniowy zwrot got\u00f3wki do 25%<\/div>\n<p><img loading=\"lazy\" decoding=\"async\" class=\"alignnone size-full wp-image-1841\" src=\"https:\/\/bet-samuro.org\/wp-content\/uploads\/2026\/03\/welcome-crown.png\" alt=\"crown\" width=\"25\" height=\"26\" \/><\/p>\n<\/div>\n<\/div>\n<h2>Platforma mobilna Betsamuro<\/h2>\n<p>Nie ograniczamy naszych graczy i oferujemy im wiele opcji korzystania z naszej platformy. Je\u015bli wolisz gra\u0107 online w podr\u00f3\u017cy, masz dwie g\u0142\u00f3wne opcje w kasynie Betsamuro: wersj\u0119 przegl\u0105darkow\u0105 i dedykowan\u0105 aplikacj\u0119. Obie zapewni\u0105 Ci pe\u0142ni\u0119 wra\u017ce\u0144 z gry. Oznacza to, \u017ce dost\u0119pna b\u0119dzie dla Ciebie ca\u0142a kolekcja ponad 6 000 tytu\u0142\u00f3w, w tym automaty online, gry sto\u0142owe, opcje z krupierem na \u017cywo i wiele wi\u0119cej.<\/p>\n<p>Aby korzysta\u0107 z aplikacji Betsamuro, musisz by\u0107 zarejestrowanym klientem. Je\u015bli jednak nie masz jeszcze konta, mo\u017cesz je za\u0142o\u017cy\u0107 bezpo\u015brednio w naszej mobilnej wersji kasyna. Proces ten przebiega tak samo jak na komputerze stacjonarnym. Po zalogowaniu si\u0119 na to samo konto na r\u00f3\u017cnych urz\u0105dzeniach Twoje osi\u0105gni\u0119cia i saldo zostan\u0105 zsynchronizowane.<\/p>\n<p>Nasza aplikacja jest bardzo wygodna i \u0142atwa w u\u017cyciu. W poni\u017cszej tabeli znajdziesz wi\u0119cej informacji na temat korzy\u015bci, jakie uzyskasz, graj\u0105c na urz\u0105dzeniu mobilnym.<\/p>\n<table>\n<tbody>\n<tr>\n<td>Funkcja<\/td>\n<td>Znaczenie<\/td>\n<td>Dlaczego to ma znaczenie<\/td>\n<\/tr>\n<tr>\n<td>Nie trzeba nic pobiera\u0107<\/td>\n<td>Mo\u017cesz uzyska\u0107 natychmiastowy dost\u0119p do kasyna z przegl\u0105darki i doda\u0107 je do ekranu g\u0142\u00f3wnego jako ikon\u0119 skr\u00f3tu<\/td>\n<td>Oszcz\u0119dza to miejsce w pami\u0119ci i pozwala unikn\u0105\u0107 ogranicze\u0144 sklepu z aplikacjami<\/td>\n<\/tr>\n<tr>\n<td>Szybkie \u0142adowanie<\/td>\n<td>Gry i strony otwieraj\u0105 si\u0119 szybko, nawet przy wolniejszym po\u0142\u0105czeniu internetowym<\/td>\n<td>Ten czynnik skraca czas oczekiwania i poprawia og\u00f3lne wra\u017cenia<\/td>\n<\/tr>\n<tr>\n<td>Projekt zoptymalizowany pod k\u0105tem urz\u0105dze\u0144 mobilnych<\/td>\n<td>Nasza aplikacja dzia\u0142a p\u0142ynnie na telefonie, tablecie lub komputerze<\/td>\n<td>U\u017cytkownicy mog\u0105 gra\u0107 w podr\u00f3\u017cy lub w domu bez \u017cadnych problem\u00f3w<\/td>\n<\/tr>\n<tr>\n<td>Powiadomienia push<\/td>\n<td>Mo\u017cesz otrzymywa\u0107 aktualizacje dotycz\u0105ce bonus\u00f3w, promocji i innych nowo\u015bci<\/td>\n<td>Dzi\u0119ki temu jeste\u015b na bie\u017c\u0105co, bez konieczno\u015bci ci\u0105g\u0142ego sprawdzania odpowiednich stron<\/td>\n<\/tr>\n<tr>\n<td>Wygoda p\u0142atno\u015bci<\/td>\n<td>\u0141atwe wp\u0142aty i wyp\u0142aty mo\u017cna realizowa\u0107 bezpo\u015brednio w aplikacji<\/td>\n<td>Gracze zarz\u0105dzaj\u0105 swoimi \u015brodkami w prosty i szybki spos\u00f3b bez konieczno\u015bci zmiany urz\u0105dzenia<\/td>\n<\/tr>\n<\/tbody>\n<\/table>\n<p><div class=\"scrollable-content-wrap my-5\"><div class=\"scrollable-content-inner\"><h2>Aplikacja mobilna Betsamuro Casino na Androida<\/h2>\n<p>Wszyscy u\u017cytkownicy Bet Samuro z systemem Android mog\u0105 \u0142atwo zainstalowa\u0107 aplikacj\u0119 mobiln\u0105 i cieszy\u0107 si\u0119 wszystkimi najlepszymi funkcjami naszego kasyna online. Nie musisz martwi\u0107 si\u0119 o zak\u0142adanie konta w Google Play ani w \u017cadnym innym sklepie z aplikacjami. Oprogramowanie mobilne jest progresywn\u0105 aplikacj\u0105 internetow\u0105 (PWA). Jest lekkie i nie zajmuje du\u017co miejsca w pami\u0119ci urz\u0105dzenia. Zdecydowanie zalecamy unikanie pobierania nieznanych plik\u00f3w APK kasyna Betsamuro, poniewa\u017c mog\u0105 one stanowi\u0107 zagro\u017cenie dla Twojego smartfona lub tabletu.<\/p>\n<p>Je\u015bli chcesz mie\u0107 wi\u0119ksz\u0105 elastyczno\u015b\u0107 i uzyska\u0107 dost\u0119p do naszej platformy jednym klikni\u0119ciem, post\u0119puj zgodnie z poni\u017cszymi instrukcjami instalacji:<\/p>\n<ol>\n<li>Wejd\u017a na stron\u0119 Betsamuro w swojej ulubionej przegl\u0105darce mobilnej, na przyk\u0142ad Google Chrome.<\/li>\n<li>Nale\u017cy klikn\u0105\u0107 przycisk \u201eWi\u0119cej\u201d. Wygl\u0105da on jak trzy kropki i znajduje si\u0119 w rogu paska adresu.<\/li>\n<li>U\u017cytkownicy musz\u0105 wybra\u0107 \u201eDodaj do ekranu g\u0142\u00f3wnego\u201d z listy, a nast\u0119pnie nacisn\u0105\u0107 \u201eDodaj\u201d, aby potwierdzi\u0107 dzia\u0142anie.<\/li>\n<li>Mo\u017cesz dotkn\u0105\u0107 i przytrzyma\u0107 ikon\u0119 aplikacji, aby j\u0105 przesun\u0105\u0107 i umie\u015bci\u0107 w wybranym miejscu na ekranie.<\/li>\n<\/ol>\n<p><img loading=\"lazy\" decoding=\"async\" class=\"alignnone size-full wp-image-1937\" src=\"https:\/\/bet-samuro.org\/wp-content\/uploads\/2026\/03\/Betsamuro-Casino-for-Android.webp\" alt=\"Betsamuro Casino for Android\" width=\"1248\" height=\"536\" srcset=\"https:\/\/bet-samuro.org\/wp-content\/uploads\/2026\/03\/Betsamuro-Casino-for-Android.webp 1248w, https:\/\/bet-samuro.org\/wp-content\/uploads\/2026\/03\/Betsamuro-Casino-for-Android-300x129.webp 300w, https:\/\/bet-samuro.org\/wp-content\/uploads\/2026\/03\/Betsamuro-Casino-for-Android-1024x440.webp 1024w, https:\/\/bet-samuro.org\/wp-content\/uploads\/2026\/03\/Betsamuro-Casino-for-Android-768x330.webp 768w\" sizes=\"auto, (max-width: 1248px) 100vw, 1248px\" \/><\/p>\n<\/div><\/div><div style=\"clear: both\"><\/div><div class=\"d-flex justify-content-center\"><button data-item=\"decouvrez_link\" data-group=\"website_links\" class=\"goto fw-bold rounded-pill btn btn-orange\" aria-label=\"Pobierz aplikacj\u0119 Betsamuro\" >Pobierz aplikacj\u0119 Betsamuro<\/button><\/div><div class=\"scrollable-content-wrap my-5\"><div class=\"scrollable-content-inner\"><h2>Aplikacja mobilna kasyna Betsamuro na iOS<\/h2>\n<p>Je\u015bli jeste\u015b w\u0142a\u015bcicielem iPhone&#8217;a lub iPada, masz na naszej platformie takie same mo\u017cliwo\u015bci jak ka\u017cdy inny u\u017cytkownik. U\u017cytkownicy mog\u0105 \u0142atwo uzyska\u0107 dost\u0119p do strony internetowej Bet Samuro w dowolnej przegl\u0105darce. Mo\u017cna tam korzysta\u0107 ze wszystkich gier, bonus\u00f3w, metod p\u0142atno\u015bci i us\u0142ug zespo\u0142u obs\u0142ugi klienta. Je\u015bli korzysta\u0142e\u015b ju\u017c z naszej wersji na komputery PC, wygl\u0105d i nawigacja b\u0119d\u0105 Ci znane.<\/p>\n<p>Ponadto oferujemy aplikacj\u0119 Betsamuro na iOS. Proces instalacji zajmuje zaledwie kilka minut. Gwarantujemy, \u017ce nasze oprogramowanie mobilne jest w pe\u0142ni bezpieczne. Innowacyjne szyfrowanie TLS zapewnia ochron\u0119 wszystkich danych osobowych i finansowych przed nieuprawnionym dost\u0119pem. Jako dodatkowe zabezpieczenie wszyscy cz\u0142onkowie kasyna Betsamuro mog\u0105 w\u0142\u0105czy\u0107 uwierzytelnianie dwusk\u0142adnikowe na swoich urz\u0105dzeniach.<\/p>\n<p><img loading=\"lazy\" decoding=\"async\" class=\"alignnone size-full wp-image-1945\" src=\"https:\/\/bet-samuro.org\/wp-content\/uploads\/2026\/03\/Betsamuro-Casino-for-iOS.webp\" alt=\"Betsamuro Casino for iOS\" width=\"1248\" height=\"536\" srcset=\"https:\/\/bet-samuro.org\/wp-content\/uploads\/2026\/03\/Betsamuro-Casino-for-iOS.webp 1248w, https:\/\/bet-samuro.org\/wp-content\/uploads\/2026\/03\/Betsamuro-Casino-for-iOS-300x129.webp 300w, https:\/\/bet-samuro.org\/wp-content\/uploads\/2026\/03\/Betsamuro-Casino-for-iOS-1024x440.webp 1024w, https:\/\/bet-samuro.org\/wp-content\/uploads\/2026\/03\/Betsamuro-Casino-for-iOS-768x330.webp 768w\" sizes=\"auto, (max-width: 1248px) 100vw, 1248px\" \/><\/p>\n<\/div><\/div><div style=\"clear: both\"><\/div><div class=\"d-flex justify-content-center\"><button data-item=\"decouvrez_link\" data-group=\"website_links\" class=\"goto fw-bold rounded-pill btn btn-orange\" aria-label=\"Pobierz Betsamuro\" >Pobierz Betsamuro<\/button><\/div><div class=\"scrollable-content-wrap my-5\"><div class=\"scrollable-content-inner\"><h2>Pobieranie aplikacji na Windows i macOS<\/h2>\n<p>Klasyczna opcja korzystania z Betsamuro na komputerze stacjonarnym jest nadal dost\u0119pna dla wszystkich. Wszystkie urz\u0105dzenia z macOS i Windows s\u0105 kompatybilne z nasz\u0105 stron\u0105 internetow\u0105. Interfejs szybko dostosuje si\u0119 do rozdzielczo\u015bci i rozmiaru ekranu. Je\u015bli potrzebujesz szybszego dost\u0119pu i chcesz unikn\u0105\u0107 wyszukiwania w przegl\u0105darce, mo\u017cesz zainstalowa\u0107 ikon\u0119 skr\u00f3tu. Wystarczy klikn\u0105\u0107 przycisk \u201eDodaj do ekranu g\u0142\u00f3wnego\u201d podczas odwiedzania strony Betsamuro z komputera.<\/p>\n<p>Nie ograniczamy naszych u\u017cytkownik\u00f3w do \u017cadnego konkretnego gad\u017cetu ani platformy. Dlatego w ka\u017cdej konkretnej sytuacji mo\u017cesz wybra\u0107 najwygodniejsz\u0105 opcj\u0119. G\u0142\u00f3wna zasada to nie u\u017cywanie wielu urz\u0105dze\u0144 jednocze\u015bnie.<\/p>\n<p><img loading=\"lazy\" decoding=\"async\" class=\"alignnone size-full wp-image-1929\" src=\"https:\/\/bet-samuro.org\/wp-content\/uploads\/2026\/03\/Betsamuro-Application-for-PC.webp\" alt=\"Betsamuro Application for PC\" width=\"1248\" height=\"536\" srcset=\"https:\/\/bet-samuro.org\/wp-content\/uploads\/2026\/03\/Betsamuro-Application-for-PC.webp 1248w, https:\/\/bet-samuro.org\/wp-content\/uploads\/2026\/03\/Betsamuro-Application-for-PC-300x129.webp 300w, https:\/\/bet-samuro.org\/wp-content\/uploads\/2026\/03\/Betsamuro-Application-for-PC-1024x440.webp 1024w, https:\/\/bet-samuro.org\/wp-content\/uploads\/2026\/03\/Betsamuro-Application-for-PC-768x330.webp 768w\" sizes=\"auto, (max-width: 1248px) 100vw, 1248px\" \/><\/p>\n<\/div><\/div><div style=\"clear: both\"><\/div><div class=\"d-flex justify-content-center\"><button data-item=\"decouvrez_link\" data-group=\"website_links\" class=\"goto fw-bold rounded-pill btn btn-orange\" aria-label=\"Pobierz aplikacj\u0119 Betsamuro\" >Pobierz aplikacj\u0119 Betsamuro<\/button><\/div><div class=\"scrollable-content-wrap my-5\"><div class=\"scrollable-content-inner\"><h2>Cz\u0119sto zadawane pytania<\/h2>\n<h3>Czy powinienem zalogowa\u0107 si\u0119 do aplikacji Bet Samuro przy u\u017cyciu tego samego konta, kt\u00f3rego u\u017cywam na komputerze?<\/h3>\n<p>To jedyny spos\u00f3b, aby korzysta\u0107 z naszego kasyna online na urz\u0105dzeniu mobilnym. Zasady Bet Samuro Casino pozwalaj\u0105 ka\u017cdemu graczowi na posiadanie tylko jednego konta. Po zalogowaniu si\u0119 wszystko zostanie zsynchronizowane na wszystkich urz\u0105dzeniach.<\/p>\n<h3>Czy mog\u0119 przej\u015b\u0107 proces weryfikacji w wersji mobilnej?<\/h3>\n<p>Je\u015bli dokonujesz pierwszej wyp\u0142aty z urz\u0105dzenia mobilnego, musisz r\u00f3wnie\u017c tam przej\u015b\u0107 proces weryfikacji. Procedura b\u0119dzie taka sama jak na komputerze. Gracze musz\u0105 przes\u0142a\u0107 kopie swoich dokument\u00f3w osobistych na platform\u0119, aby zweryfikowa\u0107 swoj\u0105 to\u017csamo\u015b\u0107, wiek i prawo w\u0142asno\u015bci do konta p\u0142atniczego.<\/p>\n<h3>Czy aplikacja jest dost\u0119pna w Google Play lub App Store?<\/h3>\n<p>Klienci Betsamuro mog\u0105 zainstalowa\u0107 aplikacj\u0119 bezpo\u015brednio ze strony internetowej za pomoc\u0105 kilku klikni\u0119\u0107. Potrzebne jest tylko urz\u0105dzenie mobilne i stabilne po\u0142\u0105czenie internetowe. Obecnie aplikacja nie jest dost\u0119pna w sklepach z aplikacjami.<\/p>\n<\/div><\/div><\/p>\n","protected":false},"excerpt":{"rendered":"<p>Aplikacja Betsamuro: mobilne gry kasynowe Trudno wyobrazi\u0107 sobie nowoczesn\u0105 stron\u0119 internetow\u0105 bez wersji mobilnej. Nasze kasyno online nie jest tu wyj\u0105tkiem. Wszystkim zarejestrowanym u\u017cytkownikom z Polski oferujemy Betsamuro App na systemy Android i iOS. Mo\u017cesz korzysta\u0107 z dowolnego nowoczesnego urz\u0105dzenia, takiego jak smartfon lub tablet. Wszystkie funkcje i gry idealnie dostosuj\u0105 si\u0119 do rozmiaru ekranu [&hellip;]<\/p>\n","protected":false},"author":1,"featured_media":0,"parent":0,"menu_order":0,"comment_status":"closed","ping_status":"closed","template":"template-builder.php","meta":{"_acf_changed":false,"inline_featured_image":false,"footnotes":""},"class_list":["post-1447","page","type-page","status-publish","hentry"],"acf":[],"yoast_head":"<!-- This site is optimized with the Yoast SEO plugin v27.3 - https:\/\/yoast.com\/product\/yoast-seo-wordpress\/ -->\n<title>Betsamuro Casino App Pobierz | iOS, Android &amp; Desktop<\/title>\n<meta name=\"description\" content=\"Betsamuro Casino App \u2013 pobierz aplikacj\u0119 na iOS, Android i desktop, aby gra\u0107 w sloty, gry sto\u0142owe i kasyno na \u017cywo gdziekolwiek jeste\u015b. Ciesz si\u0119 p\u0142ynnym dzia\u0142aniem i pe\u0142nym dost\u0119pem do konta z Bet Samuro.\" \/>\n<meta name=\"robots\" content=\"index, follow, max-snippet:-1, max-image-preview:large, max-video-preview:-1\" \/>\n<link rel=\"canonical\" href=\"https:\/\/bet-samuro.org\/pl\/aplikacja\/\" \/>\n<meta property=\"og:locale\" content=\"pl_PL\" \/>\n<meta property=\"og:type\" content=\"article\" \/>\n<meta property=\"og:title\" content=\"Betsamuro Casino App Pobierz | iOS, Android &amp; Desktop\" \/>\n<meta property=\"og:description\" content=\"Betsamuro Casino App \u2013 pobierz aplikacj\u0119 na iOS, Android i desktop, aby gra\u0107 w sloty, gry sto\u0142owe i kasyno na \u017cywo gdziekolwiek jeste\u015b. Ciesz si\u0119 p\u0142ynnym dzia\u0142aniem i pe\u0142nym dost\u0119pem do konta z Bet Samuro.\" \/>\n<meta property=\"og:url\" content=\"https:\/\/bet-samuro.org\/pl\/aplikacja\/\" \/>\n<meta property=\"og:site_name\" content=\"betsamuro\" \/>\n<meta property=\"article:modified_time\" content=\"2026-03-25T13:24:53+00:00\" \/>\n<meta name=\"twitter:card\" content=\"summary_large_image\" \/>\n<meta name=\"twitter:label1\" content=\"Est. reading time\" \/>\n\t<meta name=\"twitter:data1\" content=\"2 minutes\" \/>\n<script type=\"application\/ld+json\" class=\"yoast-schema-graph\">{\"@context\":\"https:\\\/\\\/schema.org\",\"@graph\":[{\"@type\":\"WebPage\",\"@id\":\"https:\\\/\\\/bet-samuro.org\\\/pl\\\/aplikacja\\\/\",\"url\":\"https:\\\/\\\/bet-samuro.org\\\/pl\\\/aplikacja\\\/\",\"name\":\"Betsamuro Casino App Pobierz | iOS, Android & Desktop\",\"isPartOf\":{\"@id\":\"https:\\\/\\\/bet-samuro.org\\\/pl\\\/#website\"},\"datePublished\":\"2026-01-20T12:08:23+00:00\",\"dateModified\":\"2026-03-25T13:24:53+00:00\",\"description\":\"Betsamuro Casino App \u2013 pobierz aplikacj\u0119 na iOS, Android i desktop, aby gra\u0107 w sloty, gry sto\u0142owe i kasyno na \u017cywo gdziekolwiek jeste\u015b. Ciesz si\u0119 p\u0142ynnym dzia\u0142aniem i pe\u0142nym dost\u0119pem do konta z Bet Samuro.\",\"breadcrumb\":{\"@id\":\"https:\\\/\\\/bet-samuro.org\\\/pl\\\/aplikacja\\\/#breadcrumb\"},\"inLanguage\":\"pl-PL\",\"potentialAction\":[{\"@type\":\"ReadAction\",\"target\":[\"https:\\\/\\\/bet-samuro.org\\\/pl\\\/aplikacja\\\/\"]}]},{\"@type\":\"BreadcrumbList\",\"@id\":\"https:\\\/\\\/bet-samuro.org\\\/pl\\\/aplikacja\\\/#breadcrumb\",\"itemListElement\":[{\"@type\":\"ListItem\",\"position\":1,\"name\":\"Betsamuro\",\"item\":\"https:\\\/\\\/bet-samuro.org\\\/pl\\\/\"},{\"@type\":\"ListItem\",\"position\":2,\"name\":\"Aplikacja\"}]},{\"@type\":\"WebSite\",\"@id\":\"https:\\\/\\\/bet-samuro.org\\\/pl\\\/#website\",\"url\":\"https:\\\/\\\/bet-samuro.org\\\/pl\\\/\",\"name\":\"Betsamuro\",\"description\":\"\",\"publisher\":{\"@id\":\"https:\\\/\\\/bet-samuro.org\\\/pl\\\/#organization\"},\"potentialAction\":[{\"@type\":\"SearchAction\",\"target\":{\"@type\":\"EntryPoint\",\"urlTemplate\":\"https:\\\/\\\/bet-samuro.org\\\/pl\\\/?s={search_term_string}\"},\"query-input\":{\"@type\":\"PropertyValueSpecification\",\"valueRequired\":true,\"valueName\":\"search_term_string\"}}],\"inLanguage\":\"pl-PL\"},{\"@type\":\"Organization\",\"@id\":\"https:\\\/\\\/bet-samuro.org\\\/pl\\\/#organization\",\"name\":\"Betsamuro\",\"url\":\"https:\\\/\\\/bet-samuro.org\\\/pl\\\/\",\"logo\":{\"@type\":\"ImageObject\",\"inLanguage\":\"pl-PL\",\"@id\":\"https:\\\/\\\/bet-samuro.org\\\/pl\\\/#\\\/schema\\\/logo\\\/image\\\/\",\"url\":\"https:\\\/\\\/bet-samuro.org\\\/wp-content\\\/uploads\\\/2026\\\/03\\\/betsamuro-logo.png\",\"contentUrl\":\"https:\\\/\\\/bet-samuro.org\\\/wp-content\\\/uploads\\\/2026\\\/03\\\/betsamuro-logo.png\",\"width\":150,\"height\":29,\"caption\":\"Betsamuro\"},\"image\":{\"@id\":\"https:\\\/\\\/bet-samuro.org\\\/pl\\\/#\\\/schema\\\/logo\\\/image\\\/\"}}]}<\/script>\n<!-- \/ Yoast SEO plugin. -->","yoast_head_json":{"title":"Betsamuro Casino App Pobierz | iOS, Android & Desktop","description":"Betsamuro Casino App \u2013 pobierz aplikacj\u0119 na iOS, Android i desktop, aby gra\u0107 w sloty, gry sto\u0142owe i kasyno na \u017cywo gdziekolwiek jeste\u015b. Ciesz si\u0119 p\u0142ynnym dzia\u0142aniem i pe\u0142nym dost\u0119pem do konta z Bet Samuro.","robots":{"index":"index","follow":"follow","max-snippet":"max-snippet:-1","max-image-preview":"max-image-preview:large","max-video-preview":"max-video-preview:-1"},"canonical":"https:\/\/bet-samuro.org\/pl\/aplikacja\/","og_locale":"pl_PL","og_type":"article","og_title":"Betsamuro Casino App Pobierz | iOS, Android & Desktop","og_description":"Betsamuro Casino App \u2013 pobierz aplikacj\u0119 na iOS, Android i desktop, aby gra\u0107 w sloty, gry sto\u0142owe i kasyno na \u017cywo gdziekolwiek jeste\u015b. Ciesz si\u0119 p\u0142ynnym dzia\u0142aniem i pe\u0142nym dost\u0119pem do konta z Bet Samuro.","og_url":"https:\/\/bet-samuro.org\/pl\/aplikacja\/","og_site_name":"betsamuro","article_modified_time":"2026-03-25T13:24:53+00:00","twitter_card":"summary_large_image","twitter_misc":{"Est. reading time":"2 minutes"},"schema":{"@context":"https:\/\/schema.org","@graph":[{"@type":"WebPage","@id":"https:\/\/bet-samuro.org\/pl\/aplikacja\/","url":"https:\/\/bet-samuro.org\/pl\/aplikacja\/","name":"Betsamuro Casino App Pobierz | iOS, Android & Desktop","isPartOf":{"@id":"https:\/\/bet-samuro.org\/pl\/#website"},"datePublished":"2026-01-20T12:08:23+00:00","dateModified":"2026-03-25T13:24:53+00:00","description":"Betsamuro Casino App \u2013 pobierz aplikacj\u0119 na iOS, Android i desktop, aby gra\u0107 w sloty, gry sto\u0142owe i kasyno na \u017cywo gdziekolwiek jeste\u015b. Ciesz si\u0119 p\u0142ynnym dzia\u0142aniem i pe\u0142nym dost\u0119pem do konta z Bet Samuro.","breadcrumb":{"@id":"https:\/\/bet-samuro.org\/pl\/aplikacja\/#breadcrumb"},"inLanguage":"pl-PL","potentialAction":[{"@type":"ReadAction","target":["https:\/\/bet-samuro.org\/pl\/aplikacja\/"]}]},{"@type":"BreadcrumbList","@id":"https:\/\/bet-samuro.org\/pl\/aplikacja\/#breadcrumb","itemListElement":[{"@type":"ListItem","position":1,"name":"Betsamuro","item":"https:\/\/bet-samuro.org\/pl\/"},{"@type":"ListItem","position":2,"name":"Aplikacja"}]},{"@type":"WebSite","@id":"https:\/\/bet-samuro.org\/pl\/#website","url":"https:\/\/bet-samuro.org\/pl\/","name":"Betsamuro","description":"","publisher":{"@id":"https:\/\/bet-samuro.org\/pl\/#organization"},"potentialAction":[{"@type":"SearchAction","target":{"@type":"EntryPoint","urlTemplate":"https:\/\/bet-samuro.org\/pl\/?s={search_term_string}"},"query-input":{"@type":"PropertyValueSpecification","valueRequired":true,"valueName":"search_term_string"}}],"inLanguage":"pl-PL"},{"@type":"Organization","@id":"https:\/\/bet-samuro.org\/pl\/#organization","name":"Betsamuro","url":"https:\/\/bet-samuro.org\/pl\/","logo":{"@type":"ImageObject","inLanguage":"pl-PL","@id":"https:\/\/bet-samuro.org\/pl\/#\/schema\/logo\/image\/","url":"https:\/\/bet-samuro.org\/wp-content\/uploads\/2026\/03\/betsamuro-logo.png","contentUrl":"https:\/\/bet-samuro.org\/wp-content\/uploads\/2026\/03\/betsamuro-logo.png","width":150,"height":29,"caption":"Betsamuro"},"image":{"@id":"https:\/\/bet-samuro.org\/pl\/#\/schema\/logo\/image\/"}}]}},"_links":{"self":[{"href":"https:\/\/bet-samuro.org\/pl\/wp-json\/wp\/v2\/pages\/1447","targetHints":{"allow":["GET"]}}],"collection":[{"href":"https:\/\/bet-samuro.org\/pl\/wp-json\/wp\/v2\/pages"}],"about":[{"href":"https:\/\/bet-samuro.org\/pl\/wp-json\/wp\/v2\/types\/page"}],"author":[{"embeddable":true,"href":"https:\/\/bet-samuro.org\/pl\/wp-json\/wp\/v2\/users\/1"}],"replies":[{"embeddable":true,"href":"https:\/\/bet-samuro.org\/pl\/wp-json\/wp\/v2\/comments?post=1447"}],"version-history":[{"count":3,"href":"https:\/\/bet-samuro.org\/pl\/wp-json\/wp\/v2\/pages\/1447\/revisions"}],"predecessor-version":[{"id":2072,"href":"https:\/\/bet-samuro.org\/pl\/wp-json\/wp\/v2\/pages\/1447\/revisions\/2072"}],"wp:attachment":[{"href":"https:\/\/bet-samuro.org\/pl\/wp-json\/wp\/v2\/media?parent=1447"}],"curies":[{"name":"wp","href":"https:\/\/api.w.org\/{rel}","templated":true}]}}