{"id":1486,"date":"2026-01-20T12:11:11","date_gmt":"2026-01-20T12:11:11","guid":{"rendered":"https:\/\/bonuskongcasino.com\/login-and-registration\/"},"modified":"2026-03-25T13:26:12","modified_gmt":"2026-03-25T13:26:12","slug":"logowanie-i-rejestracja","status":"publish","type":"page","link":"https:\/\/bet-samuro.org\/pl\/logowanie-i-rejestracja\/","title":{"rendered":"Logowanie i rejestracja"},"content":{"rendered":"<h1>Logowanie do Betsamuro<\/h1>\n<p>Wszystkim polskim u\u017cytkownikom, kt\u00f3rzy osi\u0105gn\u0119li pe\u0142noletno\u015b\u0107 (18 lat lub wi\u0119cej), oferujemy mo\u017cliwo\u015b\u0107 przej\u015bcia przez prost\u0105 procedur\u0119 Betsamuro login. W kilku krokach uzyskasz dost\u0119p do wszystkich dost\u0119pnych gier, p\u0142atno\u015bci i, oczywi\u015bcie, wygranych. Pakiet powitalny zostanie automatycznie przyznany po utworzeniu konta i dokonaniu pierwszej wp\u0142aty.<\/p>\n<p><div class=\"banner-wrap\" aria-label=\"Banner\"><img src=\"https:\/\/bet-samuro.org\/wp-content\/uploads\/2026\/03\/banner-desktop.webp\" class=\"w-100 d-none d-lg-block img-pc main-banner-img\" alt=\"betsamuro bonus desktop\" fetchpriority=\"high\" decoding=\"async\"><img src=\"https:\/\/bet-samuro.org\/wp-content\/uploads\/2026\/03\/banner-mobile.webp\" class=\"w-100 d-none d-md-block d-lg-none main-banner-img\" alt=\"betsamuro bonus mobile\" fetchpriority=\"high\" decoding=\"async\"><img src=\"https:\/\/bet-samuro.org\/wp-content\/uploads\/2026\/03\/banner-mobile.webp\" class=\"w-100 d-md-none\" alt=\"betsamuro bonus mobile\" fetchpriority=\"high\" decoding=\"async\"><div class=\"banner-description\">\n<div class=\"banner-title\">Bonusy powitalne<\/div>\n<p class=\"banner-header-title\">1500 \u20ac<\/p>\n<div class=\"banner-header-AdditionalText\">+ 250 Darmowe spiny<\/div>\n<button data-item=\"homepage_banner_link\" class=\"goto m-button m-gradient-border m-button--primary m-button--large banner-button btn-orange\">\n            <div class=\"m-button-content\">\n                <span>Zarejestruj si\u0119 teraz<\/span>\n                <span><\/span>\n            <\/div>\n        <\/button>\n<\/div>\n<div class=\"WelcomePack\">\n<p><img loading=\"lazy\" decoding=\"async\" class=\"alignnone size-full wp-image-1841\" src=\"https:\/\/bet-samuro.org\/wp-content\/uploads\/2026\/03\/welcome-crown.png\" alt=\"crown\" width=\"25\" height=\"26\" \/><\/p>\n<div class=\"WelcomePack-Info\">Cotygodniowy zwrot got\u00f3wki do 25%<\/div>\n<p><img loading=\"lazy\" decoding=\"async\" class=\"alignnone size-full wp-image-1841\" src=\"https:\/\/bet-samuro.org\/wp-content\/uploads\/2026\/03\/welcome-crown.png\" alt=\"crown\" width=\"25\" height=\"26\" \/><\/p>\n<\/div>\n<\/div><div class=\"scrollable-content-wrap my-5\"><div class=\"scrollable-content-inner\"><h2>Procedura rejestracji w Betsamuro<\/h2>\n<p>Rejestracja w kasynie Bet Samuro jest prosta i zajmuje zaledwie kilka minut. Ka\u017cdy gracz mo\u017ce posiada\u0107 na naszej platformie tylko jedno konto. Je\u015bli wci\u0105\u017c zastanawiasz si\u0119, czy warto udost\u0119pni\u0107 nam swoje dane osobowe, chcemy Ci\u0119 zapewni\u0107, \u017ce wszystko b\u0119dzie ca\u0142kowicie bezpieczne. Na naszej platformie stosujemy szyfrowanie TLS 1.3, a wszystkie Twoje dzia\u0142ania zwi\u0105zane z logowaniem do Betsamuro s\u0105 monitorowane w celu zapobiegania oszustwom.<\/p>\n<p>Je\u015bli jeste\u015b gotowy, aby gra\u0107 na prawdziwe pieni\u0105dze i skorzysta\u0107 z naszych bonus\u00f3w oraz wydarze\u0144, wykonaj poni\u017csze kroki rejestracji:<\/p>\n<ol>\n<li>U\u017cytkownicy musz\u0105 przej\u015b\u0107 do formularza rejestracyjnego, klikaj\u0105c przycisk w prawym g\u00f3rnym rogu strony g\u0142\u00f3wnej.<\/li>\n<li>Nale\u017cy wype\u0142ni\u0107 formularz, podaj\u0105c prawid\u0142owy adres e-mail i silne has\u0142o.<\/li>\n<li>Ka\u017cdy nowy gracz musi zaznaczy\u0107 pola, aby potwierdzi\u0107 wiek i zaakceptowa\u0107 regulamin Betsamuro.<\/li>\n<li>Po dok\u0142adnym sprawdzeniu wszystkich danych nale\u017cy klikn\u0105\u0107 przycisk na ko\u0144cu formularza, aby zako\u0144czy\u0107 rejestracj\u0119.<\/li>\n<\/ol>\n<h2>Procedura logowania do Betsamuro<\/h2>\n<p>Dla tych, kt\u00f3rzy maj\u0105 ju\u017c konto, b\u0119dzie to jeszcze \u0142atwiejsze, poniewa\u017c wystarczy przej\u015b\u0107 przez procedur\u0119 logowania do Betsamuro. W tym miejscu nale\u017cy wprowadzi\u0107 dane osobowe u\u017cyte podczas rejestracji. Je\u015bli napotkasz jakiekolwiek problemy z dost\u0119pem do swojego profilu, zalecamy skontaktowanie si\u0119 z naszym wieloj\u0119zycznym zespo\u0142em pomocy technicznej za po\u015brednictwem czatu na \u017cywo lub poczty elektronicznej.<\/p>\n<p>Je\u015bli gracze zapomn\u0105 has\u0142a, mog\u0105 skorzysta\u0107 ze specjalnej funkcji resetowania. Wystarczy klikn\u0105\u0107 link \u201eNie pami\u0119tasz has\u0142a?\u201d w formularzu logowania do serwisu Betsamuro, a my prze\u015blemy instrukcje poczt\u0105 elektroniczn\u0105.<\/p>\n<h3>Autoryzacja w aplikacji mobilnej Bet Samuro<\/h3>\n<p>Nie ograniczamy Ci\u0119 co do wyboru urz\u0105dzenia, z kt\u00f3rego korzystasz, aby uzyska\u0107 dost\u0119p do swojego konta i gra\u0107 w ulubione gry. Je\u015bli wolisz smartfon lub tablet, mamy dla Ciebie dwa rozwi\u0105zania: wersj\u0119 mobiln\u0105 przegl\u0105darki lub dedykowan\u0105 aplikacj\u0119. Niezale\u017cnie od tego, kt\u00f3re z nich wybierzesz, musisz klikn\u0105\u0107 przycisk \u201eZaloguj si\u0119\u201d i wprowadzi\u0107 dane logowania do kasyna Betsamuro. Zalet\u0105 urz\u0105dzenia mobilnego jest to, \u017ce mo\u017cesz korzysta\u0107 z funkcji biometrycznych (Face ID, Touch ID) w celu uzyskania dost\u0119pu do swojego konta, co jest bezpieczne i szybsze.<\/p>\n<p><img loading=\"lazy\" decoding=\"async\" class=\"alignnone size-full wp-image-1953\" src=\"https:\/\/bet-samuro.org\/wp-content\/uploads\/2026\/03\/Betsamuro-Login-Page.webp\" alt=\"Betsamuro Login Page\" width=\"1248\" height=\"536\" srcset=\"https:\/\/bet-samuro.org\/wp-content\/uploads\/2026\/03\/Betsamuro-Login-Page.webp 1248w, https:\/\/bet-samuro.org\/wp-content\/uploads\/2026\/03\/Betsamuro-Login-Page-300x129.webp 300w, https:\/\/bet-samuro.org\/wp-content\/uploads\/2026\/03\/Betsamuro-Login-Page-1024x440.webp 1024w, https:\/\/bet-samuro.org\/wp-content\/uploads\/2026\/03\/Betsamuro-Login-Page-768x330.webp 768w\" sizes=\"auto, (max-width: 1248px) 100vw, 1248px\" \/><\/p>\n<h2>Zarz\u0105dzanie sesj\u0105<\/h2>\n<p>Tworz\u0105c konto w Betsamuro Casino, zyskujesz r\u00f3wnie\u017c dost\u0119p do wielu przydatnych funkcji w swoim profilu osobistym. Na przyk\u0142ad w dowolnym momencie mo\u017cesz zmieni\u0107 dowolne dane osobowe lub finansowe. Ponadto mo\u017cesz sprawdzi\u0107 histori\u0119 logowa\u0144 i zako\u0144czy\u0107 sesje na urz\u0105dzeniach, kt\u00f3rych ju\u017c nie u\u017cywasz.<\/p>\n<p>Zdarzaj\u0105 si\u0119 r\u00f3wnie\u017c sytuacje, w kt\u00f3rych mo\u017cemy zablokowa\u0107 lub zawiesi\u0107 Twoje konto. Nie martw si\u0119 jednak, zawsze istnieje rozwi\u0105zanie. W poni\u017cszej tabeli znajdziesz dodatkowe informacje na temat tego, co zrobi\u0107 w trudnych sytuacjach w Bet Samuro.<\/p>\n<table>\n<tbody>\n<tr>\n<td>Przyczyna<\/td>\n<td>Co si\u0119 dzieje<\/td>\n<td>Co nale\u017cy zrobi\u0107<\/td>\n<\/tr>\n<tr>\n<td>Wiele nieudanych pr\u00f3b logowania<\/td>\n<td>Tymczasowe zablokowanie konta lub konieczno\u015b\u0107 wprowadzenia kodu CAPTCHA<\/td>\n<td>Odczekaj kilka minut lub w razie potrzeby zresetuj has\u0142o<\/td>\n<\/tr>\n<tr>\n<td>Nietypowa lokalizacja<\/td>\n<td>Sesja zostanie wstrzymana lub oznaczona do weryfikacji<\/td>\n<td>Musisz zweryfikowa\u0107 swoj\u0105 to\u017csamo\u015b\u0107 lub unika\u0107 korzystania z VPN<\/td>\n<\/tr>\n<tr>\n<td>D\u0142uga bezczynno\u015b\u0107<\/td>\n<td>Automatyczne wylogowanie z konta<\/td>\n<td>Wystarczy zalogowa\u0107 si\u0119 ponownie, aby wznowi\u0107 gr\u0119<\/td>\n<\/tr>\n<tr>\n<td>Jednoczesne logowania<\/td>\n<td>Jedna sesja zostanie zako\u0144czona<\/td>\n<td>Korzystaj z jednego urz\u0105dzenia na raz<\/td>\n<\/tr>\n<tr>\n<td>Podejrzana aktywno\u015b\u0107 (np. szybkie zak\u0142ady, nietypowe zachowanie)<\/td>\n<td>Konto zostanie tymczasowo zablokowane<\/td>\n<td>U\u017cytkownicy musz\u0105 skontaktowa\u0107 si\u0119 z obs\u0142ug\u0105 klienta, je\u015bli uwa\u017caj\u0105, \u017ce to b\u0142\u0105d<\/td>\n<\/tr>\n<tr>\n<td>Zmiana has\u0142a<\/td>\n<td>Wszystkie aktywne sesje zostan\u0105 wylogowane<\/td>\n<td>Zaloguj si\u0119 ponownie przy u\u017cyciu nowego has\u0142a<\/td>\n<\/tr>\n<\/tbody>\n<\/table>\n<h2>Cz\u0119sto zadawane pytania<\/h2>\n<h3>Czy uwierzytelnianie dwusk\u0142adnikowe jest dost\u0119pne na wszystkich urz\u0105dzeniach?<\/h3>\n<p>U\u017cytkownicy mog\u0105 w\u0142\u0105czy\u0107 uwierzytelnianie dwusk\u0142adnikowe, kt\u00f3re b\u0119dzie dzia\u0142a\u0107 na wszystkich urz\u0105dzeniach. Przy ka\u017cdym logowaniu konieczne b\u0119dzie potwierdzenie to\u017csamo\u015bci za pomoc\u0105 specjalnej aplikacji. Stanowi to dodatkow\u0105 warstw\u0119 ochrony dla Twojego profilu w kasynie Betsamuro.<\/p>\n<h3>Jak mog\u0119 zamkn\u0105\u0107 lub tymczasowo zawiesi\u0107 moje konto w Bet Samuro?<\/h3>\n<p>Je\u015bli chcesz zrobi\u0107 sobie przerw\u0119 od gry, skontaktuj si\u0119 z naszym zespo\u0142em obs\u0142ugi klienta. Nasi mened\u017cerowie pomog\u0105 Ci zamkn\u0105\u0107 lub tymczasowo zawiesi\u0107 konto. Wyja\u015bni\u0105 r\u00f3wnie\u017c, jak ponownie zacz\u0105\u0107 korzysta\u0107 z platformy.<\/p>\n<h3>Czy weryfikacja to\u017csamo\u015bci jest obowi\u0105zkowa przy ka\u017cdej wyp\u0142acie?<\/h3>\n<p>Wszyscy klienci Betsamuro musz\u0105 przej\u015b\u0107 proces weryfikacji przed pierwsz\u0105 wyp\u0142at\u0105 na platformie. Procedura obejmuje przes\u0142anie dokument\u00f3w do systemu. Po zweryfikowaniu konta nie ma ju\u017c \u017cadnych dodatkowych op\u00f3\u017anie\u0144.<\/p>\n<\/div><\/div><\/p>\n","protected":false},"excerpt":{"rendered":"<p>Logowanie do Betsamuro Wszystkim polskim u\u017cytkownikom, kt\u00f3rzy osi\u0105gn\u0119li pe\u0142noletno\u015b\u0107 (18 lat lub wi\u0119cej), oferujemy mo\u017cliwo\u015b\u0107 przej\u015bcia przez prost\u0105 procedur\u0119 Betsamuro login. W kilku krokach uzyskasz dost\u0119p do wszystkich dost\u0119pnych gier, p\u0142atno\u015bci i, oczywi\u015bcie, wygranych. Pakiet powitalny zostanie automatycznie przyznany po utworzeniu konta i dokonaniu pierwszej wp\u0142aty.<\/p>\n","protected":false},"author":1,"featured_media":0,"parent":0,"menu_order":0,"comment_status":"closed","ping_status":"closed","template":"template-builder.php","meta":{"_acf_changed":false,"inline_featured_image":false,"footnotes":""},"class_list":["post-1486","page","type-page","status-publish","hentry"],"acf":[],"yoast_head":"<!-- This site is optimized with the Yoast SEO plugin v27.3 - https:\/\/yoast.com\/product\/yoast-seo-wordpress\/ -->\n<title>Betsamuro Casino Login &amp; Rejestracja | Bezpieczny Dost\u0119p<\/title>\n<meta name=\"description\" content=\"Betsamuro Casino Login \u2013 zaloguj si\u0119 bezpiecznie lub utw\u00f3rz konto w kilka sekund z szyfrowanym dost\u0119pem i szybk\u0105 weryfikacj\u0105. Zarz\u0105dzaj odzyskiwaniem has\u0142a, ustawieniami profilu i narz\u0119dziami konta \u0142atwo w Bet Samuro.\" \/>\n<meta name=\"robots\" content=\"index, follow, max-snippet:-1, max-image-preview:large, max-video-preview:-1\" \/>\n<link rel=\"canonical\" href=\"https:\/\/bet-samuro.org\/pl\/logowanie-i-rejestracja\/\" \/>\n<meta property=\"og:locale\" content=\"pl_PL\" \/>\n<meta property=\"og:type\" content=\"article\" \/>\n<meta property=\"og:title\" content=\"Betsamuro Casino Login &amp; Rejestracja | Bezpieczny Dost\u0119p\" \/>\n<meta property=\"og:description\" content=\"Betsamuro Casino Login \u2013 zaloguj si\u0119 bezpiecznie lub utw\u00f3rz konto w kilka sekund z szyfrowanym dost\u0119pem i szybk\u0105 weryfikacj\u0105. Zarz\u0105dzaj odzyskiwaniem has\u0142a, ustawieniami profilu i narz\u0119dziami konta \u0142atwo w Bet Samuro.\" \/>\n<meta property=\"og:url\" content=\"https:\/\/bet-samuro.org\/pl\/logowanie-i-rejestracja\/\" \/>\n<meta property=\"og:site_name\" content=\"betsamuro\" \/>\n<meta property=\"article:modified_time\" content=\"2026-03-25T13:26:12+00:00\" \/>\n<meta name=\"twitter:card\" content=\"summary_large_image\" \/>\n<meta name=\"twitter:label1\" content=\"Est. reading time\" \/>\n\t<meta name=\"twitter:data1\" content=\"1 minute\" \/>\n<script type=\"application\/ld+json\" class=\"yoast-schema-graph\">{\"@context\":\"https:\\\/\\\/schema.org\",\"@graph\":[{\"@type\":\"WebPage\",\"@id\":\"https:\\\/\\\/bet-samuro.org\\\/pl\\\/logowanie-i-rejestracja\\\/\",\"url\":\"https:\\\/\\\/bet-samuro.org\\\/pl\\\/logowanie-i-rejestracja\\\/\",\"name\":\"Betsamuro Casino Login & Rejestracja | Bezpieczny Dost\u0119p\",\"isPartOf\":{\"@id\":\"https:\\\/\\\/bet-samuro.org\\\/pl\\\/#website\"},\"datePublished\":\"2026-01-20T12:11:11+00:00\",\"dateModified\":\"2026-03-25T13:26:12+00:00\",\"description\":\"Betsamuro Casino Login \u2013 zaloguj si\u0119 bezpiecznie lub utw\u00f3rz konto w kilka sekund z szyfrowanym dost\u0119pem i szybk\u0105 weryfikacj\u0105. Zarz\u0105dzaj odzyskiwaniem has\u0142a, ustawieniami profilu i narz\u0119dziami konta \u0142atwo w Bet Samuro.\",\"breadcrumb\":{\"@id\":\"https:\\\/\\\/bet-samuro.org\\\/pl\\\/logowanie-i-rejestracja\\\/#breadcrumb\"},\"inLanguage\":\"pl-PL\",\"potentialAction\":[{\"@type\":\"ReadAction\",\"target\":[\"https:\\\/\\\/bet-samuro.org\\\/pl\\\/logowanie-i-rejestracja\\\/\"]}]},{\"@type\":\"BreadcrumbList\",\"@id\":\"https:\\\/\\\/bet-samuro.org\\\/pl\\\/logowanie-i-rejestracja\\\/#breadcrumb\",\"itemListElement\":[{\"@type\":\"ListItem\",\"position\":1,\"name\":\"Betsamuro\",\"item\":\"https:\\\/\\\/bet-samuro.org\\\/pl\\\/\"},{\"@type\":\"ListItem\",\"position\":2,\"name\":\"Logowanie i rejestracja\"}]},{\"@type\":\"WebSite\",\"@id\":\"https:\\\/\\\/bet-samuro.org\\\/pl\\\/#website\",\"url\":\"https:\\\/\\\/bet-samuro.org\\\/pl\\\/\",\"name\":\"Betsamuro\",\"description\":\"\",\"publisher\":{\"@id\":\"https:\\\/\\\/bet-samuro.org\\\/pl\\\/#organization\"},\"potentialAction\":[{\"@type\":\"SearchAction\",\"target\":{\"@type\":\"EntryPoint\",\"urlTemplate\":\"https:\\\/\\\/bet-samuro.org\\\/pl\\\/?s={search_term_string}\"},\"query-input\":{\"@type\":\"PropertyValueSpecification\",\"valueRequired\":true,\"valueName\":\"search_term_string\"}}],\"inLanguage\":\"pl-PL\"},{\"@type\":\"Organization\",\"@id\":\"https:\\\/\\\/bet-samuro.org\\\/pl\\\/#organization\",\"name\":\"Betsamuro\",\"url\":\"https:\\\/\\\/bet-samuro.org\\\/pl\\\/\",\"logo\":{\"@type\":\"ImageObject\",\"inLanguage\":\"pl-PL\",\"@id\":\"https:\\\/\\\/bet-samuro.org\\\/pl\\\/#\\\/schema\\\/logo\\\/image\\\/\",\"url\":\"https:\\\/\\\/bet-samuro.org\\\/wp-content\\\/uploads\\\/2026\\\/03\\\/betsamuro-logo.png\",\"contentUrl\":\"https:\\\/\\\/bet-samuro.org\\\/wp-content\\\/uploads\\\/2026\\\/03\\\/betsamuro-logo.png\",\"width\":150,\"height\":29,\"caption\":\"Betsamuro\"},\"image\":{\"@id\":\"https:\\\/\\\/bet-samuro.org\\\/pl\\\/#\\\/schema\\\/logo\\\/image\\\/\"}}]}<\/script>\n<!-- \/ Yoast SEO plugin. -->","yoast_head_json":{"title":"Betsamuro Casino Login & Rejestracja | Bezpieczny Dost\u0119p","description":"Betsamuro Casino Login \u2013 zaloguj si\u0119 bezpiecznie lub utw\u00f3rz konto w kilka sekund z szyfrowanym dost\u0119pem i szybk\u0105 weryfikacj\u0105. Zarz\u0105dzaj odzyskiwaniem has\u0142a, ustawieniami profilu i narz\u0119dziami konta \u0142atwo w Bet Samuro.","robots":{"index":"index","follow":"follow","max-snippet":"max-snippet:-1","max-image-preview":"max-image-preview:large","max-video-preview":"max-video-preview:-1"},"canonical":"https:\/\/bet-samuro.org\/pl\/logowanie-i-rejestracja\/","og_locale":"pl_PL","og_type":"article","og_title":"Betsamuro Casino Login & Rejestracja | Bezpieczny Dost\u0119p","og_description":"Betsamuro Casino Login \u2013 zaloguj si\u0119 bezpiecznie lub utw\u00f3rz konto w kilka sekund z szyfrowanym dost\u0119pem i szybk\u0105 weryfikacj\u0105. Zarz\u0105dzaj odzyskiwaniem has\u0142a, ustawieniami profilu i narz\u0119dziami konta \u0142atwo w Bet Samuro.","og_url":"https:\/\/bet-samuro.org\/pl\/logowanie-i-rejestracja\/","og_site_name":"betsamuro","article_modified_time":"2026-03-25T13:26:12+00:00","twitter_card":"summary_large_image","twitter_misc":{"Est. reading time":"1 minute"},"schema":{"@context":"https:\/\/schema.org","@graph":[{"@type":"WebPage","@id":"https:\/\/bet-samuro.org\/pl\/logowanie-i-rejestracja\/","url":"https:\/\/bet-samuro.org\/pl\/logowanie-i-rejestracja\/","name":"Betsamuro Casino Login & Rejestracja | Bezpieczny Dost\u0119p","isPartOf":{"@id":"https:\/\/bet-samuro.org\/pl\/#website"},"datePublished":"2026-01-20T12:11:11+00:00","dateModified":"2026-03-25T13:26:12+00:00","description":"Betsamuro Casino Login \u2013 zaloguj si\u0119 bezpiecznie lub utw\u00f3rz konto w kilka sekund z szyfrowanym dost\u0119pem i szybk\u0105 weryfikacj\u0105. Zarz\u0105dzaj odzyskiwaniem has\u0142a, ustawieniami profilu i narz\u0119dziami konta \u0142atwo w Bet Samuro.","breadcrumb":{"@id":"https:\/\/bet-samuro.org\/pl\/logowanie-i-rejestracja\/#breadcrumb"},"inLanguage":"pl-PL","potentialAction":[{"@type":"ReadAction","target":["https:\/\/bet-samuro.org\/pl\/logowanie-i-rejestracja\/"]}]},{"@type":"BreadcrumbList","@id":"https:\/\/bet-samuro.org\/pl\/logowanie-i-rejestracja\/#breadcrumb","itemListElement":[{"@type":"ListItem","position":1,"name":"Betsamuro","item":"https:\/\/bet-samuro.org\/pl\/"},{"@type":"ListItem","position":2,"name":"Logowanie i rejestracja"}]},{"@type":"WebSite","@id":"https:\/\/bet-samuro.org\/pl\/#website","url":"https:\/\/bet-samuro.org\/pl\/","name":"Betsamuro","description":"","publisher":{"@id":"https:\/\/bet-samuro.org\/pl\/#organization"},"potentialAction":[{"@type":"SearchAction","target":{"@type":"EntryPoint","urlTemplate":"https:\/\/bet-samuro.org\/pl\/?s={search_term_string}"},"query-input":{"@type":"PropertyValueSpecification","valueRequired":true,"valueName":"search_term_string"}}],"inLanguage":"pl-PL"},{"@type":"Organization","@id":"https:\/\/bet-samuro.org\/pl\/#organization","name":"Betsamuro","url":"https:\/\/bet-samuro.org\/pl\/","logo":{"@type":"ImageObject","inLanguage":"pl-PL","@id":"https:\/\/bet-samuro.org\/pl\/#\/schema\/logo\/image\/","url":"https:\/\/bet-samuro.org\/wp-content\/uploads\/2026\/03\/betsamuro-logo.png","contentUrl":"https:\/\/bet-samuro.org\/wp-content\/uploads\/2026\/03\/betsamuro-logo.png","width":150,"height":29,"caption":"Betsamuro"},"image":{"@id":"https:\/\/bet-samuro.org\/pl\/#\/schema\/logo\/image\/"}}]}},"_links":{"self":[{"href":"https:\/\/bet-samuro.org\/pl\/wp-json\/wp\/v2\/pages\/1486","targetHints":{"allow":["GET"]}}],"collection":[{"href":"https:\/\/bet-samuro.org\/pl\/wp-json\/wp\/v2\/pages"}],"about":[{"href":"https:\/\/bet-samuro.org\/pl\/wp-json\/wp\/v2\/types\/page"}],"author":[{"embeddable":true,"href":"https:\/\/bet-samuro.org\/pl\/wp-json\/wp\/v2\/users\/1"}],"replies":[{"embeddable":true,"href":"https:\/\/bet-samuro.org\/pl\/wp-json\/wp\/v2\/comments?post=1486"}],"version-history":[{"count":3,"href":"https:\/\/bet-samuro.org\/pl\/wp-json\/wp\/v2\/pages\/1486\/revisions"}],"predecessor-version":[{"id":2074,"href":"https:\/\/bet-samuro.org\/pl\/wp-json\/wp\/v2\/pages\/1486\/revisions\/2074"}],"wp:attachment":[{"href":"https:\/\/bet-samuro.org\/pl\/wp-json\/wp\/v2\/media?parent=1486"}],"curies":[{"name":"wp","href":"https:\/\/api.w.org\/{rel}","templated":true}]}}